{"id":101,"date":"2023-11-24T21:28:59","date_gmt":"2023-11-25T00:28:59","guid":{"rendered":"https:\/\/fundacionmateo25.com.ar\/?page_id=101"},"modified":"2023-11-24T21:32:59","modified_gmt":"2023-11-25T00:32:59","slug":"emprendimiento-de-apicultura-3","status":"publish","type":"page","link":"https:\/\/fundacionmateo25.com.ar\/?page_id=101","title":{"rendered":"EL CENTRO DE JUBILADOS ENCUENTRO Y SALUD"},"content":{"rendered":"\n<div class=\"wp-block-columns is-layout-flex wp-container-core-columns-is-layout-1 wp-block-columns-is-layout-flex\">\n<div class=\"wp-block-column is-layout-flow wp-block-column-is-layout-flow\">\n<figure class=\"wp-block-image size-large\"><img loading=\"lazy\" decoding=\"async\" width=\"1024\" height=\"766\" src=\"http:\/\/fundacionmateo25.com.ar\/wp-content\/uploads\/2023\/09\/WhatsApp-Image-2023-09-09-at-10.52.46-1024x766.jpeg\" alt=\"\" class=\"wp-image-75\" srcset=\"https:\/\/fundacionmateo25.com.ar\/wp-content\/uploads\/2023\/09\/WhatsApp-Image-2023-09-09-at-10.52.46-1024x766.jpeg 1024w, https:\/\/fundacionmateo25.com.ar\/wp-content\/uploads\/2023\/09\/WhatsApp-Image-2023-09-09-at-10.52.46-300x224.jpeg 300w, https:\/\/fundacionmateo25.com.ar\/wp-content\/uploads\/2023\/09\/WhatsApp-Image-2023-09-09-at-10.52.46-768x575.jpeg 768w, https:\/\/fundacionmateo25.com.ar\/wp-content\/uploads\/2023\/09\/WhatsApp-Image-2023-09-09-at-10.52.46-640x479.jpeg 640w, https:\/\/fundacionmateo25.com.ar\/wp-content\/uploads\/2023\/09\/WhatsApp-Image-2023-09-09-at-10.52.46.jpeg 1160w\" sizes=\"(max-width: 1024px) 100vw, 1024px\" \/><\/figure>\n<\/div>\n\n\n\n<div class=\"wp-block-column is-layout-flow wp-block-column-is-layout-flow\">\n<figure class=\"wp-block-image size-large\"><img loading=\"lazy\" decoding=\"async\" width=\"1024\" height=\"768\" src=\"http:\/\/fundacionmateo25.com.ar\/wp-content\/uploads\/2023\/09\/WhatsApp-Image-2023-09-09-at-10.51.44-1024x768.jpeg\" alt=\"\" class=\"wp-image-70\" srcset=\"https:\/\/fundacionmateo25.com.ar\/wp-content\/uploads\/2023\/09\/WhatsApp-Image-2023-09-09-at-10.51.44-1024x768.jpeg 1024w, https:\/\/fundacionmateo25.com.ar\/wp-content\/uploads\/2023\/09\/WhatsApp-Image-2023-09-09-at-10.51.44-300x225.jpeg 300w, https:\/\/fundacionmateo25.com.ar\/wp-content\/uploads\/2023\/09\/WhatsApp-Image-2023-09-09-at-10.51.44-768x576.jpeg 768w, https:\/\/fundacionmateo25.com.ar\/wp-content\/uploads\/2023\/09\/WhatsApp-Image-2023-09-09-at-10.51.44-640x480.jpeg 640w, https:\/\/fundacionmateo25.com.ar\/wp-content\/uploads\/2023\/09\/WhatsApp-Image-2023-09-09-at-10.51.44.jpeg 1280w\" sizes=\"(max-width: 1024px) 100vw, 1024px\" \/><\/figure>\n<\/div>\n\n\n\n<div class=\"wp-block-column is-layout-flow wp-block-column-is-layout-flow\">\n<figure class=\"wp-block-image size-large is-resized\"><img loading=\"lazy\" decoding=\"async\" width=\"1024\" height=\"768\" src=\"http:\/\/fundacionmateo25.com.ar\/wp-content\/uploads\/2023\/09\/WhatsApp-Image-2023-09-09-at-10.52.04-1024x768.jpeg\" alt=\"\" class=\"wp-image-74\" style=\"width:273px;height:auto\" srcset=\"https:\/\/fundacionmateo25.com.ar\/wp-content\/uploads\/2023\/09\/WhatsApp-Image-2023-09-09-at-10.52.04-1024x768.jpeg 1024w, https:\/\/fundacionmateo25.com.ar\/wp-content\/uploads\/2023\/09\/WhatsApp-Image-2023-09-09-at-10.52.04-300x225.jpeg 300w, https:\/\/fundacionmateo25.com.ar\/wp-content\/uploads\/2023\/09\/WhatsApp-Image-2023-09-09-at-10.52.04-768x576.jpeg 768w, https:\/\/fundacionmateo25.com.ar\/wp-content\/uploads\/2023\/09\/WhatsApp-Image-2023-09-09-at-10.52.04-640x480.jpeg 640w, https:\/\/fundacionmateo25.com.ar\/wp-content\/uploads\/2023\/09\/WhatsApp-Image-2023-09-09-at-10.52.04.jpeg 1280w\" sizes=\"(max-width: 1024px) 100vw, 1024px\" \/><\/figure>\n<\/div>\n<\/div>\n\n\n\n<p>CABA<\/p>\n\n\n\n<p>El Centro de Jubilados Encuentro y Salud se inaugur\u00f3 el 16 de junio del 2023, con motivo de reunir a todos los jubilados, de los hospitales Garrahan, Udaondo, Mu\u00f1iz y otros cercanos al domicilio Entre R\u00edos 1965. <\/p>\n\n\n\n<p>Con Autorizaci\u00f3n de CABA registro 3808, comenzamos a realizar actividades donde concurre gente de la tercera edad del Barrio tambi\u00e9n con una cuota m\u00ednima. Realizan paseos gratuitos de Pami, Anses, van al Teatro, recorrido de museos, lugares varios que hacen a disfrute de la tercera edad.<\/p>\n\n\n\n<p>Agradecemos la colaboraci\u00f3n del Padre Luis por su aporte a esta noble Instituci\u00f3n.<\/p>\n\n\n\n<p>Comisi\u00f3n Directiva<\/p>\n\n\n\n<figure class=\"wp-block-gallery has-nested-images columns-default is-cropped wp-block-gallery-1 is-layout-flex wp-block-gallery-is-layout-flex\">\n<figure class=\"wp-block-image size-large\"><img loading=\"lazy\" decoding=\"async\" width=\"1024\" height=\"766\" data-id=\"75\" src=\"https:\/\/fundacionmateo25.com.ar\/wp-content\/uploads\/2023\/09\/WhatsApp-Image-2023-09-09-at-10.52.46-1024x766.jpeg\" alt=\"\" class=\"wp-image-75\" srcset=\"https:\/\/fundacionmateo25.com.ar\/wp-content\/uploads\/2023\/09\/WhatsApp-Image-2023-09-09-at-10.52.46-1024x766.jpeg 1024w, https:\/\/fundacionmateo25.com.ar\/wp-content\/uploads\/2023\/09\/WhatsApp-Image-2023-09-09-at-10.52.46-300x224.jpeg 300w, https:\/\/fundacionmateo25.com.ar\/wp-content\/uploads\/2023\/09\/WhatsApp-Image-2023-09-09-at-10.52.46-768x575.jpeg 768w, https:\/\/fundacionmateo25.com.ar\/wp-content\/uploads\/2023\/09\/WhatsApp-Image-2023-09-09-at-10.52.46-640x479.jpeg 640w, https:\/\/fundacionmateo25.com.ar\/wp-content\/uploads\/2023\/09\/WhatsApp-Image-2023-09-09-at-10.52.46.jpeg 1160w\" sizes=\"(max-width: 1024px) 100vw, 1024px\" \/><\/figure>\n\n\n\n<figure class=\"wp-block-image size-large\"><img loading=\"lazy\" decoding=\"async\" width=\"1024\" height=\"768\" data-id=\"74\" src=\"https:\/\/fundacionmateo25.com.ar\/wp-content\/uploads\/2023\/09\/WhatsApp-Image-2023-09-09-at-10.52.04-1024x768.jpeg\" alt=\"\" class=\"wp-image-74\" srcset=\"https:\/\/fundacionmateo25.com.ar\/wp-content\/uploads\/2023\/09\/WhatsApp-Image-2023-09-09-at-10.52.04-1024x768.jpeg 1024w, https:\/\/fundacionmateo25.com.ar\/wp-content\/uploads\/2023\/09\/WhatsApp-Image-2023-09-09-at-10.52.04-300x225.jpeg 300w, https:\/\/fundacionmateo25.com.ar\/wp-content\/uploads\/2023\/09\/WhatsApp-Image-2023-09-09-at-10.52.04-768x576.jpeg 768w, https:\/\/fundacionmateo25.com.ar\/wp-content\/uploads\/2023\/09\/WhatsApp-Image-2023-09-09-at-10.52.04-640x480.jpeg 640w, https:\/\/fundacionmateo25.com.ar\/wp-content\/uploads\/2023\/09\/WhatsApp-Image-2023-09-09-at-10.52.04.jpeg 1280w\" sizes=\"(max-width: 1024px) 100vw, 1024px\" \/><\/figure>\n\n\n\n<figure class=\"wp-block-image size-large\"><img loading=\"lazy\" decoding=\"async\" width=\"766\" height=\"1024\" data-id=\"73\" src=\"https:\/\/fundacionmateo25.com.ar\/wp-content\/uploads\/2023\/09\/WhatsApp-Image-2023-09-09-at-10.52.47-1-766x1024.jpeg\" alt=\"\" class=\"wp-image-73\" srcset=\"https:\/\/fundacionmateo25.com.ar\/wp-content\/uploads\/2023\/09\/WhatsApp-Image-2023-09-09-at-10.52.47-1-766x1024.jpeg 766w, https:\/\/fundacionmateo25.com.ar\/wp-content\/uploads\/2023\/09\/WhatsApp-Image-2023-09-09-at-10.52.47-1-224x300.jpeg 224w, https:\/\/fundacionmateo25.com.ar\/wp-content\/uploads\/2023\/09\/WhatsApp-Image-2023-09-09-at-10.52.47-1-768x1026.jpeg 768w, https:\/\/fundacionmateo25.com.ar\/wp-content\/uploads\/2023\/09\/WhatsApp-Image-2023-09-09-at-10.52.47-1-479x640.jpeg 479w, https:\/\/fundacionmateo25.com.ar\/wp-content\/uploads\/2023\/09\/WhatsApp-Image-2023-09-09-at-10.52.47-1.jpeg 868w\" sizes=\"(max-width: 766px) 100vw, 766px\" \/><\/figure>\n\n\n\n<figure class=\"wp-block-image size-large\"><img loading=\"lazy\" decoding=\"async\" width=\"766\" height=\"1024\" data-id=\"72\" src=\"https:\/\/fundacionmateo25.com.ar\/wp-content\/uploads\/2023\/09\/WhatsApp-Image-2023-09-09-at-10.52.47-766x1024.jpeg\" alt=\"\" class=\"wp-image-72\" srcset=\"https:\/\/fundacionmateo25.com.ar\/wp-content\/uploads\/2023\/09\/WhatsApp-Image-2023-09-09-at-10.52.47-766x1024.jpeg 766w, https:\/\/fundacionmateo25.com.ar\/wp-content\/uploads\/2023\/09\/WhatsApp-Image-2023-09-09-at-10.52.47-224x300.jpeg 224w, https:\/\/fundacionmateo25.com.ar\/wp-content\/uploads\/2023\/09\/WhatsApp-Image-2023-09-09-at-10.52.47-768x1026.jpeg 768w, https:\/\/fundacionmateo25.com.ar\/wp-content\/uploads\/2023\/09\/WhatsApp-Image-2023-09-09-at-10.52.47-479x640.jpeg 479w, https:\/\/fundacionmateo25.com.ar\/wp-content\/uploads\/2023\/09\/WhatsApp-Image-2023-09-09-at-10.52.47.jpeg 868w\" sizes=\"(max-width: 766px) 100vw, 766px\" \/><\/figure>\n\n\n\n<figure class=\"wp-block-image size-large\"><img loading=\"lazy\" decoding=\"async\" width=\"1024\" height=\"576\" data-id=\"71\" src=\"https:\/\/fundacionmateo25.com.ar\/wp-content\/uploads\/2023\/09\/WhatsApp-Image-2023-09-09-at-10.52.49-1024x576.jpeg\" alt=\"\" class=\"wp-image-71\" srcset=\"https:\/\/fundacionmateo25.com.ar\/wp-content\/uploads\/2023\/09\/WhatsApp-Image-2023-09-09-at-10.52.49-1024x576.jpeg 1024w, https:\/\/fundacionmateo25.com.ar\/wp-content\/uploads\/2023\/09\/WhatsApp-Image-2023-09-09-at-10.52.49-300x169.jpeg 300w, https:\/\/fundacionmateo25.com.ar\/wp-content\/uploads\/2023\/09\/WhatsApp-Image-2023-09-09-at-10.52.49-768x432.jpeg 768w, https:\/\/fundacionmateo25.com.ar\/wp-content\/uploads\/2023\/09\/WhatsApp-Image-2023-09-09-at-10.52.49-1536x864.jpeg 1536w, https:\/\/fundacionmateo25.com.ar\/wp-content\/uploads\/2023\/09\/WhatsApp-Image-2023-09-09-at-10.52.49-640x360.jpeg 640w, https:\/\/fundacionmateo25.com.ar\/wp-content\/uploads\/2023\/09\/WhatsApp-Image-2023-09-09-at-10.52.49.jpeg 1600w\" sizes=\"(max-width: 1024px) 100vw, 1024px\" \/><\/figure>\n\n\n\n<figure class=\"wp-block-image size-large\"><img loading=\"lazy\" decoding=\"async\" width=\"766\" height=\"1024\" data-id=\"76\" src=\"https:\/\/fundacionmateo25.com.ar\/wp-content\/uploads\/2023\/09\/WhatsApp-Image-2023-09-09-at-10.52.48-766x1024.jpeg\" alt=\"\" class=\"wp-image-76\" srcset=\"https:\/\/fundacionmateo25.com.ar\/wp-content\/uploads\/2023\/09\/WhatsApp-Image-2023-09-09-at-10.52.48-766x1024.jpeg 766w, https:\/\/fundacionmateo25.com.ar\/wp-content\/uploads\/2023\/09\/WhatsApp-Image-2023-09-09-at-10.52.48-224x300.jpeg 224w, https:\/\/fundacionmateo25.com.ar\/wp-content\/uploads\/2023\/09\/WhatsApp-Image-2023-09-09-at-10.52.48-768x1026.jpeg 768w, https:\/\/fundacionmateo25.com.ar\/wp-content\/uploads\/2023\/09\/WhatsApp-Image-2023-09-09-at-10.52.48-479x640.jpeg 479w, https:\/\/fundacionmateo25.com.ar\/wp-content\/uploads\/2023\/09\/WhatsApp-Image-2023-09-09-at-10.52.48.jpeg 868w\" sizes=\"(max-width: 766px) 100vw, 766px\" \/><\/figure>\n\n\n\n<figure class=\"wp-block-image size-large\"><img loading=\"lazy\" decoding=\"async\" width=\"1024\" height=\"576\" data-id=\"68\" src=\"https:\/\/fundacionmateo25.com.ar\/wp-content\/uploads\/2023\/09\/WhatsApp-Image-2023-09-09-at-10.52.48-1-1024x576.jpeg\" alt=\"\" class=\"wp-image-68\" srcset=\"https:\/\/fundacionmateo25.com.ar\/wp-content\/uploads\/2023\/09\/WhatsApp-Image-2023-09-09-at-10.52.48-1-1024x576.jpeg 1024w, https:\/\/fundacionmateo25.com.ar\/wp-content\/uploads\/2023\/09\/WhatsApp-Image-2023-09-09-at-10.52.48-1-300x169.jpeg 300w, https:\/\/fundacionmateo25.com.ar\/wp-content\/uploads\/2023\/09\/WhatsApp-Image-2023-09-09-at-10.52.48-1-768x432.jpeg 768w, https:\/\/fundacionmateo25.com.ar\/wp-content\/uploads\/2023\/09\/WhatsApp-Image-2023-09-09-at-10.52.48-1-640x360.jpeg 640w, https:\/\/fundacionmateo25.com.ar\/wp-content\/uploads\/2023\/09\/WhatsApp-Image-2023-09-09-at-10.52.48-1.jpeg 1280w\" sizes=\"(max-width: 1024px) 100vw, 1024px\" \/><\/figure>\n\n\n\n<figure class=\"wp-block-image size-large\"><img loading=\"lazy\" decoding=\"async\" width=\"766\" height=\"1024\" data-id=\"69\" src=\"https:\/\/fundacionmateo25.com.ar\/wp-content\/uploads\/2023\/09\/WhatsApp-Image-2023-09-09-at-10.52.47-2-766x1024.jpeg\" alt=\"\" class=\"wp-image-69\" srcset=\"https:\/\/fundacionmateo25.com.ar\/wp-content\/uploads\/2023\/09\/WhatsApp-Image-2023-09-09-at-10.52.47-2-766x1024.jpeg 766w, https:\/\/fundacionmateo25.com.ar\/wp-content\/uploads\/2023\/09\/WhatsApp-Image-2023-09-09-at-10.52.47-2-224x300.jpeg 224w, https:\/\/fundacionmateo25.com.ar\/wp-content\/uploads\/2023\/09\/WhatsApp-Image-2023-09-09-at-10.52.47-2-768x1026.jpeg 768w, https:\/\/fundacionmateo25.com.ar\/wp-content\/uploads\/2023\/09\/WhatsApp-Image-2023-09-09-at-10.52.47-2-479x640.jpeg 479w, https:\/\/fundacionmateo25.com.ar\/wp-content\/uploads\/2023\/09\/WhatsApp-Image-2023-09-09-at-10.52.47-2.jpeg 868w\" sizes=\"(max-width: 766px) 100vw, 766px\" \/><\/figure>\n\n\n\n<figure class=\"wp-block-image size-large\"><img loading=\"lazy\" decoding=\"async\" width=\"1024\" height=\"768\" data-id=\"70\" src=\"https:\/\/fundacionmateo25.com.ar\/wp-content\/uploads\/2023\/09\/WhatsApp-Image-2023-09-09-at-10.51.44-1024x768.jpeg\" alt=\"\" class=\"wp-image-70\" srcset=\"https:\/\/fundacionmateo25.com.ar\/wp-content\/uploads\/2023\/09\/WhatsApp-Image-2023-09-09-at-10.51.44-1024x768.jpeg 1024w, https:\/\/fundacionmateo25.com.ar\/wp-content\/uploads\/2023\/09\/WhatsApp-Image-2023-09-09-at-10.51.44-300x225.jpeg 300w, https:\/\/fundacionmateo25.com.ar\/wp-content\/uploads\/2023\/09\/WhatsApp-Image-2023-09-09-at-10.51.44-768x576.jpeg 768w, https:\/\/fundacionmateo25.com.ar\/wp-content\/uploads\/2023\/09\/WhatsApp-Image-2023-09-09-at-10.51.44-640x480.jpeg 640w, https:\/\/fundacionmateo25.com.ar\/wp-content\/uploads\/2023\/09\/WhatsApp-Image-2023-09-09-at-10.51.44.jpeg 1280w\" sizes=\"(max-width: 1024px) 100vw, 1024px\" \/><\/figure>\n\n\n\n<figure class=\"wp-block-image size-large\"><img loading=\"lazy\" decoding=\"async\" width=\"960\" height=\"720\" data-id=\"102\" src=\"https:\/\/fundacionmateo25.com.ar\/wp-content\/uploads\/2023\/11\/WhatsApp-Image-2023-09-09-at-10.52.48-1-edited.jpeg\" alt=\"\" class=\"wp-image-102\" srcset=\"https:\/\/fundacionmateo25.com.ar\/wp-content\/uploads\/2023\/11\/WhatsApp-Image-2023-09-09-at-10.52.48-1-edited.jpeg 960w, https:\/\/fundacionmateo25.com.ar\/wp-content\/uploads\/2023\/11\/WhatsApp-Image-2023-09-09-at-10.52.48-1-edited-300x225.jpeg 300w, https:\/\/fundacionmateo25.com.ar\/wp-content\/uploads\/2023\/11\/WhatsApp-Image-2023-09-09-at-10.52.48-1-edited-768x576.jpeg 768w, https:\/\/fundacionmateo25.com.ar\/wp-content\/uploads\/2023\/11\/WhatsApp-Image-2023-09-09-at-10.52.48-1-edited-640x480.jpeg 640w\" sizes=\"(max-width: 960px) 100vw, 960px\" \/><\/figure>\n<\/figure>\n","protected":false},"excerpt":{"rendered":"<p>CABA El Centro de Jubilados Encuentro y Salud se inaugur\u00f3 el 16 de junio del 2023, con motivo de reunir a todos los jubilados, de los hospitales Garrahan, Udaondo, Mu\u00f1iz y otros cercanos al domicilio Entre R\u00edos 1965&#8230;. <a class=\"read-more\" href=\"https:\/\/fundacionmateo25.com.ar\/?page_id=101\">Leer m&aacute;s<\/a><\/p>\n","protected":false},"author":1,"featured_media":104,"parent":0,"menu_order":0,"comment_status":"closed","ping_status":"closed","template":"","meta":{"om_disable_all_campaigns":false,"_monsterinsights_skip_tracking":false,"_monsterinsights_sitenote_active":false,"_monsterinsights_sitenote_note":"","_monsterinsights_sitenote_category":0,"footnotes":""},"class_list":["post-101","page","type-page","status-publish","has-post-thumbnail","hentry","no-comments"],"aioseo_notices":[],"_links":{"self":[{"href":"https:\/\/fundacionmateo25.com.ar\/index.php?rest_route=\/wp\/v2\/pages\/101"}],"collection":[{"href":"https:\/\/fundacionmateo25.com.ar\/index.php?rest_route=\/wp\/v2\/pages"}],"about":[{"href":"https:\/\/fundacionmateo25.com.ar\/index.php?rest_route=\/wp\/v2\/types\/page"}],"author":[{"embeddable":true,"href":"https:\/\/fundacionmateo25.com.ar\/index.php?rest_route=\/wp\/v2\/users\/1"}],"replies":[{"embeddable":true,"href":"https:\/\/fundacionmateo25.com.ar\/index.php?rest_route=%2Fwp%2Fv2%2Fcomments&post=101"}],"version-history":[{"count":2,"href":"https:\/\/fundacionmateo25.com.ar\/index.php?rest_route=\/wp\/v2\/pages\/101\/revisions"}],"predecessor-version":[{"id":105,"href":"https:\/\/fundacionmateo25.com.ar\/index.php?rest_route=\/wp\/v2\/pages\/101\/revisions\/105"}],"wp:featuredmedia":[{"embeddable":true,"href":"https:\/\/fundacionmateo25.com.ar\/index.php?rest_route=\/wp\/v2\/media\/104"}],"wp:attachment":[{"href":"https:\/\/fundacionmateo25.com.ar\/index.php?rest_route=%2Fwp%2Fv2%2Fmedia&parent=101"}],"curies":[{"name":"wp","href":"https:\/\/api.w.org\/{rel}","templated":true}]}}