{"id":15,"date":"2023-09-08T23:06:51","date_gmt":"2023-09-09T02:06:51","guid":{"rendered":"https:\/\/fundacionmateo25.com.ar\/?page_id=15"},"modified":"2023-09-18T22:30:36","modified_gmt":"2023-09-19T01:30:36","slug":"inicio","status":"publish","type":"page","link":"https:\/\/fundacionmateo25.com.ar\/","title":{"rendered":"Inicio"},"content":{"rendered":"\n<p>\u00a1Bienvenido a tu sitio! Esta es tu p\u00e1gina de inicio, que es la que la mayor\u00eda de visitantes ver\u00e1n cuando vengan a tu sitio por primera vez.<\/p>\n","protected":false},"excerpt":{"rendered":"<p>\u00a1Bienvenido a tu sitio! Esta es tu p\u00e1gina de inicio, que es la que la mayor\u00eda de visitantes ver\u00e1n cuando vengan a tu sitio por primera vez.<\/p>\n","protected":false},"author":1,"featured_media":0,"parent":0,"menu_order":0,"comment_status":"closed","ping_status":"closed","template":"template-home.php","meta":{"om_disable_all_campaigns":false,"_monsterinsights_skip_tracking":false,"_monsterinsights_sitenote_active":false,"_monsterinsights_sitenote_note":"","_monsterinsights_sitenote_category":0,"footnotes":""},"class_list":["post-15","page","type-page","status-publish","hentry","no-comments"],"aioseo_notices":[],"_links":{"self":[{"href":"https:\/\/fundacionmateo25.com.ar\/index.php?rest_route=\/wp\/v2\/pages\/15"}],"collection":[{"href":"https:\/\/fundacionmateo25.com.ar\/index.php?rest_route=\/wp\/v2\/pages"}],"about":[{"href":"https:\/\/fundacionmateo25.com.ar\/index.php?rest_route=\/wp\/v2\/types\/page"}],"author":[{"embeddable":true,"href":"https:\/\/fundacionmateo25.com.ar\/index.php?rest_route=\/wp\/v2\/users\/1"}],"replies":[{"embeddable":true,"href":"https:\/\/fundacionmateo25.com.ar\/index.php?rest_route=%2Fwp%2Fv2%2Fcomments&post=15"}],"version-history":[{"count":2,"href":"https:\/\/fundacionmateo25.com.ar\/index.php?rest_route=\/wp\/v2\/pages\/15\/revisions"}],"predecessor-version":[{"id":389,"href":"https:\/\/fundacionmateo25.com.ar\/index.php?rest_route=\/wp\/v2\/pages\/15\/revisions\/389"}],"wp:attachment":[{"href":"https:\/\/fundacionmateo25.com.ar\/index.php?rest_route=%2Fwp%2Fv2%2Fmedia&parent=15"}],"curies":[{"name":"wp","href":"https:\/\/api.w.org\/{rel}","templated":true}]}}