{"id":17,"date":"2023-09-08T23:06:51","date_gmt":"2023-09-09T02:06:51","guid":{"rendered":"https:\/\/fundacionmateo25.com.ar\/?page_id=17"},"modified":"2024-03-04T17:39:03","modified_gmt":"2024-03-04T20:39:03","slug":"services","status":"publish","type":"page","link":"https:\/\/fundacionmateo25.com.ar\/?page_id=17","title":{"rendered":"Luis Alberto Consoni"},"content":{"rendered":"<p>El padre Luis Alberto Consoni naci\u00f3 en Buenos Aires el 11 de abril de 1956, en el seno de una familia muy ligada a la iglesia cat\u00f3lica. Fue educado por los franciscanos capuchinos. Es Licenciado en Ciencias Pol\u00edticas, con especializaci\u00f3n en relaciones internacionales, por la Universidad Cat\u00f3lica Argentina. En 1981 ingresa al seminario, y cursa los estudios de filosof\u00eda y teolog\u00eda. El 19 de diciembre de 1986 es ordenado sacerdote, para la di\u00f3cesis de Quilmes. Fue nombrado cuasip\u00e1rraco de la cuasiparroquia San Pablo, como as\u00ed tambi\u00e9n secretario de prensa y publicaciones del Obispado de Quilmes, y redactor del bolet\u00edn oficial. Luego fue p\u00e1rroco de la parroquia San Mart\u00edn de Tours. Aqu\u00ed desarroll\u00f3 una intensa labor pastoral. Solo queremos destacar la construcci\u00f3n de una escuela, de planta baja y dos pisos. All\u00ed comenz\u00f3 a funcionar un CENS (Centro de Estudios Nivel Secundario). Se trata de brindar las posibilidades de que todos los adultos mayores, pudieran cursar los estudios secundarios, con salida laboral, con tres a\u00f1os de duraci\u00f3n. Fue un gran \u00e9xito. Las clases eran por la noche, y la concurrencia fue sorprendente. El padre Luis fue director de este CENS, y profesor de varias materias de la curr\u00edcula.<\/p>\n<p>M\u00e1s adelante, recibe el mandato de ser p\u00e1rroco de Santa Mar\u00eda de Hudson. Una parroquia de m\u00e1s de cien a\u00f1os, construida por el arquitecto Alejandro Bustillo. El templo fue restaurado en su totalidad. Una tarea muy costosa, que dur\u00f3 m\u00e1s de dos a\u00f1os.<\/p>\n<p>A ra\u00edz de problemas de salud de sus padres, el padre Luis se traslada a la Capital Federal, para cuidarlos y acompa\u00f1arlos. Es ah\u00ed donde el entonces Cardenal Bergoglio, hoy Papa Francisco, le ofrece ser confesor de la Catedral Metropolitana de Buenos Aires, propuesta que acepta, y a partir de lo cual, orienta toda su actividad sacerdotal a la escucha, acompa\u00f1amiento y contenci\u00f3n de cientos de personas. Permaneci\u00f3 en este cargo por m\u00e1s de cuatro a\u00f1os.<\/p>\n<p>M\u00e1s adelante, viaja a Espa\u00f1a, invitado por los jesuitas espa\u00f1oles, para una especializaci\u00f3n en antropolog\u00eda teol\u00f3gica, en la Facultad de Teolog\u00eda de Granada, con una duraci\u00f3n de cuatro meses.<\/p>\n<p>Ha dictado infinidad de cursos b\u00edblicos, seminarios, y predicado retiros espirituales, en Argentina y otros pa\u00edses de Latinoam\u00e9rica.<\/p>\n<p>Actualmente, el padre Luis es confesor en la parroquia de Nuestra Se\u00f1ora de Balvanera, Santuario San Expedito y, a partir de marzo, retomar\u00e1 como confesor de la Catedral Metropolitana de Buenos Aires.<\/p>\n\n\n<figure class=\"wp-block-gallery has-nested-images columns-default is-cropped wp-block-gallery-1 is-layout-flex wp-block-gallery-is-layout-flex\">\n<figure class=\"wp-block-image size-large\"><img loading=\"lazy\" decoding=\"async\" width=\"589\" height=\"733\" data-id=\"237\" src=\"https:\/\/fundacionmateo25.com.ar\/wp-content\/uploads\/2024\/03\/1.png\" alt=\"\" class=\"wp-image-237\" srcset=\"https:\/\/fundacionmateo25.com.ar\/wp-content\/uploads\/2024\/03\/1.png 589w, https:\/\/fundacionmateo25.com.ar\/wp-content\/uploads\/2024\/03\/1-241x300.png 241w, https:\/\/fundacionmateo25.com.ar\/wp-content\/uploads\/2024\/03\/1-514x640.png 514w\" sizes=\"(max-width: 589px) 100vw, 589px\" \/><\/figure>\n\n\n\n<figure class=\"wp-block-image size-large\"><img loading=\"lazy\" decoding=\"async\" width=\"363\" height=\"514\" data-id=\"238\" src=\"https:\/\/fundacionmateo25.com.ar\/wp-content\/uploads\/2024\/03\/2.png\" alt=\"\" class=\"wp-image-238\" srcset=\"https:\/\/fundacionmateo25.com.ar\/wp-content\/uploads\/2024\/03\/2.png 363w, https:\/\/fundacionmateo25.com.ar\/wp-content\/uploads\/2024\/03\/2-212x300.png 212w\" sizes=\"(max-width: 363px) 100vw, 363px\" \/><\/figure>\n\n\n\n<figure class=\"wp-block-image size-large\"><img loading=\"lazy\" decoding=\"async\" width=\"514\" height=\"367\" data-id=\"239\" src=\"https:\/\/fundacionmateo25.com.ar\/wp-content\/uploads\/2024\/03\/3.png\" alt=\"\" class=\"wp-image-239\" srcset=\"https:\/\/fundacionmateo25.com.ar\/wp-content\/uploads\/2024\/03\/3.png 514w, https:\/\/fundacionmateo25.com.ar\/wp-content\/uploads\/2024\/03\/3-300x214.png 300w\" sizes=\"(max-width: 514px) 100vw, 514px\" \/><\/figure>\n\n\n\n<figure class=\"wp-block-image size-large\"><img loading=\"lazy\" decoding=\"async\" width=\"512\" height=\"305\" data-id=\"240\" src=\"https:\/\/fundacionmateo25.com.ar\/wp-content\/uploads\/2024\/03\/4.png\" alt=\"\" class=\"wp-image-240\" srcset=\"https:\/\/fundacionmateo25.com.ar\/wp-content\/uploads\/2024\/03\/4.png 512w, https:\/\/fundacionmateo25.com.ar\/wp-content\/uploads\/2024\/03\/4-300x179.png 300w\" sizes=\"(max-width: 512px) 100vw, 512px\" \/><\/figure>\n\n\n\n<figure class=\"wp-block-image size-large\"><img loading=\"lazy\" decoding=\"async\" width=\"363\" height=\"517\" data-id=\"241\" src=\"https:\/\/fundacionmateo25.com.ar\/wp-content\/uploads\/2024\/03\/5.png\" alt=\"\" class=\"wp-image-241\" srcset=\"https:\/\/fundacionmateo25.com.ar\/wp-content\/uploads\/2024\/03\/5.png 363w, https:\/\/fundacionmateo25.com.ar\/wp-content\/uploads\/2024\/03\/5-211x300.png 211w\" sizes=\"(max-width: 363px) 100vw, 363px\" \/><\/figure>\n\n\n\n<figure class=\"wp-block-image size-large\"><img loading=\"lazy\" decoding=\"async\" width=\"517\" height=\"355\" data-id=\"243\" src=\"https:\/\/fundacionmateo25.com.ar\/wp-content\/uploads\/2024\/03\/6.png\" alt=\"\" class=\"wp-image-243\" srcset=\"https:\/\/fundacionmateo25.com.ar\/wp-content\/uploads\/2024\/03\/6.png 517w, https:\/\/fundacionmateo25.com.ar\/wp-content\/uploads\/2024\/03\/6-300x206.png 300w\" sizes=\"(max-width: 517px) 100vw, 517px\" \/><\/figure>\n\n\n\n<figure class=\"wp-block-image size-large\"><img loading=\"lazy\" decoding=\"async\" width=\"507\" height=\"341\" data-id=\"242\" src=\"https:\/\/fundacionmateo25.com.ar\/wp-content\/uploads\/2024\/03\/7.png\" alt=\"\" class=\"wp-image-242\" srcset=\"https:\/\/fundacionmateo25.com.ar\/wp-content\/uploads\/2024\/03\/7.png 507w, https:\/\/fundacionmateo25.com.ar\/wp-content\/uploads\/2024\/03\/7-300x202.png 300w\" sizes=\"(max-width: 507px) 100vw, 507px\" \/><\/figure>\n\n\n\n<figure class=\"wp-block-image size-large\"><img loading=\"lazy\" decoding=\"async\" width=\"337\" height=\"496\" data-id=\"244\" src=\"https:\/\/fundacionmateo25.com.ar\/wp-content\/uploads\/2024\/03\/8.png\" alt=\"\" class=\"wp-image-244\" srcset=\"https:\/\/fundacionmateo25.com.ar\/wp-content\/uploads\/2024\/03\/8.png 337w, https:\/\/fundacionmateo25.com.ar\/wp-content\/uploads\/2024\/03\/8-204x300.png 204w\" sizes=\"(max-width: 337px) 100vw, 337px\" \/><\/figure>\n\n\n\n<figure class=\"wp-block-image size-large\"><img loading=\"lazy\" decoding=\"async\" width=\"437\" height=\"290\" data-id=\"246\" src=\"https:\/\/fundacionmateo25.com.ar\/wp-content\/uploads\/2024\/03\/9.png\" alt=\"\" class=\"wp-image-246\" srcset=\"https:\/\/fundacionmateo25.com.ar\/wp-content\/uploads\/2024\/03\/9.png 437w, https:\/\/fundacionmateo25.com.ar\/wp-content\/uploads\/2024\/03\/9-300x199.png 300w\" sizes=\"(max-width: 437px) 100vw, 437px\" \/><\/figure>\n\n\n\n<figure class=\"wp-block-image size-large\"><img loading=\"lazy\" decoding=\"async\" width=\"368\" height=\"522\" data-id=\"248\" src=\"https:\/\/fundacionmateo25.com.ar\/wp-content\/uploads\/2024\/03\/10.png\" alt=\"\" class=\"wp-image-248\" srcset=\"https:\/\/fundacionmateo25.com.ar\/wp-content\/uploads\/2024\/03\/10.png 368w, https:\/\/fundacionmateo25.com.ar\/wp-content\/uploads\/2024\/03\/10-211x300.png 211w\" sizes=\"(max-width: 368px) 100vw, 368px\" \/><\/figure>\n\n\n\n<figure class=\"wp-block-image size-large\"><img loading=\"lazy\" decoding=\"async\" width=\"363\" height=\"485\" data-id=\"247\" src=\"https:\/\/fundacionmateo25.com.ar\/wp-content\/uploads\/2024\/03\/11.png\" alt=\"\" class=\"wp-image-247\" srcset=\"https:\/\/fundacionmateo25.com.ar\/wp-content\/uploads\/2024\/03\/11.png 363w, https:\/\/fundacionmateo25.com.ar\/wp-content\/uploads\/2024\/03\/11-225x300.png 225w\" sizes=\"(max-width: 363px) 100vw, 363px\" \/><\/figure>\n\n\n\n<figure class=\"wp-block-image size-large\"><img loading=\"lazy\" decoding=\"async\" width=\"441\" height=\"295\" data-id=\"249\" src=\"https:\/\/fundacionmateo25.com.ar\/wp-content\/uploads\/2024\/03\/12.png\" alt=\"\" class=\"wp-image-249\" srcset=\"https:\/\/fundacionmateo25.com.ar\/wp-content\/uploads\/2024\/03\/12.png 441w, https:\/\/fundacionmateo25.com.ar\/wp-content\/uploads\/2024\/03\/12-300x201.png 300w\" sizes=\"(max-width: 441px) 100vw, 441px\" \/><\/figure>\n\n\n\n<figure class=\"wp-block-image size-large\"><img loading=\"lazy\" decoding=\"async\" width=\"510\" height=\"368\" data-id=\"250\" src=\"https:\/\/fundacionmateo25.com.ar\/wp-content\/uploads\/2024\/03\/13.png\" alt=\"\" class=\"wp-image-250\" srcset=\"https:\/\/fundacionmateo25.com.ar\/wp-content\/uploads\/2024\/03\/13.png 510w, https:\/\/fundacionmateo25.com.ar\/wp-content\/uploads\/2024\/03\/13-300x216.png 300w\" sizes=\"(max-width: 510px) 100vw, 510px\" \/><\/figure>\n\n\n\n<figure class=\"wp-block-image size-large\"><img loading=\"lazy\" decoding=\"async\" width=\"516\" height=\"367\" data-id=\"245\" src=\"https:\/\/fundacionmateo25.com.ar\/wp-content\/uploads\/2024\/03\/14.png\" alt=\"\" class=\"wp-image-245\" srcset=\"https:\/\/fundacionmateo25.com.ar\/wp-content\/uploads\/2024\/03\/14.png 516w, https:\/\/fundacionmateo25.com.ar\/wp-content\/uploads\/2024\/03\/14-300x213.png 300w\" sizes=\"(max-width: 516px) 100vw, 516px\" \/><\/figure>\n\n\n\n<figure class=\"wp-block-image size-large\"><img loading=\"lazy\" decoding=\"async\" width=\"516\" height=\"367\" data-id=\"252\" src=\"https:\/\/fundacionmateo25.com.ar\/wp-content\/uploads\/2024\/03\/15.png\" alt=\"\" class=\"wp-image-252\" srcset=\"https:\/\/fundacionmateo25.com.ar\/wp-content\/uploads\/2024\/03\/15.png 516w, https:\/\/fundacionmateo25.com.ar\/wp-content\/uploads\/2024\/03\/15-300x213.png 300w\" sizes=\"(max-width: 516px) 100vw, 516px\" \/><\/figure>\n\n\n\n<figure class=\"wp-block-image size-large\"><img loading=\"lazy\" decoding=\"async\" width=\"521\" height=\"375\" data-id=\"251\" src=\"https:\/\/fundacionmateo25.com.ar\/wp-content\/uploads\/2024\/03\/16.png\" alt=\"\" class=\"wp-image-251\" srcset=\"https:\/\/fundacionmateo25.com.ar\/wp-content\/uploads\/2024\/03\/16.png 521w, https:\/\/fundacionmateo25.com.ar\/wp-content\/uploads\/2024\/03\/16-300x216.png 300w\" sizes=\"(max-width: 521px) 100vw, 521px\" \/><\/figure>\n<\/figure>\n","protected":false},"excerpt":{"rendered":"<p>El padre Luis Alberto Consoni naci\u00f3 en Buenos Aires el 11 de abril de 1956, en el seno de una familia muy ligada a la iglesia cat\u00f3lica. Fue educado por los franciscanos capuchinos. Es Licenciado en Ciencias Pol\u00edticas,&#8230; <a class=\"read-more\" href=\"https:\/\/fundacionmateo25.com.ar\/?page_id=17\">Leer m&aacute;s<\/a><\/p>\n","protected":false},"author":1,"featured_media":235,"parent":0,"menu_order":0,"comment_status":"closed","ping_status":"closed","template":"","meta":{"om_disable_all_campaigns":false,"_monsterinsights_skip_tracking":false,"_monsterinsights_sitenote_active":false,"_monsterinsights_sitenote_note":"","_monsterinsights_sitenote_category":0,"footnotes":""},"class_list":["post-17","page","type-page","status-publish","has-post-thumbnail","hentry","no-comments"],"aioseo_notices":[],"_links":{"self":[{"href":"https:\/\/fundacionmateo25.com.ar\/index.php?rest_route=\/wp\/v2\/pages\/17"}],"collection":[{"href":"https:\/\/fundacionmateo25.com.ar\/index.php?rest_route=\/wp\/v2\/pages"}],"about":[{"href":"https:\/\/fundacionmateo25.com.ar\/index.php?rest_route=\/wp\/v2\/types\/page"}],"author":[{"embeddable":true,"href":"https:\/\/fundacionmateo25.com.ar\/index.php?rest_route=\/wp\/v2\/users\/1"}],"replies":[{"embeddable":true,"href":"https:\/\/fundacionmateo25.com.ar\/index.php?rest_route=%2Fwp%2Fv2%2Fcomments&post=17"}],"version-history":[{"count":4,"href":"https:\/\/fundacionmateo25.com.ar\/index.php?rest_route=\/wp\/v2\/pages\/17\/revisions"}],"predecessor-version":[{"id":255,"href":"https:\/\/fundacionmateo25.com.ar\/index.php?rest_route=\/wp\/v2\/pages\/17\/revisions\/255"}],"wp:featuredmedia":[{"embeddable":true,"href":"https:\/\/fundacionmateo25.com.ar\/index.php?rest_route=\/wp\/v2\/media\/235"}],"wp:attachment":[{"href":"https:\/\/fundacionmateo25.com.ar\/index.php?rest_route=%2Fwp%2Fv2%2Fmedia&parent=17"}],"curies":[{"name":"wp","href":"https:\/\/api.w.org\/{rel}","templated":true}]}}