{"id":179,"date":"2023-11-28T20:19:56","date_gmt":"2023-11-28T23:19:56","guid":{"rendered":"https:\/\/fundacionmateo25.com.ar\/?page_id=179"},"modified":"2026-03-15T22:04:45","modified_gmt":"2026-03-16T01:04:45","slug":"emprendimiento-de-apicultura-4","status":"publish","type":"page","link":"https:\/\/fundacionmateo25.com.ar\/?page_id=179","title":{"rendered":"Cinerario Parroquial Nuestra Se\u00f1ora de Balvanera"},"content":{"rendered":"\n<div class=\"wp-block-columns is-layout-flex wp-container-core-columns-is-layout-1 wp-block-columns-is-layout-flex\">\n<div class=\"wp-block-column is-layout-flow wp-block-column-is-layout-flow\">\n<figure class=\"wp-block-image size-large\"><img loading=\"lazy\" decoding=\"async\" width=\"1024\" height=\"1024\" src=\"https:\/\/fundacionmateo25.com.ar\/wp-content\/uploads\/2023\/11\/WhatsApp-Image-2023-11-25-at-13.08.28-1024x1024.jpeg\" alt=\"\" class=\"wp-image-180\" srcset=\"https:\/\/fundacionmateo25.com.ar\/wp-content\/uploads\/2023\/11\/WhatsApp-Image-2023-11-25-at-13.08.28-1024x1024.jpeg 1024w, https:\/\/fundacionmateo25.com.ar\/wp-content\/uploads\/2023\/11\/WhatsApp-Image-2023-11-25-at-13.08.28-300x300.jpeg 300w, https:\/\/fundacionmateo25.com.ar\/wp-content\/uploads\/2023\/11\/WhatsApp-Image-2023-11-25-at-13.08.28-150x150.jpeg 150w, https:\/\/fundacionmateo25.com.ar\/wp-content\/uploads\/2023\/11\/WhatsApp-Image-2023-11-25-at-13.08.28-768x768.jpeg 768w, https:\/\/fundacionmateo25.com.ar\/wp-content\/uploads\/2023\/11\/WhatsApp-Image-2023-11-25-at-13.08.28-1536x1536.jpeg 1536w, https:\/\/fundacionmateo25.com.ar\/wp-content\/uploads\/2023\/11\/WhatsApp-Image-2023-11-25-at-13.08.28-1200x1200.jpeg 1200w, https:\/\/fundacionmateo25.com.ar\/wp-content\/uploads\/2023\/11\/WhatsApp-Image-2023-11-25-at-13.08.28-640x640.jpeg 640w, https:\/\/fundacionmateo25.com.ar\/wp-content\/uploads\/2023\/11\/WhatsApp-Image-2023-11-25-at-13.08.28.jpeg 1600w\" sizes=\"(max-width: 1024px) 100vw, 1024px\" \/><\/figure>\n<\/div>\n\n\n\n<div class=\"wp-block-column is-layout-flow wp-block-column-is-layout-flow\">\n<figure class=\"wp-block-image size-large is-resized\"><img loading=\"lazy\" decoding=\"async\" width=\"1024\" height=\"768\" src=\"https:\/\/fundacionmateo25.com.ar\/wp-content\/uploads\/2023\/11\/WhatsApp-Image-2023-11-25-at-13.08.53-1024x768.jpeg\" alt=\"\" class=\"wp-image-181\" style=\"width:281px;height:auto\" srcset=\"https:\/\/fundacionmateo25.com.ar\/wp-content\/uploads\/2023\/11\/WhatsApp-Image-2023-11-25-at-13.08.53-1024x768.jpeg 1024w, https:\/\/fundacionmateo25.com.ar\/wp-content\/uploads\/2023\/11\/WhatsApp-Image-2023-11-25-at-13.08.53-300x225.jpeg 300w, https:\/\/fundacionmateo25.com.ar\/wp-content\/uploads\/2023\/11\/WhatsApp-Image-2023-11-25-at-13.08.53-768x576.jpeg 768w, https:\/\/fundacionmateo25.com.ar\/wp-content\/uploads\/2023\/11\/WhatsApp-Image-2023-11-25-at-13.08.53-1536x1152.jpeg 1536w, https:\/\/fundacionmateo25.com.ar\/wp-content\/uploads\/2023\/11\/WhatsApp-Image-2023-11-25-at-13.08.53-640x480.jpeg 640w, https:\/\/fundacionmateo25.com.ar\/wp-content\/uploads\/2023\/11\/WhatsApp-Image-2023-11-25-at-13.08.53.jpeg 1600w\" sizes=\"(max-width: 1024px) 100vw, 1024px\" \/><\/figure>\n<\/div>\n\n\n\n<div class=\"wp-block-column is-layout-flow wp-block-column-is-layout-flow\">\n<figure class=\"wp-block-image size-large is-resized\"><img loading=\"lazy\" decoding=\"async\" width=\"768\" height=\"1024\" src=\"https:\/\/fundacionmateo25.com.ar\/wp-content\/uploads\/2023\/11\/WhatsApp-Image-2023-11-25-at-13.09.29-768x1024.jpeg\" alt=\"\" class=\"wp-image-182\" style=\"width:208px;height:auto\" srcset=\"https:\/\/fundacionmateo25.com.ar\/wp-content\/uploads\/2023\/11\/WhatsApp-Image-2023-11-25-at-13.09.29-768x1024.jpeg 768w, https:\/\/fundacionmateo25.com.ar\/wp-content\/uploads\/2023\/11\/WhatsApp-Image-2023-11-25-at-13.09.29-225x300.jpeg 225w, https:\/\/fundacionmateo25.com.ar\/wp-content\/uploads\/2023\/11\/WhatsApp-Image-2023-11-25-at-13.09.29-1152x1536.jpeg 1152w, https:\/\/fundacionmateo25.com.ar\/wp-content\/uploads\/2023\/11\/WhatsApp-Image-2023-11-25-at-13.09.29-900x1200.jpeg 900w, https:\/\/fundacionmateo25.com.ar\/wp-content\/uploads\/2023\/11\/WhatsApp-Image-2023-11-25-at-13.09.29-480x640.jpeg 480w, https:\/\/fundacionmateo25.com.ar\/wp-content\/uploads\/2023\/11\/WhatsApp-Image-2023-11-25-at-13.09.29.jpeg 1200w\" sizes=\"(max-width: 768px) 100vw, 768px\" \/><\/figure>\n<\/div>\n<\/div>\n\n\n\n<p>Bartolom\u00e9 Mitre 2411 -CABA<\/p>\n\n\n\n<p>La Parroquia Nuestra Se\u00f1ora de Balvanera-Santuario de San Expedito de acuerdo con la tradici\u00f3n cristiana de tratar con respeto los cuerpo de los fieles difuntos, y atendiendo a las necesidades que plantea la vida urbana moderna, ofrece un lugar digno para depositar las cenizas de los difuntos de los miembros de la comunidad y sus familiares.<\/p>\n\n\n\n<p>Los cinerarios son lugares donde se depositan las cenizas de los muertos, en un recinto dignamente preparado en el atrio parroquial y a los pies de la Virgen de Balvanera.<\/p>\n\n\n\n<p>Nuestra parroquia contaba con un cinerario peque\u00f1o, que se llen\u00f3 hacia mediados del 2017. Fue necesario ampliar y hacer un nuevo, obra que requer\u00eda una estructura de hormig\u00f3n y nivelar el piso del atrio parroquial. Obra que pudimos llevar a adelante gracias a la generosa colaboraci\u00f3n de la fundaci\u00f3n Mateo 25. Dios bendiga la generosidad de todos ustedes.<\/p>\n","protected":false},"excerpt":{"rendered":"<p>Bartolom\u00e9 Mitre 2411 -CABA La Parroquia Nuestra Se\u00f1ora de Balvanera-Santuario de San Expedito de acuerdo con la tradici\u00f3n cristiana de tratar con respeto los cuerpo de los fieles difuntos, y atendiendo a las necesidades que plantea la vida&#8230; <a class=\"read-more\" href=\"https:\/\/fundacionmateo25.com.ar\/?page_id=179\">Leer m&aacute;s<\/a><\/p>\n","protected":false},"author":1,"featured_media":181,"parent":0,"menu_order":0,"comment_status":"closed","ping_status":"closed","template":"","meta":{"om_disable_all_campaigns":false,"_monsterinsights_skip_tracking":false,"_monsterinsights_sitenote_active":false,"_monsterinsights_sitenote_note":"","_monsterinsights_sitenote_category":0,"footnotes":""},"class_list":["post-179","page","type-page","status-publish","has-post-thumbnail","hentry","no-comments"],"aioseo_notices":[],"_links":{"self":[{"href":"https:\/\/fundacionmateo25.com.ar\/index.php?rest_route=\/wp\/v2\/pages\/179"}],"collection":[{"href":"https:\/\/fundacionmateo25.com.ar\/index.php?rest_route=\/wp\/v2\/pages"}],"about":[{"href":"https:\/\/fundacionmateo25.com.ar\/index.php?rest_route=\/wp\/v2\/types\/page"}],"author":[{"embeddable":true,"href":"https:\/\/fundacionmateo25.com.ar\/index.php?rest_route=\/wp\/v2\/users\/1"}],"replies":[{"embeddable":true,"href":"https:\/\/fundacionmateo25.com.ar\/index.php?rest_route=%2Fwp%2Fv2%2Fcomments&post=179"}],"version-history":[{"count":3,"href":"https:\/\/fundacionmateo25.com.ar\/index.php?rest_route=\/wp\/v2\/pages\/179\/revisions"}],"predecessor-version":[{"id":730,"href":"https:\/\/fundacionmateo25.com.ar\/index.php?rest_route=\/wp\/v2\/pages\/179\/revisions\/730"}],"wp:featuredmedia":[{"embeddable":true,"href":"https:\/\/fundacionmateo25.com.ar\/index.php?rest_route=\/wp\/v2\/media\/181"}],"wp:attachment":[{"href":"https:\/\/fundacionmateo25.com.ar\/index.php?rest_route=%2Fwp%2Fv2%2Fmedia&parent=179"}],"curies":[{"name":"wp","href":"https:\/\/api.w.org\/{rel}","templated":true}]}}