{"id":320,"date":"2024-03-27T23:57:00","date_gmt":"2024-03-28T02:57:00","guid":{"rendered":"https:\/\/fundacionmateo25.com.ar\/?page_id=320"},"modified":"2024-03-28T00:12:12","modified_gmt":"2024-03-28T03:12:12","slug":"emprendimiento-de-apicultura-5","status":"publish","type":"page","link":"https:\/\/fundacionmateo25.com.ar\/?page_id=320","title":{"rendered":"Luz del Alma"},"content":{"rendered":"\n<div class=\"wp-block-columns is-layout-flex wp-container-core-columns-is-layout-1 wp-block-columns-is-layout-flex\">\n<div class=\"wp-block-column is-layout-flow wp-block-column-is-layout-flow\">\n<figure class=\"wp-block-image size-full\"><img loading=\"lazy\" decoding=\"async\" width=\"960\" height=\"540\" src=\"http:\/\/fundacionmateo25.com.ar\/wp-content\/uploads\/2024\/03\/WhatsApp-Image-2024-03-25-at-18.56.28.jpeg\" alt=\"\" class=\"wp-image-321\" srcset=\"https:\/\/fundacionmateo25.com.ar\/wp-content\/uploads\/2024\/03\/WhatsApp-Image-2024-03-25-at-18.56.28.jpeg 960w, https:\/\/fundacionmateo25.com.ar\/wp-content\/uploads\/2024\/03\/WhatsApp-Image-2024-03-25-at-18.56.28-300x169.jpeg 300w, https:\/\/fundacionmateo25.com.ar\/wp-content\/uploads\/2024\/03\/WhatsApp-Image-2024-03-25-at-18.56.28-768x432.jpeg 768w, https:\/\/fundacionmateo25.com.ar\/wp-content\/uploads\/2024\/03\/WhatsApp-Image-2024-03-25-at-18.56.28-640x360.jpeg 640w\" sizes=\"(max-width: 960px) 100vw, 960px\" \/><\/figure>\n<\/div>\n<\/div>\n\n\n\n<p>La fundaci\u00f3n colabora con \u201cLuz del Alma\u201d<\/p>\n\n\n\n<p>Somos una instituci\u00f3n que trabaja con personas con discapacidad, modalidad centro de d\u00eda (Asociaci\u00f3n Civil sin Fines de Lucro), \u201cLuz del Alma\u201d. En nuestra instituci\u00f3n se ofrece a los concurrentes acompa\u00f1amiento tanto en salud, Kinesiolog\u00eda, nutrici\u00f3n, psicolog\u00eda, educaci\u00f3n, Braille, Inform\u00e1tica, Rehabilitaci\u00f3n, Talleres, Alimentaci\u00f3n (Desayuno, Almuerzo, Merienda y Viandas), estimulaci\u00f3n temprana y acompa\u00f1amiento social.<\/p>\n\n\n\n<p>Nuestra misi\u00f3n es acortar las brechas que existen actualmente en la sociedad y poder generar en nuestros asistentes las herramientas y adaptaciones para que se integren y desarrollen en la misma.<\/p>\n\n\n\n<p>Nuestro servicio es hacia la comunidad, aunque mayormente las actividades est\u00e1n atravesadas por la discapacidad visual tambi\u00e9n asisten personas que buscan una ayuda especifica, en nuestras diferentes \u00e1reas.<\/p>\n\n\n\n<figure class=\"wp-block-gallery has-nested-images columns-default is-cropped wp-block-gallery-1 is-layout-flex wp-block-gallery-is-layout-flex\">\n<figure class=\"wp-block-image size-full\"><img loading=\"lazy\" decoding=\"async\" width=\"960\" height=\"540\" data-id=\"321\" src=\"http:\/\/fundacionmateo25.com.ar\/wp-content\/uploads\/2024\/03\/WhatsApp-Image-2024-03-25-at-18.56.28.jpeg\" alt=\"\" class=\"wp-image-321\" srcset=\"https:\/\/fundacionmateo25.com.ar\/wp-content\/uploads\/2024\/03\/WhatsApp-Image-2024-03-25-at-18.56.28.jpeg 960w, https:\/\/fundacionmateo25.com.ar\/wp-content\/uploads\/2024\/03\/WhatsApp-Image-2024-03-25-at-18.56.28-300x169.jpeg 300w, https:\/\/fundacionmateo25.com.ar\/wp-content\/uploads\/2024\/03\/WhatsApp-Image-2024-03-25-at-18.56.28-768x432.jpeg 768w, https:\/\/fundacionmateo25.com.ar\/wp-content\/uploads\/2024\/03\/WhatsApp-Image-2024-03-25-at-18.56.28-640x360.jpeg 640w\" sizes=\"(max-width: 960px) 100vw, 960px\" \/><\/figure>\n\n\n\n<figure class=\"wp-block-image size-large\"><img loading=\"lazy\" decoding=\"async\" width=\"576\" height=\"1024\" data-id=\"322\" src=\"http:\/\/fundacionmateo25.com.ar\/wp-content\/uploads\/2024\/03\/WhatsApp-Image-2024-03-25-at-18.56.38-576x1024.jpeg\" alt=\"\" class=\"wp-image-322\" srcset=\"https:\/\/fundacionmateo25.com.ar\/wp-content\/uploads\/2024\/03\/WhatsApp-Image-2024-03-25-at-18.56.38-576x1024.jpeg 576w, https:\/\/fundacionmateo25.com.ar\/wp-content\/uploads\/2024\/03\/WhatsApp-Image-2024-03-25-at-18.56.38-169x300.jpeg 169w, https:\/\/fundacionmateo25.com.ar\/wp-content\/uploads\/2024\/03\/WhatsApp-Image-2024-03-25-at-18.56.38-768x1365.jpeg 768w, https:\/\/fundacionmateo25.com.ar\/wp-content\/uploads\/2024\/03\/WhatsApp-Image-2024-03-25-at-18.56.38-864x1536.jpeg 864w, https:\/\/fundacionmateo25.com.ar\/wp-content\/uploads\/2024\/03\/WhatsApp-Image-2024-03-25-at-18.56.38-675x1200.jpeg 675w, https:\/\/fundacionmateo25.com.ar\/wp-content\/uploads\/2024\/03\/WhatsApp-Image-2024-03-25-at-18.56.38-360x640.jpeg 360w, https:\/\/fundacionmateo25.com.ar\/wp-content\/uploads\/2024\/03\/WhatsApp-Image-2024-03-25-at-18.56.38.jpeg 900w\" sizes=\"(max-width: 576px) 100vw, 576px\" \/><\/figure>\n\n\n\n<figure class=\"wp-block-image size-large\"><img loading=\"lazy\" decoding=\"async\" width=\"771\" height=\"1024\" data-id=\"323\" src=\"http:\/\/fundacionmateo25.com.ar\/wp-content\/uploads\/2024\/03\/WhatsApp-Image-2024-03-25-at-18.56.50-771x1024.jpeg\" alt=\"\" class=\"wp-image-323\" srcset=\"https:\/\/fundacionmateo25.com.ar\/wp-content\/uploads\/2024\/03\/WhatsApp-Image-2024-03-25-at-18.56.50-771x1024.jpeg 771w, https:\/\/fundacionmateo25.com.ar\/wp-content\/uploads\/2024\/03\/WhatsApp-Image-2024-03-25-at-18.56.50-226x300.jpeg 226w, https:\/\/fundacionmateo25.com.ar\/wp-content\/uploads\/2024\/03\/WhatsApp-Image-2024-03-25-at-18.56.50-768x1020.jpeg 768w, https:\/\/fundacionmateo25.com.ar\/wp-content\/uploads\/2024\/03\/WhatsApp-Image-2024-03-25-at-18.56.50-903x1200.jpeg 903w, https:\/\/fundacionmateo25.com.ar\/wp-content\/uploads\/2024\/03\/WhatsApp-Image-2024-03-25-at-18.56.50-482x640.jpeg 482w, https:\/\/fundacionmateo25.com.ar\/wp-content\/uploads\/2024\/03\/WhatsApp-Image-2024-03-25-at-18.56.50.jpeg 1080w\" sizes=\"(max-width: 771px) 100vw, 771px\" \/><\/figure>\n\n\n\n<figure class=\"wp-block-image size-large\"><img loading=\"lazy\" decoding=\"async\" width=\"1024\" height=\"472\" data-id=\"324\" src=\"https:\/\/fundacionmateo25.com.ar\/wp-content\/uploads\/2024\/03\/WhatsApp-Image-2024-03-25-at-18.54.23-1024x472.jpeg\" alt=\"\" class=\"wp-image-324\" srcset=\"https:\/\/fundacionmateo25.com.ar\/wp-content\/uploads\/2024\/03\/WhatsApp-Image-2024-03-25-at-18.54.23-1024x472.jpeg 1024w, https:\/\/fundacionmateo25.com.ar\/wp-content\/uploads\/2024\/03\/WhatsApp-Image-2024-03-25-at-18.54.23-300x138.jpeg 300w, https:\/\/fundacionmateo25.com.ar\/wp-content\/uploads\/2024\/03\/WhatsApp-Image-2024-03-25-at-18.54.23-768x354.jpeg 768w, https:\/\/fundacionmateo25.com.ar\/wp-content\/uploads\/2024\/03\/WhatsApp-Image-2024-03-25-at-18.54.23-640x295.jpeg 640w, https:\/\/fundacionmateo25.com.ar\/wp-content\/uploads\/2024\/03\/WhatsApp-Image-2024-03-25-at-18.54.23.jpeg 1080w\" sizes=\"(max-width: 1024px) 100vw, 1024px\" \/><\/figure>\n\n\n\n<figure class=\"wp-block-image size-large\"><img loading=\"lazy\" decoding=\"async\" width=\"1024\" height=\"683\" data-id=\"325\" src=\"https:\/\/fundacionmateo25.com.ar\/wp-content\/uploads\/2024\/03\/WhatsApp-Image-2024-03-25-at-18.54.231-1024x683.jpeg\" alt=\"\" class=\"wp-image-325\" srcset=\"https:\/\/fundacionmateo25.com.ar\/wp-content\/uploads\/2024\/03\/WhatsApp-Image-2024-03-25-at-18.54.231-1024x683.jpeg 1024w, https:\/\/fundacionmateo25.com.ar\/wp-content\/uploads\/2024\/03\/WhatsApp-Image-2024-03-25-at-18.54.231-300x200.jpeg 300w, https:\/\/fundacionmateo25.com.ar\/wp-content\/uploads\/2024\/03\/WhatsApp-Image-2024-03-25-at-18.54.231-768x512.jpeg 768w, https:\/\/fundacionmateo25.com.ar\/wp-content\/uploads\/2024\/03\/WhatsApp-Image-2024-03-25-at-18.54.231-640x427.jpeg 640w, https:\/\/fundacionmateo25.com.ar\/wp-content\/uploads\/2024\/03\/WhatsApp-Image-2024-03-25-at-18.54.231.jpeg 1080w\" sizes=\"(max-width: 1024px) 100vw, 1024px\" \/><\/figure>\n\n\n\n<figure class=\"wp-block-image size-large\"><img loading=\"lazy\" decoding=\"async\" width=\"1024\" height=\"768\" data-id=\"326\" src=\"https:\/\/fundacionmateo25.com.ar\/wp-content\/uploads\/2024\/03\/WhatsApp-Image-2024-03-25-at-18.54.232-1024x768.jpeg\" alt=\"\" class=\"wp-image-326\" srcset=\"https:\/\/fundacionmateo25.com.ar\/wp-content\/uploads\/2024\/03\/WhatsApp-Image-2024-03-25-at-18.54.232-1024x768.jpeg 1024w, https:\/\/fundacionmateo25.com.ar\/wp-content\/uploads\/2024\/03\/WhatsApp-Image-2024-03-25-at-18.54.232-300x225.jpeg 300w, https:\/\/fundacionmateo25.com.ar\/wp-content\/uploads\/2024\/03\/WhatsApp-Image-2024-03-25-at-18.54.232-768x576.jpeg 768w, https:\/\/fundacionmateo25.com.ar\/wp-content\/uploads\/2024\/03\/WhatsApp-Image-2024-03-25-at-18.54.232-640x480.jpeg 640w, https:\/\/fundacionmateo25.com.ar\/wp-content\/uploads\/2024\/03\/WhatsApp-Image-2024-03-25-at-18.54.232.jpeg 1080w\" sizes=\"(max-width: 1024px) 100vw, 1024px\" \/><\/figure>\n\n\n\n<figure class=\"wp-block-image size-large\"><img loading=\"lazy\" decoding=\"async\" width=\"1024\" height=\"472\" data-id=\"327\" src=\"https:\/\/fundacionmateo25.com.ar\/wp-content\/uploads\/2024\/03\/WhatsApp-Image-2024-03-25-at-18.54.233-1024x472.jpeg\" alt=\"\" class=\"wp-image-327\" srcset=\"https:\/\/fundacionmateo25.com.ar\/wp-content\/uploads\/2024\/03\/WhatsApp-Image-2024-03-25-at-18.54.233-1024x472.jpeg 1024w, https:\/\/fundacionmateo25.com.ar\/wp-content\/uploads\/2024\/03\/WhatsApp-Image-2024-03-25-at-18.54.233-300x138.jpeg 300w, https:\/\/fundacionmateo25.com.ar\/wp-content\/uploads\/2024\/03\/WhatsApp-Image-2024-03-25-at-18.54.233-768x354.jpeg 768w, https:\/\/fundacionmateo25.com.ar\/wp-content\/uploads\/2024\/03\/WhatsApp-Image-2024-03-25-at-18.54.233-640x295.jpeg 640w, https:\/\/fundacionmateo25.com.ar\/wp-content\/uploads\/2024\/03\/WhatsApp-Image-2024-03-25-at-18.54.233.jpeg 1080w\" sizes=\"(max-width: 1024px) 100vw, 1024px\" \/><\/figure>\n\n\n\n<figure class=\"wp-block-image size-large\"><img loading=\"lazy\" decoding=\"async\" width=\"768\" height=\"1024\" data-id=\"328\" src=\"https:\/\/fundacionmateo25.com.ar\/wp-content\/uploads\/2024\/03\/WhatsApp-Image-2024-03-25-at-18.54.234-768x1024.jpeg\" alt=\"\" class=\"wp-image-328\" srcset=\"https:\/\/fundacionmateo25.com.ar\/wp-content\/uploads\/2024\/03\/WhatsApp-Image-2024-03-25-at-18.54.234-768x1024.jpeg 768w, https:\/\/fundacionmateo25.com.ar\/wp-content\/uploads\/2024\/03\/WhatsApp-Image-2024-03-25-at-18.54.234-225x300.jpeg 225w, https:\/\/fundacionmateo25.com.ar\/wp-content\/uploads\/2024\/03\/WhatsApp-Image-2024-03-25-at-18.54.234-900x1200.jpeg 900w, https:\/\/fundacionmateo25.com.ar\/wp-content\/uploads\/2024\/03\/WhatsApp-Image-2024-03-25-at-18.54.234-480x640.jpeg 480w, https:\/\/fundacionmateo25.com.ar\/wp-content\/uploads\/2024\/03\/WhatsApp-Image-2024-03-25-at-18.54.234.jpeg 1080w\" sizes=\"(max-width: 768px) 100vw, 768px\" \/><\/figure>\n\n\n\n<figure class=\"wp-block-image size-large\"><img loading=\"lazy\" decoding=\"async\" width=\"1024\" height=\"576\" data-id=\"330\" src=\"https:\/\/fundacionmateo25.com.ar\/wp-content\/uploads\/2024\/03\/WhatsApp-Image-2024-03-25-at-18.54.241-1024x576.jpeg\" alt=\"\" class=\"wp-image-330\" srcset=\"https:\/\/fundacionmateo25.com.ar\/wp-content\/uploads\/2024\/03\/WhatsApp-Image-2024-03-25-at-18.54.241-1024x576.jpeg 1024w, https:\/\/fundacionmateo25.com.ar\/wp-content\/uploads\/2024\/03\/WhatsApp-Image-2024-03-25-at-18.54.241-300x169.jpeg 300w, https:\/\/fundacionmateo25.com.ar\/wp-content\/uploads\/2024\/03\/WhatsApp-Image-2024-03-25-at-18.54.241-768x432.jpeg 768w, https:\/\/fundacionmateo25.com.ar\/wp-content\/uploads\/2024\/03\/WhatsApp-Image-2024-03-25-at-18.54.241-640x360.jpeg 640w, https:\/\/fundacionmateo25.com.ar\/wp-content\/uploads\/2024\/03\/WhatsApp-Image-2024-03-25-at-18.54.241.jpeg 1032w\" sizes=\"(max-width: 1024px) 100vw, 1024px\" \/><\/figure>\n\n\n\n<figure class=\"wp-block-image size-large\"><img loading=\"lazy\" decoding=\"async\" width=\"576\" height=\"1024\" data-id=\"331\" src=\"https:\/\/fundacionmateo25.com.ar\/wp-content\/uploads\/2024\/03\/WhatsApp-Image-2024-03-25-at-18.54.242-576x1024.jpeg\" alt=\"\" class=\"wp-image-331\" srcset=\"https:\/\/fundacionmateo25.com.ar\/wp-content\/uploads\/2024\/03\/WhatsApp-Image-2024-03-25-at-18.54.242-576x1024.jpeg 576w, https:\/\/fundacionmateo25.com.ar\/wp-content\/uploads\/2024\/03\/WhatsApp-Image-2024-03-25-at-18.54.242-169x300.jpeg 169w, https:\/\/fundacionmateo25.com.ar\/wp-content\/uploads\/2024\/03\/WhatsApp-Image-2024-03-25-at-18.54.242-768x1365.jpeg 768w, https:\/\/fundacionmateo25.com.ar\/wp-content\/uploads\/2024\/03\/WhatsApp-Image-2024-03-25-at-18.54.242-864x1536.jpeg 864w, https:\/\/fundacionmateo25.com.ar\/wp-content\/uploads\/2024\/03\/WhatsApp-Image-2024-03-25-at-18.54.242-675x1200.jpeg 675w, https:\/\/fundacionmateo25.com.ar\/wp-content\/uploads\/2024\/03\/WhatsApp-Image-2024-03-25-at-18.54.242-360x640.jpeg 360w, https:\/\/fundacionmateo25.com.ar\/wp-content\/uploads\/2024\/03\/WhatsApp-Image-2024-03-25-at-18.54.242.jpeg 900w\" sizes=\"(max-width: 576px) 100vw, 576px\" \/><\/figure>\n\n\n\n<figure class=\"wp-block-image size-large\"><img loading=\"lazy\" decoding=\"async\" width=\"1024\" height=\"768\" data-id=\"333\" src=\"https:\/\/fundacionmateo25.com.ar\/wp-content\/uploads\/2024\/03\/WhatsApp-Image-2024-03-25-at-18.54.244-1024x768.jpeg\" alt=\"\" class=\"wp-image-333\" srcset=\"https:\/\/fundacionmateo25.com.ar\/wp-content\/uploads\/2024\/03\/WhatsApp-Image-2024-03-25-at-18.54.244-1024x768.jpeg 1024w, https:\/\/fundacionmateo25.com.ar\/wp-content\/uploads\/2024\/03\/WhatsApp-Image-2024-03-25-at-18.54.244-300x225.jpeg 300w, https:\/\/fundacionmateo25.com.ar\/wp-content\/uploads\/2024\/03\/WhatsApp-Image-2024-03-25-at-18.54.244-768x576.jpeg 768w, https:\/\/fundacionmateo25.com.ar\/wp-content\/uploads\/2024\/03\/WhatsApp-Image-2024-03-25-at-18.54.244-640x480.jpeg 640w, https:\/\/fundacionmateo25.com.ar\/wp-content\/uploads\/2024\/03\/WhatsApp-Image-2024-03-25-at-18.54.244.jpeg 1040w\" sizes=\"(max-width: 1024px) 100vw, 1024px\" \/><\/figure>\n\n\n\n<figure class=\"wp-block-image size-large\"><img loading=\"lazy\" decoding=\"async\" width=\"1024\" height=\"768\" data-id=\"334\" src=\"https:\/\/fundacionmateo25.com.ar\/wp-content\/uploads\/2024\/03\/WhatsApp-Image-2024-03-25-at-18.54.25-1024x768.jpeg\" alt=\"\" class=\"wp-image-334\" srcset=\"https:\/\/fundacionmateo25.com.ar\/wp-content\/uploads\/2024\/03\/WhatsApp-Image-2024-03-25-at-18.54.25-1024x768.jpeg 1024w, https:\/\/fundacionmateo25.com.ar\/wp-content\/uploads\/2024\/03\/WhatsApp-Image-2024-03-25-at-18.54.25-300x225.jpeg 300w, https:\/\/fundacionmateo25.com.ar\/wp-content\/uploads\/2024\/03\/WhatsApp-Image-2024-03-25-at-18.54.25-768x576.jpeg 768w, https:\/\/fundacionmateo25.com.ar\/wp-content\/uploads\/2024\/03\/WhatsApp-Image-2024-03-25-at-18.54.25-640x480.jpeg 640w, https:\/\/fundacionmateo25.com.ar\/wp-content\/uploads\/2024\/03\/WhatsApp-Image-2024-03-25-at-18.54.25.jpeg 1080w\" sizes=\"(max-width: 1024px) 100vw, 1024px\" \/><\/figure>\n\n\n\n<figure class=\"wp-block-image size-large\"><img loading=\"lazy\" decoding=\"async\" width=\"768\" height=\"1024\" data-id=\"335\" src=\"https:\/\/fundacionmateo25.com.ar\/wp-content\/uploads\/2024\/03\/WhatsApp-Image-2024-03-25-at-18.54.251-768x1024.jpeg\" alt=\"\" class=\"wp-image-335\" srcset=\"https:\/\/fundacionmateo25.com.ar\/wp-content\/uploads\/2024\/03\/WhatsApp-Image-2024-03-25-at-18.54.251-768x1024.jpeg 768w, https:\/\/fundacionmateo25.com.ar\/wp-content\/uploads\/2024\/03\/WhatsApp-Image-2024-03-25-at-18.54.251-225x300.jpeg 225w, https:\/\/fundacionmateo25.com.ar\/wp-content\/uploads\/2024\/03\/WhatsApp-Image-2024-03-25-at-18.54.251-900x1200.jpeg 900w, https:\/\/fundacionmateo25.com.ar\/wp-content\/uploads\/2024\/03\/WhatsApp-Image-2024-03-25-at-18.54.251-480x640.jpeg 480w, https:\/\/fundacionmateo25.com.ar\/wp-content\/uploads\/2024\/03\/WhatsApp-Image-2024-03-25-at-18.54.251.jpeg 1080w\" sizes=\"(max-width: 768px) 100vw, 768px\" \/><\/figure>\n<\/figure>\n","protected":false},"excerpt":{"rendered":"<p>La fundaci\u00f3n colabora con \u201cLuz del Alma\u201d Somos una instituci\u00f3n que trabaja con personas con discapacidad, modalidad centro de d\u00eda (Asociaci\u00f3n Civil sin Fines de Lucro), \u201cLuz del Alma\u201d. En nuestra instituci\u00f3n se ofrece a los concurrentes acompa\u00f1amiento&#8230; <a class=\"read-more\" href=\"https:\/\/fundacionmateo25.com.ar\/?page_id=320\">Leer m&aacute;s<\/a><\/p>\n","protected":false},"author":1,"featured_media":321,"parent":0,"menu_order":0,"comment_status":"closed","ping_status":"closed","template":"","meta":{"om_disable_all_campaigns":false,"_monsterinsights_skip_tracking":false,"_monsterinsights_sitenote_active":false,"_monsterinsights_sitenote_note":"","_monsterinsights_sitenote_category":0,"footnotes":""},"class_list":["post-320","page","type-page","status-publish","has-post-thumbnail","hentry","no-comments"],"aioseo_notices":[],"_links":{"self":[{"href":"https:\/\/fundacionmateo25.com.ar\/index.php?rest_route=\/wp\/v2\/pages\/320"}],"collection":[{"href":"https:\/\/fundacionmateo25.com.ar\/index.php?rest_route=\/wp\/v2\/pages"}],"about":[{"href":"https:\/\/fundacionmateo25.com.ar\/index.php?rest_route=\/wp\/v2\/types\/page"}],"author":[{"embeddable":true,"href":"https:\/\/fundacionmateo25.com.ar\/index.php?rest_route=\/wp\/v2\/users\/1"}],"replies":[{"embeddable":true,"href":"https:\/\/fundacionmateo25.com.ar\/index.php?rest_route=%2Fwp%2Fv2%2Fcomments&post=320"}],"version-history":[{"count":2,"href":"https:\/\/fundacionmateo25.com.ar\/index.php?rest_route=\/wp\/v2\/pages\/320\/revisions"}],"predecessor-version":[{"id":344,"href":"https:\/\/fundacionmateo25.com.ar\/index.php?rest_route=\/wp\/v2\/pages\/320\/revisions\/344"}],"wp:featuredmedia":[{"embeddable":true,"href":"https:\/\/fundacionmateo25.com.ar\/index.php?rest_route=\/wp\/v2\/media\/321"}],"wp:attachment":[{"href":"https:\/\/fundacionmateo25.com.ar\/index.php?rest_route=%2Fwp%2Fv2%2Fmedia&parent=320"}],"curies":[{"name":"wp","href":"https:\/\/api.w.org\/{rel}","templated":true}]}}