{"id":411,"date":"2024-09-01T21:28:52","date_gmt":"2024-09-02T00:28:52","guid":{"rendered":"https:\/\/fundacionmateo25.com.ar\/?page_id=411"},"modified":"2025-02-09T13:40:43","modified_gmt":"2025-02-09T16:40:43","slug":"emprendimiento-de-apicultura-3-2","status":"publish","type":"page","link":"https:\/\/fundacionmateo25.com.ar\/?page_id=411","title":{"rendered":"PROGRAMA VIRGEN DE HUACHANA"},"content":{"rendered":"\n<figure class=\"wp-block-gallery has-nested-images columns-default is-cropped wp-block-gallery-1 is-layout-flex wp-block-gallery-is-layout-flex\">\n<figure class=\"wp-block-image size-large\"><img loading=\"lazy\" decoding=\"async\" width=\"720\" height=\"540\" data-id=\"512\" src=\"https:\/\/fundacionmateo25.com.ar\/wp-content\/uploads\/2024\/09\/WhatsApp-Image-2024-09-02-at-16.56.111.jpeg\" alt=\"\" class=\"wp-image-512\" srcset=\"https:\/\/fundacionmateo25.com.ar\/wp-content\/uploads\/2024\/09\/WhatsApp-Image-2024-09-02-at-16.56.111.jpeg 720w, https:\/\/fundacionmateo25.com.ar\/wp-content\/uploads\/2024\/09\/WhatsApp-Image-2024-09-02-at-16.56.111-300x225.jpeg 300w, https:\/\/fundacionmateo25.com.ar\/wp-content\/uploads\/2024\/09\/WhatsApp-Image-2024-09-02-at-16.56.111-640x480.jpeg 640w\" sizes=\"(max-width: 720px) 100vw, 720px\" \/><\/figure>\n\n\n\n<figure class=\"wp-block-image size-large\"><img loading=\"lazy\" decoding=\"async\" width=\"720\" height=\"540\" data-id=\"507\" src=\"https:\/\/fundacionmateo25.com.ar\/wp-content\/uploads\/2024\/09\/WhatsApp-Image-2024-09-02-at-16.55.44.jpeg\" alt=\"\" class=\"wp-image-507\" srcset=\"https:\/\/fundacionmateo25.com.ar\/wp-content\/uploads\/2024\/09\/WhatsApp-Image-2024-09-02-at-16.55.44.jpeg 720w, https:\/\/fundacionmateo25.com.ar\/wp-content\/uploads\/2024\/09\/WhatsApp-Image-2024-09-02-at-16.55.44-300x225.jpeg 300w, https:\/\/fundacionmateo25.com.ar\/wp-content\/uploads\/2024\/09\/WhatsApp-Image-2024-09-02-at-16.55.44-640x480.jpeg 640w\" sizes=\"(max-width: 720px) 100vw, 720px\" \/><\/figure>\n\n\n\n<figure class=\"wp-block-image size-large\"><img loading=\"lazy\" decoding=\"async\" width=\"720\" height=\"960\" data-id=\"511\" src=\"https:\/\/fundacionmateo25.com.ar\/wp-content\/uploads\/2024\/09\/WhatsApp-Image-2024-09-02-at-16.56.11.jpeg\" alt=\"\" class=\"wp-image-511\" srcset=\"https:\/\/fundacionmateo25.com.ar\/wp-content\/uploads\/2024\/09\/WhatsApp-Image-2024-09-02-at-16.56.11.jpeg 720w, https:\/\/fundacionmateo25.com.ar\/wp-content\/uploads\/2024\/09\/WhatsApp-Image-2024-09-02-at-16.56.11-225x300.jpeg 225w, https:\/\/fundacionmateo25.com.ar\/wp-content\/uploads\/2024\/09\/WhatsApp-Image-2024-09-02-at-16.56.11-480x640.jpeg 480w\" sizes=\"(max-width: 720px) 100vw, 720px\" \/><\/figure>\n<\/figure>\n\n\n\n<p>Se trata de colaborar con la tarea pastoral y de fuerte contenci\u00f3n social de una religiosa consagrada, la Hermana Lisbeth. A 200 kil\u00f3metros al norte de la ciudad De Santiago del Estero, en medio del coraz\u00f3n del monte, se ubican peque\u00f1os pueblos, donde viven grupos de familias en extrema necesidad. Sin luz ni agua potable, sumidos en la m\u00e1s extrema pobreza, deben adem\u00e1s sufrir algo curioso: gran cantidad de ni\u00f1os y j\u00f3venes, padecen diversas discapacidades: mentales o motores. Se cree que la causa es la gran cantidad de ars\u00e9nico presente en la poca agua que consumen. El agua potable, solo la obtienen en los d\u00edas de lluvia, poniendo tachos a la intemperie. Tener en cuenta que es una zona donde los d\u00edas de lluvia son escasos. Y la cuidan como si fuera oro, porque es la \u00fanica agua que pueden tomar o cocinar. Para ba\u00f1arse y dem\u00e1s usos, solo pueden hacerlo con agua contaminada.<\/p>\n\n\n\n<p>Estamos hablando de peque\u00f1os parajes, donde viven de diez a quince parajes por familia. No tienen absolutamente ninguna asistencia sanitaria ni escolar. Parece mentira, pero es as\u00ed. Muchas parturientas, deben ser llevadas en bicicleta, por caminos intransitables. No son pocos los casos en que logran llegar al hospital m\u00e1s cercano, distante a 120 kil\u00f3metros, y pierden el beb\u00e9 por el camino.<\/p>\n\n\n\n<p>Lisbeth es guatemalteca, y hace m\u00e1s de diez a\u00f1os que, impactada por la realidad de miseria y hambre del monte santiague\u00f1o, decide insertarse en la zona. Las necesidades son m\u00faltiples. Espirituales, pero tambi\u00e9n materiales. Con sus 39 a\u00f1os, Lis dej\u00f3 a su familia y a su patria, y ahora es catequista, enfermera, maestra, acompa\u00f1ante psicol\u00f3gica, y muchas cosas m\u00e1s. Es importante resaltar el entusiasmo de Lis, que la ha llevado a estudiar, para mejor servir. Adem\u00e1s de ser contadora p\u00fablica, se recibi\u00f3 de acompa\u00f1ante terap\u00e9utica y de auxiliar de enfermer\u00eda. Actualmente, sigue su formaci\u00f3n, siempre orientada al servicio de la dura realidad que decidi\u00f3 acompa\u00f1ar: esta estudiando para recibirse de auxiliar de farmacia. <\/p>\n\n\n\n<p>La presencia de organizaciones estatales de la provincia o municipal es pr\u00e1cticamente nula. <\/p>\n\n\n\n<p>La Fundaci\u00f3n Mateo 25 tiene el honor de apadrinarla, en lo que podemos, que es un diez por ciento de lo que Lis necesita. Continuaremos buscando recursos para apoyar tan noble causa.<\/p>\n\n\n\n<figure class=\"wp-block-gallery has-nested-images columns-default is-cropped wp-block-gallery-2 is-layout-flex wp-block-gallery-is-layout-flex\">\n<figure class=\"wp-block-image size-large\"><img loading=\"lazy\" decoding=\"async\" width=\"720\" height=\"960\" data-id=\"510\" src=\"https:\/\/fundacionmateo25.com.ar\/wp-content\/uploads\/2024\/09\/WhatsApp-Image-2024-09-02-at-16.56.101.jpeg\" alt=\"\" class=\"wp-image-510\" srcset=\"https:\/\/fundacionmateo25.com.ar\/wp-content\/uploads\/2024\/09\/WhatsApp-Image-2024-09-02-at-16.56.101.jpeg 720w, https:\/\/fundacionmateo25.com.ar\/wp-content\/uploads\/2024\/09\/WhatsApp-Image-2024-09-02-at-16.56.101-225x300.jpeg 225w, https:\/\/fundacionmateo25.com.ar\/wp-content\/uploads\/2024\/09\/WhatsApp-Image-2024-09-02-at-16.56.101-480x640.jpeg 480w\" sizes=\"(max-width: 720px) 100vw, 720px\" \/><\/figure>\n\n\n\n<figure class=\"wp-block-image size-large\"><img loading=\"lazy\" decoding=\"async\" width=\"720\" height=\"960\" data-id=\"509\" src=\"https:\/\/fundacionmateo25.com.ar\/wp-content\/uploads\/2024\/09\/WhatsApp-Image-2024-09-02-at-16.56.10.jpeg\" alt=\"\" class=\"wp-image-509\" srcset=\"https:\/\/fundacionmateo25.com.ar\/wp-content\/uploads\/2024\/09\/WhatsApp-Image-2024-09-02-at-16.56.10.jpeg 720w, https:\/\/fundacionmateo25.com.ar\/wp-content\/uploads\/2024\/09\/WhatsApp-Image-2024-09-02-at-16.56.10-225x300.jpeg 225w, https:\/\/fundacionmateo25.com.ar\/wp-content\/uploads\/2024\/09\/WhatsApp-Image-2024-09-02-at-16.56.10-480x640.jpeg 480w\" sizes=\"(max-width: 720px) 100vw, 720px\" \/><\/figure>\n\n\n\n<figure class=\"wp-block-image size-large\"><img loading=\"lazy\" decoding=\"async\" width=\"720\" height=\"540\" data-id=\"508\" src=\"https:\/\/fundacionmateo25.com.ar\/wp-content\/uploads\/2024\/09\/WhatsApp-Image-2024-09-02-at-16.55.55.jpeg\" alt=\"\" class=\"wp-image-508\" srcset=\"https:\/\/fundacionmateo25.com.ar\/wp-content\/uploads\/2024\/09\/WhatsApp-Image-2024-09-02-at-16.55.55.jpeg 720w, https:\/\/fundacionmateo25.com.ar\/wp-content\/uploads\/2024\/09\/WhatsApp-Image-2024-09-02-at-16.55.55-300x225.jpeg 300w, https:\/\/fundacionmateo25.com.ar\/wp-content\/uploads\/2024\/09\/WhatsApp-Image-2024-09-02-at-16.55.55-640x480.jpeg 640w\" sizes=\"(max-width: 720px) 100vw, 720px\" \/><\/figure>\n\n\n\n<figure class=\"wp-block-image size-large\"><img loading=\"lazy\" decoding=\"async\" width=\"720\" height=\"540\" data-id=\"507\" src=\"https:\/\/fundacionmateo25.com.ar\/wp-content\/uploads\/2024\/09\/WhatsApp-Image-2024-09-02-at-16.55.44.jpeg\" alt=\"\" class=\"wp-image-507\" srcset=\"https:\/\/fundacionmateo25.com.ar\/wp-content\/uploads\/2024\/09\/WhatsApp-Image-2024-09-02-at-16.55.44.jpeg 720w, https:\/\/fundacionmateo25.com.ar\/wp-content\/uploads\/2024\/09\/WhatsApp-Image-2024-09-02-at-16.55.44-300x225.jpeg 300w, https:\/\/fundacionmateo25.com.ar\/wp-content\/uploads\/2024\/09\/WhatsApp-Image-2024-09-02-at-16.55.44-640x480.jpeg 640w\" sizes=\"(max-width: 720px) 100vw, 720px\" \/><\/figure>\n<\/figure>\n\n\n\n<figure class=\"wp-block-gallery has-nested-images columns-default is-cropped wp-block-gallery-3 is-layout-flex wp-block-gallery-is-layout-flex\">\n<figure class=\"wp-block-image size-large\"><img loading=\"lazy\" decoding=\"async\" width=\"720\" height=\"340\" data-id=\"535\" src=\"https:\/\/fundacionmateo25.com.ar\/wp-content\/uploads\/2024\/09\/WhatsApp-Image-2024-09-04-at-08.45.59.jpeg\" alt=\"\" class=\"wp-image-535\" srcset=\"https:\/\/fundacionmateo25.com.ar\/wp-content\/uploads\/2024\/09\/WhatsApp-Image-2024-09-04-at-08.45.59.jpeg 720w, https:\/\/fundacionmateo25.com.ar\/wp-content\/uploads\/2024\/09\/WhatsApp-Image-2024-09-04-at-08.45.59-300x142.jpeg 300w, https:\/\/fundacionmateo25.com.ar\/wp-content\/uploads\/2024\/09\/WhatsApp-Image-2024-09-04-at-08.45.59-640x302.jpeg 640w\" sizes=\"(max-width: 720px) 100vw, 720px\" \/><\/figure>\n\n\n\n<figure class=\"wp-block-image size-large\"><img loading=\"lazy\" decoding=\"async\" width=\"720\" height=\"340\" data-id=\"536\" src=\"https:\/\/fundacionmateo25.com.ar\/wp-content\/uploads\/2024\/09\/WhatsApp-Image-2024-09-04-at-08.46.00.jpeg\" alt=\"\" class=\"wp-image-536\" srcset=\"https:\/\/fundacionmateo25.com.ar\/wp-content\/uploads\/2024\/09\/WhatsApp-Image-2024-09-04-at-08.46.00.jpeg 720w, https:\/\/fundacionmateo25.com.ar\/wp-content\/uploads\/2024\/09\/WhatsApp-Image-2024-09-04-at-08.46.00-300x142.jpeg 300w, https:\/\/fundacionmateo25.com.ar\/wp-content\/uploads\/2024\/09\/WhatsApp-Image-2024-09-04-at-08.46.00-640x302.jpeg 640w\" sizes=\"(max-width: 720px) 100vw, 720px\" \/><\/figure>\n\n\n\n<figure class=\"wp-block-image size-large\"><img loading=\"lazy\" decoding=\"async\" width=\"720\" height=\"540\" data-id=\"537\" src=\"https:\/\/fundacionmateo25.com.ar\/wp-content\/uploads\/2024\/09\/WhatsApp-Image-2024-09-04-at-08.46.001.jpeg\" alt=\"\" class=\"wp-image-537\" srcset=\"https:\/\/fundacionmateo25.com.ar\/wp-content\/uploads\/2024\/09\/WhatsApp-Image-2024-09-04-at-08.46.001.jpeg 720w, https:\/\/fundacionmateo25.com.ar\/wp-content\/uploads\/2024\/09\/WhatsApp-Image-2024-09-04-at-08.46.001-300x225.jpeg 300w, https:\/\/fundacionmateo25.com.ar\/wp-content\/uploads\/2024\/09\/WhatsApp-Image-2024-09-04-at-08.46.001-640x480.jpeg 640w\" sizes=\"(max-width: 720px) 100vw, 720px\" \/><\/figure>\n\n\n\n<figure class=\"wp-block-image size-large\"><img loading=\"lazy\" decoding=\"async\" width=\"720\" height=\"539\" data-id=\"538\" src=\"https:\/\/fundacionmateo25.com.ar\/wp-content\/uploads\/2024\/09\/WhatsApp-Image-2024-09-04-at-08.46.002.jpeg\" alt=\"\" class=\"wp-image-538\" srcset=\"https:\/\/fundacionmateo25.com.ar\/wp-content\/uploads\/2024\/09\/WhatsApp-Image-2024-09-04-at-08.46.002.jpeg 720w, https:\/\/fundacionmateo25.com.ar\/wp-content\/uploads\/2024\/09\/WhatsApp-Image-2024-09-04-at-08.46.002-300x225.jpeg 300w, https:\/\/fundacionmateo25.com.ar\/wp-content\/uploads\/2024\/09\/WhatsApp-Image-2024-09-04-at-08.46.002-640x479.jpeg 640w\" sizes=\"(max-width: 720px) 100vw, 720px\" \/><\/figure>\n\n\n\n<figure class=\"wp-block-image size-large\"><img loading=\"lazy\" decoding=\"async\" width=\"720\" height=\"941\" data-id=\"539\" src=\"https:\/\/fundacionmateo25.com.ar\/wp-content\/uploads\/2024\/09\/WhatsApp-Image-2024-09-04-at-08.46.003.jpeg\" alt=\"\" class=\"wp-image-539\" srcset=\"https:\/\/fundacionmateo25.com.ar\/wp-content\/uploads\/2024\/09\/WhatsApp-Image-2024-09-04-at-08.46.003.jpeg 720w, https:\/\/fundacionmateo25.com.ar\/wp-content\/uploads\/2024\/09\/WhatsApp-Image-2024-09-04-at-08.46.003-230x300.jpeg 230w, https:\/\/fundacionmateo25.com.ar\/wp-content\/uploads\/2024\/09\/WhatsApp-Image-2024-09-04-at-08.46.003-490x640.jpeg 490w\" sizes=\"(max-width: 720px) 100vw, 720px\" \/><\/figure>\n\n\n\n<figure class=\"wp-block-image size-large\"><img loading=\"lazy\" decoding=\"async\" width=\"720\" height=\"960\" data-id=\"540\" src=\"https:\/\/fundacionmateo25.com.ar\/wp-content\/uploads\/2024\/09\/WhatsApp-Image-2024-09-04-at-08.46.004.jpeg\" alt=\"\" class=\"wp-image-540\" srcset=\"https:\/\/fundacionmateo25.com.ar\/wp-content\/uploads\/2024\/09\/WhatsApp-Image-2024-09-04-at-08.46.004.jpeg 720w, https:\/\/fundacionmateo25.com.ar\/wp-content\/uploads\/2024\/09\/WhatsApp-Image-2024-09-04-at-08.46.004-225x300.jpeg 225w, https:\/\/fundacionmateo25.com.ar\/wp-content\/uploads\/2024\/09\/WhatsApp-Image-2024-09-04-at-08.46.004-480x640.jpeg 480w\" sizes=\"(max-width: 720px) 100vw, 720px\" \/><\/figure>\n\n\n\n<figure class=\"wp-block-image size-large\"><img loading=\"lazy\" decoding=\"async\" width=\"720\" height=\"541\" data-id=\"541\" src=\"https:\/\/fundacionmateo25.com.ar\/wp-content\/uploads\/2024\/09\/WhatsApp-Image-2024-09-04-at-08.46.01.jpeg\" alt=\"\" class=\"wp-image-541\" srcset=\"https:\/\/fundacionmateo25.com.ar\/wp-content\/uploads\/2024\/09\/WhatsApp-Image-2024-09-04-at-08.46.01.jpeg 720w, https:\/\/fundacionmateo25.com.ar\/wp-content\/uploads\/2024\/09\/WhatsApp-Image-2024-09-04-at-08.46.01-300x225.jpeg 300w, https:\/\/fundacionmateo25.com.ar\/wp-content\/uploads\/2024\/09\/WhatsApp-Image-2024-09-04-at-08.46.01-640x481.jpeg 640w\" sizes=\"(max-width: 720px) 100vw, 720px\" \/><\/figure>\n<\/figure>\n\n\n\n<p>Libro PIES DESCALZOS <br>Monte adentro <br>Lisbeth Acetun<\/p>\n\n\n\n<figure class=\"wp-block-gallery has-nested-images columns-default is-cropped wp-block-gallery-4 is-layout-flex wp-block-gallery-is-layout-flex\">\n<figure class=\"wp-block-image size-large\"><img loading=\"lazy\" decoding=\"async\" width=\"473\" height=\"1024\" data-id=\"542\" src=\"https:\/\/fundacionmateo25.com.ar\/wp-content\/uploads\/2024\/09\/WhatsApp-Image-2024-09-04-at-08.46.17-473x1024.jpeg\" alt=\"\" class=\"wp-image-542\" srcset=\"https:\/\/fundacionmateo25.com.ar\/wp-content\/uploads\/2024\/09\/WhatsApp-Image-2024-09-04-at-08.46.17-473x1024.jpeg 473w, https:\/\/fundacionmateo25.com.ar\/wp-content\/uploads\/2024\/09\/WhatsApp-Image-2024-09-04-at-08.46.17-138x300.jpeg 138w, https:\/\/fundacionmateo25.com.ar\/wp-content\/uploads\/2024\/09\/WhatsApp-Image-2024-09-04-at-08.46.17-709x1536.jpeg 709w, https:\/\/fundacionmateo25.com.ar\/wp-content\/uploads\/2024\/09\/WhatsApp-Image-2024-09-04-at-08.46.17-554x1200.jpeg 554w, https:\/\/fundacionmateo25.com.ar\/wp-content\/uploads\/2024\/09\/WhatsApp-Image-2024-09-04-at-08.46.17-295x640.jpeg 295w, https:\/\/fundacionmateo25.com.ar\/wp-content\/uploads\/2024\/09\/WhatsApp-Image-2024-09-04-at-08.46.17.jpeg 738w\" sizes=\"(max-width: 473px) 100vw, 473px\" \/><\/figure>\n\n\n\n<figure class=\"wp-block-image size-large\"><img loading=\"lazy\" decoding=\"async\" width=\"473\" height=\"1024\" data-id=\"543\" src=\"https:\/\/fundacionmateo25.com.ar\/wp-content\/uploads\/2024\/09\/WhatsApp-Image-2024-09-04-at-08.46.171-473x1024.jpeg\" alt=\"\" class=\"wp-image-543\" srcset=\"https:\/\/fundacionmateo25.com.ar\/wp-content\/uploads\/2024\/09\/WhatsApp-Image-2024-09-04-at-08.46.171-473x1024.jpeg 473w, https:\/\/fundacionmateo25.com.ar\/wp-content\/uploads\/2024\/09\/WhatsApp-Image-2024-09-04-at-08.46.171-138x300.jpeg 138w, https:\/\/fundacionmateo25.com.ar\/wp-content\/uploads\/2024\/09\/WhatsApp-Image-2024-09-04-at-08.46.171-709x1536.jpeg 709w, https:\/\/fundacionmateo25.com.ar\/wp-content\/uploads\/2024\/09\/WhatsApp-Image-2024-09-04-at-08.46.171-554x1200.jpeg 554w, https:\/\/fundacionmateo25.com.ar\/wp-content\/uploads\/2024\/09\/WhatsApp-Image-2024-09-04-at-08.46.171-295x640.jpeg 295w, https:\/\/fundacionmateo25.com.ar\/wp-content\/uploads\/2024\/09\/WhatsApp-Image-2024-09-04-at-08.46.171.jpeg 738w\" sizes=\"(max-width: 473px) 100vw, 473px\" \/><\/figure>\n\n\n\n<figure class=\"wp-block-image size-large\"><img loading=\"lazy\" decoding=\"async\" width=\"473\" height=\"1024\" data-id=\"544\" src=\"https:\/\/fundacionmateo25.com.ar\/wp-content\/uploads\/2024\/09\/WhatsApp-Image-2024-09-04-at-08.46.172-473x1024.jpeg\" alt=\"\" class=\"wp-image-544\" srcset=\"https:\/\/fundacionmateo25.com.ar\/wp-content\/uploads\/2024\/09\/WhatsApp-Image-2024-09-04-at-08.46.172-473x1024.jpeg 473w, https:\/\/fundacionmateo25.com.ar\/wp-content\/uploads\/2024\/09\/WhatsApp-Image-2024-09-04-at-08.46.172-138x300.jpeg 138w, https:\/\/fundacionmateo25.com.ar\/wp-content\/uploads\/2024\/09\/WhatsApp-Image-2024-09-04-at-08.46.172-709x1536.jpeg 709w, https:\/\/fundacionmateo25.com.ar\/wp-content\/uploads\/2024\/09\/WhatsApp-Image-2024-09-04-at-08.46.172-554x1200.jpeg 554w, https:\/\/fundacionmateo25.com.ar\/wp-content\/uploads\/2024\/09\/WhatsApp-Image-2024-09-04-at-08.46.172-295x640.jpeg 295w, https:\/\/fundacionmateo25.com.ar\/wp-content\/uploads\/2024\/09\/WhatsApp-Image-2024-09-04-at-08.46.172.jpeg 738w\" sizes=\"(max-width: 473px) 100vw, 473px\" \/><\/figure>\n\n\n\n<figure class=\"wp-block-image size-large\"><img loading=\"lazy\" decoding=\"async\" width=\"473\" height=\"1024\" data-id=\"545\" src=\"https:\/\/fundacionmateo25.com.ar\/wp-content\/uploads\/2024\/09\/WhatsApp-Image-2024-09-04-at-08.46.173-473x1024.jpeg\" alt=\"\" class=\"wp-image-545\" srcset=\"https:\/\/fundacionmateo25.com.ar\/wp-content\/uploads\/2024\/09\/WhatsApp-Image-2024-09-04-at-08.46.173-473x1024.jpeg 473w, https:\/\/fundacionmateo25.com.ar\/wp-content\/uploads\/2024\/09\/WhatsApp-Image-2024-09-04-at-08.46.173-138x300.jpeg 138w, https:\/\/fundacionmateo25.com.ar\/wp-content\/uploads\/2024\/09\/WhatsApp-Image-2024-09-04-at-08.46.173-709x1536.jpeg 709w, https:\/\/fundacionmateo25.com.ar\/wp-content\/uploads\/2024\/09\/WhatsApp-Image-2024-09-04-at-08.46.173-554x1200.jpeg 554w, https:\/\/fundacionmateo25.com.ar\/wp-content\/uploads\/2024\/09\/WhatsApp-Image-2024-09-04-at-08.46.173-295x640.jpeg 295w, https:\/\/fundacionmateo25.com.ar\/wp-content\/uploads\/2024\/09\/WhatsApp-Image-2024-09-04-at-08.46.173.jpeg 738w\" sizes=\"(max-width: 473px) 100vw, 473px\" \/><\/figure>\n<\/figure>\n","protected":false},"excerpt":{"rendered":"<p>Se trata de colaborar con la tarea pastoral y de fuerte contenci\u00f3n social de una religiosa consagrada, la Hermana Lisbeth. A 200 kil\u00f3metros al norte de la ciudad De Santiago del Estero, en medio del coraz\u00f3n del monte,&#8230; <a class=\"read-more\" href=\"https:\/\/fundacionmateo25.com.ar\/?page_id=411\">Leer m&aacute;s<\/a><\/p>\n","protected":false},"author":1,"featured_media":44,"parent":0,"menu_order":0,"comment_status":"closed","ping_status":"closed","template":"","meta":{"om_disable_all_campaigns":false,"_monsterinsights_skip_tracking":false,"_monsterinsights_sitenote_active":false,"_monsterinsights_sitenote_note":"","_monsterinsights_sitenote_category":0,"footnotes":""},"class_list":["post-411","page","type-page","status-publish","has-post-thumbnail","hentry","no-comments"],"aioseo_notices":[],"_links":{"self":[{"href":"https:\/\/fundacionmateo25.com.ar\/index.php?rest_route=\/wp\/v2\/pages\/411"}],"collection":[{"href":"https:\/\/fundacionmateo25.com.ar\/index.php?rest_route=\/wp\/v2\/pages"}],"about":[{"href":"https:\/\/fundacionmateo25.com.ar\/index.php?rest_route=\/wp\/v2\/types\/page"}],"author":[{"embeddable":true,"href":"https:\/\/fundacionmateo25.com.ar\/index.php?rest_route=\/wp\/v2\/users\/1"}],"replies":[{"embeddable":true,"href":"https:\/\/fundacionmateo25.com.ar\/index.php?rest_route=%2Fwp%2Fv2%2Fcomments&post=411"}],"version-history":[{"count":5,"href":"https:\/\/fundacionmateo25.com.ar\/index.php?rest_route=\/wp\/v2\/pages\/411\/revisions"}],"predecessor-version":[{"id":674,"href":"https:\/\/fundacionmateo25.com.ar\/index.php?rest_route=\/wp\/v2\/pages\/411\/revisions\/674"}],"wp:featuredmedia":[{"embeddable":true,"href":"https:\/\/fundacionmateo25.com.ar\/index.php?rest_route=\/wp\/v2\/media\/44"}],"wp:attachment":[{"href":"https:\/\/fundacionmateo25.com.ar\/index.php?rest_route=%2Fwp%2Fv2%2Fmedia&parent=411"}],"curies":[{"name":"wp","href":"https:\/\/api.w.org\/{rel}","templated":true}]}}