{"id":416,"date":"2024-09-01T21:34:45","date_gmt":"2024-09-02T00:34:45","guid":{"rendered":"https:\/\/fundacionmateo25.com.ar\/?page_id=416"},"modified":"2024-09-02T22:02:25","modified_gmt":"2024-09-03T01:02:25","slug":"emprendimiento-de-apicultura-3-3","status":"publish","type":"page","link":"https:\/\/fundacionmateo25.com.ar\/?page_id=416","title":{"rendered":"PROGRAMA COMEDORES Y MERENDEROS"},"content":{"rendered":"\n<figure class=\"wp-block-gallery has-nested-images columns-default is-cropped wp-block-gallery-1 is-layout-flex wp-block-gallery-is-layout-flex\">\n<figure class=\"wp-block-image size-large\"><img loading=\"lazy\" decoding=\"async\" width=\"1015\" height=\"1024\" data-id=\"500\" src=\"https:\/\/fundacionmateo25.com.ar\/wp-content\/uploads\/2024\/09\/WhatsApp-Image-2024-09-02-at-14.11.07-1015x1024.jpeg\" alt=\"\" class=\"wp-image-500\" srcset=\"https:\/\/fundacionmateo25.com.ar\/wp-content\/uploads\/2024\/09\/WhatsApp-Image-2024-09-02-at-14.11.07-1015x1024.jpeg 1015w, https:\/\/fundacionmateo25.com.ar\/wp-content\/uploads\/2024\/09\/WhatsApp-Image-2024-09-02-at-14.11.07-297x300.jpeg 297w, https:\/\/fundacionmateo25.com.ar\/wp-content\/uploads\/2024\/09\/WhatsApp-Image-2024-09-02-at-14.11.07-150x150.jpeg 150w, https:\/\/fundacionmateo25.com.ar\/wp-content\/uploads\/2024\/09\/WhatsApp-Image-2024-09-02-at-14.11.07-768x775.jpeg 768w, https:\/\/fundacionmateo25.com.ar\/wp-content\/uploads\/2024\/09\/WhatsApp-Image-2024-09-02-at-14.11.07-634x640.jpeg 634w, https:\/\/fundacionmateo25.com.ar\/wp-content\/uploads\/2024\/09\/WhatsApp-Image-2024-09-02-at-14.11.07.jpeg 1080w\" sizes=\"(max-width: 1015px) 100vw, 1015px\" \/><\/figure>\n\n\n\n<figure class=\"wp-block-image size-large\"><img loading=\"lazy\" decoding=\"async\" width=\"461\" height=\"1024\" data-id=\"497\" src=\"https:\/\/fundacionmateo25.com.ar\/wp-content\/uploads\/2024\/09\/WhatsApp-Image-2024-09-02-at-11.59.264-461x1024.jpeg\" alt=\"\" class=\"wp-image-497\" srcset=\"https:\/\/fundacionmateo25.com.ar\/wp-content\/uploads\/2024\/09\/WhatsApp-Image-2024-09-02-at-11.59.264-461x1024.jpeg 461w, https:\/\/fundacionmateo25.com.ar\/wp-content\/uploads\/2024\/09\/WhatsApp-Image-2024-09-02-at-11.59.264-135x300.jpeg 135w, https:\/\/fundacionmateo25.com.ar\/wp-content\/uploads\/2024\/09\/WhatsApp-Image-2024-09-02-at-11.59.264-288x640.jpeg 288w, https:\/\/fundacionmateo25.com.ar\/wp-content\/uploads\/2024\/09\/WhatsApp-Image-2024-09-02-at-11.59.264.jpeg 519w\" sizes=\"(max-width: 461px) 100vw, 461px\" \/><\/figure>\n\n\n\n<figure class=\"wp-block-image size-large\"><img loading=\"lazy\" decoding=\"async\" width=\"473\" height=\"1024\" data-id=\"489\" src=\"https:\/\/fundacionmateo25.com.ar\/wp-content\/uploads\/2024\/09\/WhatsApp-Image-2024-09-02-at-11.16.17-473x1024.jpeg\" alt=\"\" class=\"wp-image-489\" srcset=\"https:\/\/fundacionmateo25.com.ar\/wp-content\/uploads\/2024\/09\/WhatsApp-Image-2024-09-02-at-11.16.17-473x1024.jpeg 473w, https:\/\/fundacionmateo25.com.ar\/wp-content\/uploads\/2024\/09\/WhatsApp-Image-2024-09-02-at-11.16.17-139x300.jpeg 139w, https:\/\/fundacionmateo25.com.ar\/wp-content\/uploads\/2024\/09\/WhatsApp-Image-2024-09-02-at-11.16.17-709x1536.jpeg 709w, https:\/\/fundacionmateo25.com.ar\/wp-content\/uploads\/2024\/09\/WhatsApp-Image-2024-09-02-at-11.16.17-554x1200.jpeg 554w, https:\/\/fundacionmateo25.com.ar\/wp-content\/uploads\/2024\/09\/WhatsApp-Image-2024-09-02-at-11.16.17-296x640.jpeg 296w, https:\/\/fundacionmateo25.com.ar\/wp-content\/uploads\/2024\/09\/WhatsApp-Image-2024-09-02-at-11.16.17.jpeg 739w\" sizes=\"(max-width: 473px) 100vw, 473px\" \/><\/figure>\n<\/figure>\n\n\n\n<p>La Fundaci\u00f3n Mateo 25 colabora con distintos comedores y merenderos del conturbado bonaerense. La ayuda consiste directamente en dinero en efectivo, para que sea utilizado en lo que m\u00e1s se necesite en cada caso. Nos concentramos en zona sur, que es donde la Fundaci\u00f3n naci\u00f3. Por dar solo un ejemplo, mencionamos el comedor de la Villa Itat\u00ed, atendido por la comunidad salesiana de la zona. En este momento, el comedor, solo para frutas y hortalizas, necesita alrededor de $ 150.000 por semana. Nosotros colaboramos con algo m\u00e1s de&nbsp; la mitad de esa cifra, pero mensual. Compartimos estos datos, para dar una idea del esfuerzo que se hace para dar al menos un plato de comida a los m\u00e1s necesitados.<\/p>\n\n\n\n<p>Un caso particular, que tambi\u00e9n merece ser compartido, es el de una escuelita en un peque\u00f1o pueblito del interior de la provincia de La Rioja. Preferimos obviar el nombre de ese paraje. El tema es que los ni\u00f1os comen todos los d\u00edas, gracias a que van a la escuela. Pero no alcanzaba para todos. Los m\u00e1s peque\u00f1os com\u00edan. Los m\u00e1s grandes, miraban. Con nuestra ayuda, ahora comen todos. Nos consta de que esto mismo sucede en muchas escuelas de nuestra patria. Conocemos muchas escuelas donde suceden estas cosas. Si nuestra capacidad de ayuda econ\u00f3mica fuera otra, podr\u00edamos colaborar mucho m\u00e1s.<\/p>\n\n\n\n<figure class=\"wp-block-gallery has-nested-images columns-default is-cropped wp-block-gallery-2 is-layout-flex wp-block-gallery-is-layout-flex\">\n<figure class=\"wp-block-image size-large\"><img loading=\"lazy\" decoding=\"async\" width=\"1015\" height=\"1024\" data-id=\"500\" src=\"https:\/\/fundacionmateo25.com.ar\/wp-content\/uploads\/2024\/09\/WhatsApp-Image-2024-09-02-at-14.11.07-1015x1024.jpeg\" alt=\"\" class=\"wp-image-500\" srcset=\"https:\/\/fundacionmateo25.com.ar\/wp-content\/uploads\/2024\/09\/WhatsApp-Image-2024-09-02-at-14.11.07-1015x1024.jpeg 1015w, https:\/\/fundacionmateo25.com.ar\/wp-content\/uploads\/2024\/09\/WhatsApp-Image-2024-09-02-at-14.11.07-297x300.jpeg 297w, https:\/\/fundacionmateo25.com.ar\/wp-content\/uploads\/2024\/09\/WhatsApp-Image-2024-09-02-at-14.11.07-150x150.jpeg 150w, https:\/\/fundacionmateo25.com.ar\/wp-content\/uploads\/2024\/09\/WhatsApp-Image-2024-09-02-at-14.11.07-768x775.jpeg 768w, https:\/\/fundacionmateo25.com.ar\/wp-content\/uploads\/2024\/09\/WhatsApp-Image-2024-09-02-at-14.11.07-634x640.jpeg 634w, https:\/\/fundacionmateo25.com.ar\/wp-content\/uploads\/2024\/09\/WhatsApp-Image-2024-09-02-at-14.11.07.jpeg 1080w\" sizes=\"(max-width: 1015px) 100vw, 1015px\" \/><\/figure>\n\n\n\n<figure class=\"wp-block-image size-large\"><img loading=\"lazy\" decoding=\"async\" width=\"768\" height=\"1024\" data-id=\"499\" src=\"https:\/\/fundacionmateo25.com.ar\/wp-content\/uploads\/2024\/09\/WhatsApp-Image-2024-09-02-at-14.10.57-768x1024.jpeg\" alt=\"\" class=\"wp-image-499\" srcset=\"https:\/\/fundacionmateo25.com.ar\/wp-content\/uploads\/2024\/09\/WhatsApp-Image-2024-09-02-at-14.10.57-768x1024.jpeg 768w, https:\/\/fundacionmateo25.com.ar\/wp-content\/uploads\/2024\/09\/WhatsApp-Image-2024-09-02-at-14.10.57-225x300.jpeg 225w, https:\/\/fundacionmateo25.com.ar\/wp-content\/uploads\/2024\/09\/WhatsApp-Image-2024-09-02-at-14.10.57-1152x1536.jpeg 1152w, https:\/\/fundacionmateo25.com.ar\/wp-content\/uploads\/2024\/09\/WhatsApp-Image-2024-09-02-at-14.10.57-900x1200.jpeg 900w, https:\/\/fundacionmateo25.com.ar\/wp-content\/uploads\/2024\/09\/WhatsApp-Image-2024-09-02-at-14.10.57-480x640.jpeg 480w, https:\/\/fundacionmateo25.com.ar\/wp-content\/uploads\/2024\/09\/WhatsApp-Image-2024-09-02-at-14.10.57.jpeg 1200w\" sizes=\"(max-width: 768px) 100vw, 768px\" \/><\/figure>\n\n\n\n<figure class=\"wp-block-image size-large\"><img loading=\"lazy\" decoding=\"async\" width=\"768\" height=\"1024\" data-id=\"498\" src=\"https:\/\/fundacionmateo25.com.ar\/wp-content\/uploads\/2024\/09\/WhatsApp-Image-2024-09-02-at-14.10.45-768x1024.jpeg\" alt=\"\" class=\"wp-image-498\" srcset=\"https:\/\/fundacionmateo25.com.ar\/wp-content\/uploads\/2024\/09\/WhatsApp-Image-2024-09-02-at-14.10.45-768x1024.jpeg 768w, https:\/\/fundacionmateo25.com.ar\/wp-content\/uploads\/2024\/09\/WhatsApp-Image-2024-09-02-at-14.10.45-225x300.jpeg 225w, https:\/\/fundacionmateo25.com.ar\/wp-content\/uploads\/2024\/09\/WhatsApp-Image-2024-09-02-at-14.10.45-1152x1536.jpeg 1152w, https:\/\/fundacionmateo25.com.ar\/wp-content\/uploads\/2024\/09\/WhatsApp-Image-2024-09-02-at-14.10.45-900x1200.jpeg 900w, https:\/\/fundacionmateo25.com.ar\/wp-content\/uploads\/2024\/09\/WhatsApp-Image-2024-09-02-at-14.10.45-480x640.jpeg 480w, https:\/\/fundacionmateo25.com.ar\/wp-content\/uploads\/2024\/09\/WhatsApp-Image-2024-09-02-at-14.10.45.jpeg 1200w\" sizes=\"(max-width: 768px) 100vw, 768px\" \/><\/figure>\n\n\n\n<figure class=\"wp-block-image size-large\"><img loading=\"lazy\" decoding=\"async\" width=\"461\" height=\"1024\" data-id=\"497\" src=\"https:\/\/fundacionmateo25.com.ar\/wp-content\/uploads\/2024\/09\/WhatsApp-Image-2024-09-02-at-11.59.264-461x1024.jpeg\" alt=\"\" class=\"wp-image-497\" srcset=\"https:\/\/fundacionmateo25.com.ar\/wp-content\/uploads\/2024\/09\/WhatsApp-Image-2024-09-02-at-11.59.264-461x1024.jpeg 461w, https:\/\/fundacionmateo25.com.ar\/wp-content\/uploads\/2024\/09\/WhatsApp-Image-2024-09-02-at-11.59.264-135x300.jpeg 135w, https:\/\/fundacionmateo25.com.ar\/wp-content\/uploads\/2024\/09\/WhatsApp-Image-2024-09-02-at-11.59.264-288x640.jpeg 288w, https:\/\/fundacionmateo25.com.ar\/wp-content\/uploads\/2024\/09\/WhatsApp-Image-2024-09-02-at-11.59.264.jpeg 519w\" sizes=\"(max-width: 461px) 100vw, 461px\" \/><\/figure>\n\n\n\n<figure class=\"wp-block-image size-large\"><img loading=\"lazy\" decoding=\"async\" width=\"1024\" height=\"461\" data-id=\"495\" src=\"https:\/\/fundacionmateo25.com.ar\/wp-content\/uploads\/2024\/09\/WhatsApp-Image-2024-09-02-at-11.59.262-1024x461.jpeg\" alt=\"\" class=\"wp-image-495\" srcset=\"https:\/\/fundacionmateo25.com.ar\/wp-content\/uploads\/2024\/09\/WhatsApp-Image-2024-09-02-at-11.59.262-1024x461.jpeg 1024w, https:\/\/fundacionmateo25.com.ar\/wp-content\/uploads\/2024\/09\/WhatsApp-Image-2024-09-02-at-11.59.262-300x135.jpeg 300w, https:\/\/fundacionmateo25.com.ar\/wp-content\/uploads\/2024\/09\/WhatsApp-Image-2024-09-02-at-11.59.262-768x346.jpeg 768w, https:\/\/fundacionmateo25.com.ar\/wp-content\/uploads\/2024\/09\/WhatsApp-Image-2024-09-02-at-11.59.262-640x288.jpeg 640w, https:\/\/fundacionmateo25.com.ar\/wp-content\/uploads\/2024\/09\/WhatsApp-Image-2024-09-02-at-11.59.262.jpeg 1152w\" sizes=\"(max-width: 1024px) 100vw, 1024px\" \/><\/figure>\n\n\n\n<figure class=\"wp-block-image size-large\"><img loading=\"lazy\" decoding=\"async\" width=\"461\" height=\"1024\" data-id=\"494\" src=\"https:\/\/fundacionmateo25.com.ar\/wp-content\/uploads\/2024\/09\/WhatsApp-Image-2024-09-02-at-11.59.261-461x1024.jpeg\" alt=\"\" class=\"wp-image-494\" srcset=\"https:\/\/fundacionmateo25.com.ar\/wp-content\/uploads\/2024\/09\/WhatsApp-Image-2024-09-02-at-11.59.261-461x1024.jpeg 461w, https:\/\/fundacionmateo25.com.ar\/wp-content\/uploads\/2024\/09\/WhatsApp-Image-2024-09-02-at-11.59.261-135x300.jpeg 135w, https:\/\/fundacionmateo25.com.ar\/wp-content\/uploads\/2024\/09\/WhatsApp-Image-2024-09-02-at-11.59.261-288x640.jpeg 288w, https:\/\/fundacionmateo25.com.ar\/wp-content\/uploads\/2024\/09\/WhatsApp-Image-2024-09-02-at-11.59.261.jpeg 519w\" sizes=\"(max-width: 461px) 100vw, 461px\" \/><\/figure>\n\n\n\n<figure class=\"wp-block-image size-large\"><img loading=\"lazy\" decoding=\"async\" width=\"576\" height=\"1024\" data-id=\"493\" src=\"https:\/\/fundacionmateo25.com.ar\/wp-content\/uploads\/2024\/09\/WhatsApp-Image-2024-09-02-at-11.59.26-576x1024.jpeg\" alt=\"\" class=\"wp-image-493\" srcset=\"https:\/\/fundacionmateo25.com.ar\/wp-content\/uploads\/2024\/09\/WhatsApp-Image-2024-09-02-at-11.59.26-576x1024.jpeg 576w, https:\/\/fundacionmateo25.com.ar\/wp-content\/uploads\/2024\/09\/WhatsApp-Image-2024-09-02-at-11.59.26-169x300.jpeg 169w, https:\/\/fundacionmateo25.com.ar\/wp-content\/uploads\/2024\/09\/WhatsApp-Image-2024-09-02-at-11.59.26-768x1366.jpeg 768w, https:\/\/fundacionmateo25.com.ar\/wp-content\/uploads\/2024\/09\/WhatsApp-Image-2024-09-02-at-11.59.26-864x1536.jpeg 864w, https:\/\/fundacionmateo25.com.ar\/wp-content\/uploads\/2024\/09\/WhatsApp-Image-2024-09-02-at-11.59.26-675x1200.jpeg 675w, https:\/\/fundacionmateo25.com.ar\/wp-content\/uploads\/2024\/09\/WhatsApp-Image-2024-09-02-at-11.59.26-360x640.jpeg 360w, https:\/\/fundacionmateo25.com.ar\/wp-content\/uploads\/2024\/09\/WhatsApp-Image-2024-09-02-at-11.59.26.jpeg 899w\" sizes=\"(max-width: 576px) 100vw, 576px\" \/><\/figure>\n\n\n\n<figure class=\"wp-block-image size-large\"><img loading=\"lazy\" decoding=\"async\" width=\"576\" height=\"1024\" data-id=\"492\" src=\"https:\/\/fundacionmateo25.com.ar\/wp-content\/uploads\/2024\/09\/WhatsApp-Image-2024-09-02-at-11.59.25-576x1024.jpeg\" alt=\"\" class=\"wp-image-492\" srcset=\"https:\/\/fundacionmateo25.com.ar\/wp-content\/uploads\/2024\/09\/WhatsApp-Image-2024-09-02-at-11.59.25-576x1024.jpeg 576w, https:\/\/fundacionmateo25.com.ar\/wp-content\/uploads\/2024\/09\/WhatsApp-Image-2024-09-02-at-11.59.25-169x300.jpeg 169w, https:\/\/fundacionmateo25.com.ar\/wp-content\/uploads\/2024\/09\/WhatsApp-Image-2024-09-02-at-11.59.25-768x1366.jpeg 768w, https:\/\/fundacionmateo25.com.ar\/wp-content\/uploads\/2024\/09\/WhatsApp-Image-2024-09-02-at-11.59.25-864x1536.jpeg 864w, https:\/\/fundacionmateo25.com.ar\/wp-content\/uploads\/2024\/09\/WhatsApp-Image-2024-09-02-at-11.59.25-675x1200.jpeg 675w, https:\/\/fundacionmateo25.com.ar\/wp-content\/uploads\/2024\/09\/WhatsApp-Image-2024-09-02-at-11.59.25-360x640.jpeg 360w, https:\/\/fundacionmateo25.com.ar\/wp-content\/uploads\/2024\/09\/WhatsApp-Image-2024-09-02-at-11.59.25.jpeg 899w\" sizes=\"(max-width: 576px) 100vw, 576px\" \/><\/figure>\n\n\n\n<figure class=\"wp-block-image size-large\"><img loading=\"lazy\" decoding=\"async\" width=\"473\" height=\"1024\" data-id=\"491\" src=\"https:\/\/fundacionmateo25.com.ar\/wp-content\/uploads\/2024\/09\/WhatsApp-Image-2024-09-02-at-11.16.55-473x1024.jpeg\" alt=\"\" class=\"wp-image-491\" srcset=\"https:\/\/fundacionmateo25.com.ar\/wp-content\/uploads\/2024\/09\/WhatsApp-Image-2024-09-02-at-11.16.55-473x1024.jpeg 473w, https:\/\/fundacionmateo25.com.ar\/wp-content\/uploads\/2024\/09\/WhatsApp-Image-2024-09-02-at-11.16.55-139x300.jpeg 139w, https:\/\/fundacionmateo25.com.ar\/wp-content\/uploads\/2024\/09\/WhatsApp-Image-2024-09-02-at-11.16.55-709x1536.jpeg 709w, https:\/\/fundacionmateo25.com.ar\/wp-content\/uploads\/2024\/09\/WhatsApp-Image-2024-09-02-at-11.16.55-554x1200.jpeg 554w, https:\/\/fundacionmateo25.com.ar\/wp-content\/uploads\/2024\/09\/WhatsApp-Image-2024-09-02-at-11.16.55-296x640.jpeg 296w, https:\/\/fundacionmateo25.com.ar\/wp-content\/uploads\/2024\/09\/WhatsApp-Image-2024-09-02-at-11.16.55.jpeg 739w\" sizes=\"(max-width: 473px) 100vw, 473px\" \/><\/figure>\n\n\n\n<figure class=\"wp-block-image size-large\"><img loading=\"lazy\" decoding=\"async\" width=\"473\" height=\"1024\" data-id=\"490\" src=\"https:\/\/fundacionmateo25.com.ar\/wp-content\/uploads\/2024\/09\/WhatsApp-Image-2024-09-02-at-11.16.35-473x1024.jpeg\" alt=\"\" class=\"wp-image-490\" srcset=\"https:\/\/fundacionmateo25.com.ar\/wp-content\/uploads\/2024\/09\/WhatsApp-Image-2024-09-02-at-11.16.35-473x1024.jpeg 473w, https:\/\/fundacionmateo25.com.ar\/wp-content\/uploads\/2024\/09\/WhatsApp-Image-2024-09-02-at-11.16.35-139x300.jpeg 139w, https:\/\/fundacionmateo25.com.ar\/wp-content\/uploads\/2024\/09\/WhatsApp-Image-2024-09-02-at-11.16.35-709x1536.jpeg 709w, https:\/\/fundacionmateo25.com.ar\/wp-content\/uploads\/2024\/09\/WhatsApp-Image-2024-09-02-at-11.16.35-554x1200.jpeg 554w, https:\/\/fundacionmateo25.com.ar\/wp-content\/uploads\/2024\/09\/WhatsApp-Image-2024-09-02-at-11.16.35-296x640.jpeg 296w, https:\/\/fundacionmateo25.com.ar\/wp-content\/uploads\/2024\/09\/WhatsApp-Image-2024-09-02-at-11.16.35.jpeg 739w\" sizes=\"(max-width: 473px) 100vw, 473px\" \/><\/figure>\n<\/figure>\n","protected":false},"excerpt":{"rendered":"<p>La Fundaci\u00f3n Mateo 25 colabora con distintos comedores y merenderos del conturbado bonaerense. La ayuda consiste directamente en dinero en efectivo, para que sea utilizado en lo que m\u00e1s se necesite en cada caso. Nos concentramos en zona&#8230; <a class=\"read-more\" href=\"https:\/\/fundacionmateo25.com.ar\/?page_id=416\">Leer m&aacute;s<\/a><\/p>\n","protected":false},"author":1,"featured_media":259,"parent":0,"menu_order":0,"comment_status":"closed","ping_status":"closed","template":"","meta":{"om_disable_all_campaigns":false,"_monsterinsights_skip_tracking":false,"_monsterinsights_sitenote_active":false,"_monsterinsights_sitenote_note":"","_monsterinsights_sitenote_category":0,"footnotes":""},"class_list":["post-416","page","type-page","status-publish","has-post-thumbnail","hentry","no-comments"],"aioseo_notices":[],"_links":{"self":[{"href":"https:\/\/fundacionmateo25.com.ar\/index.php?rest_route=\/wp\/v2\/pages\/416"}],"collection":[{"href":"https:\/\/fundacionmateo25.com.ar\/index.php?rest_route=\/wp\/v2\/pages"}],"about":[{"href":"https:\/\/fundacionmateo25.com.ar\/index.php?rest_route=\/wp\/v2\/types\/page"}],"author":[{"embeddable":true,"href":"https:\/\/fundacionmateo25.com.ar\/index.php?rest_route=\/wp\/v2\/users\/1"}],"replies":[{"embeddable":true,"href":"https:\/\/fundacionmateo25.com.ar\/index.php?rest_route=%2Fwp%2Fv2%2Fcomments&post=416"}],"version-history":[{"count":3,"href":"https:\/\/fundacionmateo25.com.ar\/index.php?rest_route=\/wp\/v2\/pages\/416\/revisions"}],"predecessor-version":[{"id":506,"href":"https:\/\/fundacionmateo25.com.ar\/index.php?rest_route=\/wp\/v2\/pages\/416\/revisions\/506"}],"wp:featuredmedia":[{"embeddable":true,"href":"https:\/\/fundacionmateo25.com.ar\/index.php?rest_route=\/wp\/v2\/media\/259"}],"wp:attachment":[{"href":"https:\/\/fundacionmateo25.com.ar\/index.php?rest_route=%2Fwp%2Fv2%2Fmedia&parent=416"}],"curies":[{"name":"wp","href":"https:\/\/api.w.org\/{rel}","templated":true}]}}