{"id":423,"date":"2024-09-01T21:47:05","date_gmt":"2024-09-02T00:47:05","guid":{"rendered":"https:\/\/fundacionmateo25.com.ar\/?page_id=423"},"modified":"2024-09-01T23:54:40","modified_gmt":"2024-09-02T02:54:40","slug":"emprendimiento-de-apicultura-3-5","status":"publish","type":"page","link":"https:\/\/fundacionmateo25.com.ar\/?page_id=423","title":{"rendered":"PROGRAMA AYUDAS DE EMERGENCIA"},"content":{"rendered":"\n<p>Se trata, simplemente, de donaci\u00f3n de dinero para alrededor de cincuenta familias carenciadas que no llegan a fin de mes. En especial, el dinero se destina a abonar las facturas de luz y gas, indispensables para, al menos, sobrevivir. Tambi\u00e9n si se necesitan remedios, o \u00fatiles escolares b\u00e1sicos.<\/p>\n\n\n\n<p>En su mayor\u00eda, son familias numerosas, que alquilan sus viviendas en distintos lugares del Gran Buenos Aires. Yo mismo, como presidente de la fundaci\u00f3n, he chequeado alguno de estos casos, para confirmar que estas necesidades sean reales, como l\u00f3gicamente corresponde. Intentamos movernos todos con prudencia, y en el mayor sigilo posible, por razones obvias. Dependiendo de cada caso, estas ayudan son limitadas en tiempo y en montos.<\/p>\n","protected":false},"excerpt":{"rendered":"<p>Se trata, simplemente, de donaci\u00f3n de dinero para alrededor de cincuenta familias carenciadas que no llegan a fin de mes. En especial, el dinero se destina a abonar las facturas de luz y gas, indispensables para, al menos,&#8230; <a class=\"read-more\" href=\"https:\/\/fundacionmateo25.com.ar\/?page_id=423\">Leer m&aacute;s<\/a><\/p>\n","protected":false},"author":1,"featured_media":44,"parent":0,"menu_order":0,"comment_status":"closed","ping_status":"closed","template":"","meta":{"om_disable_all_campaigns":false,"_monsterinsights_skip_tracking":false,"_monsterinsights_sitenote_active":false,"_monsterinsights_sitenote_note":"","_monsterinsights_sitenote_category":0,"footnotes":""},"class_list":["post-423","page","type-page","status-publish","has-post-thumbnail","hentry","no-comments"],"aioseo_notices":[],"_links":{"self":[{"href":"https:\/\/fundacionmateo25.com.ar\/index.php?rest_route=\/wp\/v2\/pages\/423"}],"collection":[{"href":"https:\/\/fundacionmateo25.com.ar\/index.php?rest_route=\/wp\/v2\/pages"}],"about":[{"href":"https:\/\/fundacionmateo25.com.ar\/index.php?rest_route=\/wp\/v2\/types\/page"}],"author":[{"embeddable":true,"href":"https:\/\/fundacionmateo25.com.ar\/index.php?rest_route=\/wp\/v2\/users\/1"}],"replies":[{"embeddable":true,"href":"https:\/\/fundacionmateo25.com.ar\/index.php?rest_route=%2Fwp%2Fv2%2Fcomments&post=423"}],"version-history":[{"count":2,"href":"https:\/\/fundacionmateo25.com.ar\/index.php?rest_route=\/wp\/v2\/pages\/423\/revisions"}],"predecessor-version":[{"id":437,"href":"https:\/\/fundacionmateo25.com.ar\/index.php?rest_route=\/wp\/v2\/pages\/423\/revisions\/437"}],"wp:featuredmedia":[{"embeddable":true,"href":"https:\/\/fundacionmateo25.com.ar\/index.php?rest_route=\/wp\/v2\/media\/44"}],"wp:attachment":[{"href":"https:\/\/fundacionmateo25.com.ar\/index.php?rest_route=%2Fwp%2Fv2%2Fmedia&parent=423"}],"curies":[{"name":"wp","href":"https:\/\/api.w.org\/{rel}","templated":true}]}}