{"id":54,"date":"2023-09-18T22:41:50","date_gmt":"2023-09-19T01:41:50","guid":{"rendered":"https:\/\/fundacionmateo25.com.ar\/?page_id=54"},"modified":"2023-11-24T20:29:59","modified_gmt":"2023-11-24T23:29:59","slug":"emprendimiento-de-apicultura","status":"publish","type":"page","link":"https:\/\/fundacionmateo25.com.ar\/?page_id=54","title":{"rendered":"Emprendimiento de Apicultura"},"content":{"rendered":"\n<div class=\"wp-block-columns is-layout-flex wp-container-core-columns-is-layout-1 wp-block-columns-is-layout-flex\">\n<div class=\"wp-block-column is-layout-flow wp-block-column-is-layout-flow\">\n<figure class=\"wp-block-image size-large\"><img loading=\"lazy\" decoding=\"async\" width=\"768\" height=\"1024\" src=\"http:\/\/fundacionmateo25.com.ar\/wp-content\/uploads\/2023\/09\/WhatsApp-Image-2023-09-09-at-10.48.23-2-768x1024.jpeg\" alt=\"\" class=\"wp-image-59\" srcset=\"https:\/\/fundacionmateo25.com.ar\/wp-content\/uploads\/2023\/09\/WhatsApp-Image-2023-09-09-at-10.48.23-2-768x1024.jpeg 768w, https:\/\/fundacionmateo25.com.ar\/wp-content\/uploads\/2023\/09\/WhatsApp-Image-2023-09-09-at-10.48.23-2-225x300.jpeg 225w, https:\/\/fundacionmateo25.com.ar\/wp-content\/uploads\/2023\/09\/WhatsApp-Image-2023-09-09-at-10.48.23-2-1152x1536.jpeg 1152w, https:\/\/fundacionmateo25.com.ar\/wp-content\/uploads\/2023\/09\/WhatsApp-Image-2023-09-09-at-10.48.23-2-900x1200.jpeg 900w, https:\/\/fundacionmateo25.com.ar\/wp-content\/uploads\/2023\/09\/WhatsApp-Image-2023-09-09-at-10.48.23-2-480x640.jpeg 480w, https:\/\/fundacionmateo25.com.ar\/wp-content\/uploads\/2023\/09\/WhatsApp-Image-2023-09-09-at-10.48.23-2.jpeg 1200w\" sizes=\"(max-width: 768px) 100vw, 768px\" \/><\/figure>\n<\/div>\n\n\n\n<div class=\"wp-block-column is-layout-flow wp-block-column-is-layout-flow\">\n<figure class=\"wp-block-image size-large\"><img loading=\"lazy\" decoding=\"async\" width=\"768\" height=\"1024\" src=\"http:\/\/fundacionmateo25.com.ar\/wp-content\/uploads\/2023\/09\/WhatsApp-Image-2023-09-09-at-10.48.25-768x1024.jpeg\" alt=\"\" class=\"wp-image-63\" srcset=\"https:\/\/fundacionmateo25.com.ar\/wp-content\/uploads\/2023\/09\/WhatsApp-Image-2023-09-09-at-10.48.25-768x1024.jpeg 768w, https:\/\/fundacionmateo25.com.ar\/wp-content\/uploads\/2023\/09\/WhatsApp-Image-2023-09-09-at-10.48.25-225x300.jpeg 225w, https:\/\/fundacionmateo25.com.ar\/wp-content\/uploads\/2023\/09\/WhatsApp-Image-2023-09-09-at-10.48.25-1152x1536.jpeg 1152w, https:\/\/fundacionmateo25.com.ar\/wp-content\/uploads\/2023\/09\/WhatsApp-Image-2023-09-09-at-10.48.25-900x1200.jpeg 900w, https:\/\/fundacionmateo25.com.ar\/wp-content\/uploads\/2023\/09\/WhatsApp-Image-2023-09-09-at-10.48.25-480x640.jpeg 480w, https:\/\/fundacionmateo25.com.ar\/wp-content\/uploads\/2023\/09\/WhatsApp-Image-2023-09-09-at-10.48.25.jpeg 1200w\" sizes=\"(max-width: 768px) 100vw, 768px\" \/><\/figure>\n<\/div>\n\n\n\n<div class=\"wp-block-column is-layout-flow wp-block-column-is-layout-flow\">\n<figure class=\"wp-block-image size-large\"><img loading=\"lazy\" decoding=\"async\" width=\"768\" height=\"1024\" src=\"http:\/\/fundacionmateo25.com.ar\/wp-content\/uploads\/2023\/09\/WhatsApp-Image-2023-09-09-at-10.48.23-1-768x1024.jpeg\" alt=\"\" class=\"wp-image-57\" srcset=\"https:\/\/fundacionmateo25.com.ar\/wp-content\/uploads\/2023\/09\/WhatsApp-Image-2023-09-09-at-10.48.23-1-768x1024.jpeg 768w, https:\/\/fundacionmateo25.com.ar\/wp-content\/uploads\/2023\/09\/WhatsApp-Image-2023-09-09-at-10.48.23-1-225x300.jpeg 225w, https:\/\/fundacionmateo25.com.ar\/wp-content\/uploads\/2023\/09\/WhatsApp-Image-2023-09-09-at-10.48.23-1-1152x1536.jpeg 1152w, https:\/\/fundacionmateo25.com.ar\/wp-content\/uploads\/2023\/09\/WhatsApp-Image-2023-09-09-at-10.48.23-1-900x1200.jpeg 900w, https:\/\/fundacionmateo25.com.ar\/wp-content\/uploads\/2023\/09\/WhatsApp-Image-2023-09-09-at-10.48.23-1-480x640.jpeg 480w, https:\/\/fundacionmateo25.com.ar\/wp-content\/uploads\/2023\/09\/WhatsApp-Image-2023-09-09-at-10.48.23-1.jpeg 1200w\" sizes=\"(max-width: 768px) 100vw, 768px\" \/><\/figure>\n<\/div>\n<\/div>\n\n\n\n<p>En Nepes, La Rioja.<\/p>\n\n\n\n<p>Desde la Asociaci\u00f3n Martin Cunz quisimos generar un nuevo emprendimiento fortaleciendo lazos solidarios. Desde mayo 2022 comenzamos comprando 2 colmenas. Desde febrero 2023 tenemos 5 colmenas y en octubre de este a\u00f1o queremos tener 12 colmenas. No es f\u00e1cil el trabajo porque hay que aprender TODO: La Vida de las abejas, el manejo de las colmenas, el clima, la curva de floraci\u00f3n, proveerse de la indumentaria, de los insumos para las colmenas, y tantos otros conocimientos.<\/p>\n\n\n\n<p>Pero aqu\u00ed viene lo bueno. Nos juntamos los peque\u00f1os productores y el que sabe m\u00e1s ense\u00f1a al que sabe menos o como en nuestro caso, no sab\u00edamos nada. Estamos aprendiendo. Trabajando. Participamos de Cursos, de Encuentros y Ferias. Visitamos las colmenas en grupos, uno pone la camioneta, otro sus conocimientos, otros su fuerza y nos ayudamos.<\/p>\n\n\n\n<p>As\u00ed participamos de Concursos. Nosotros como Asociaci\u00f3n en la persona de Mabel Moyano logramos un segundo puesto en mieles oscuras en Azul, Provincia de Buenos Aires. Miguel Loyola, peque\u00f1o productor (compa\u00f1ero de trabajo) logro segundo y tercer puesto en mieles claras en la Provincia de La Rioja. Jos\u00e9 Tello es quien nos orienta y nos ense\u00f1a. Peque\u00f1o productor muy trabajador y sacrificado. Tambi\u00e9n participan Mercedes Roldan, Andr\u00e9s Loyola, en nuestro \u201cEquipo\u201d de trabajo. Con todos ellos estamos terminando de refaccionar una Sala que ser\u00e1 nuestra Sala de Extracci\u00f3n de miel. La Asociaci\u00f3n compr\u00f3 las maquinas necesarias. Sera un elemento de mucha importancia para ofrecer el servicio de Extracci\u00f3n de miel a otros productores.<\/p>\n\n\n\n<figure class=\"wp-block-gallery has-nested-images columns-default is-cropped wp-block-gallery-1 is-layout-flex wp-block-gallery-is-layout-flex\">\n<figure class=\"wp-block-image size-large\"><img loading=\"lazy\" decoding=\"async\" width=\"768\" height=\"1024\" data-id=\"56\" src=\"https:\/\/fundacionmateo25.com.ar\/wp-content\/uploads\/2023\/09\/WhatsApp-Image-2023-09-09-at-10.48.21-768x1024.jpeg\" alt=\"\" class=\"wp-image-56\" srcset=\"https:\/\/fundacionmateo25.com.ar\/wp-content\/uploads\/2023\/09\/WhatsApp-Image-2023-09-09-at-10.48.21-768x1024.jpeg 768w, https:\/\/fundacionmateo25.com.ar\/wp-content\/uploads\/2023\/09\/WhatsApp-Image-2023-09-09-at-10.48.21-225x300.jpeg 225w, https:\/\/fundacionmateo25.com.ar\/wp-content\/uploads\/2023\/09\/WhatsApp-Image-2023-09-09-at-10.48.21-1152x1536.jpeg 1152w, https:\/\/fundacionmateo25.com.ar\/wp-content\/uploads\/2023\/09\/WhatsApp-Image-2023-09-09-at-10.48.21-900x1200.jpeg 900w, https:\/\/fundacionmateo25.com.ar\/wp-content\/uploads\/2023\/09\/WhatsApp-Image-2023-09-09-at-10.48.21-480x640.jpeg 480w, https:\/\/fundacionmateo25.com.ar\/wp-content\/uploads\/2023\/09\/WhatsApp-Image-2023-09-09-at-10.48.21.jpeg 1200w\" sizes=\"(max-width: 768px) 100vw, 768px\" \/><\/figure>\n\n\n\n<figure class=\"wp-block-image size-large\"><img loading=\"lazy\" decoding=\"async\" width=\"768\" height=\"1024\" data-id=\"60\" src=\"http:\/\/fundacionmateo25.com.ar\/wp-content\/uploads\/2023\/09\/WhatsApp-Image-2023-09-09-at-10.48.24-768x1024.jpeg\" alt=\"\" class=\"wp-image-60\" srcset=\"https:\/\/fundacionmateo25.com.ar\/wp-content\/uploads\/2023\/09\/WhatsApp-Image-2023-09-09-at-10.48.24-768x1024.jpeg 768w, https:\/\/fundacionmateo25.com.ar\/wp-content\/uploads\/2023\/09\/WhatsApp-Image-2023-09-09-at-10.48.24-225x300.jpeg 225w, https:\/\/fundacionmateo25.com.ar\/wp-content\/uploads\/2023\/09\/WhatsApp-Image-2023-09-09-at-10.48.24-1152x1536.jpeg 1152w, https:\/\/fundacionmateo25.com.ar\/wp-content\/uploads\/2023\/09\/WhatsApp-Image-2023-09-09-at-10.48.24-900x1200.jpeg 900w, https:\/\/fundacionmateo25.com.ar\/wp-content\/uploads\/2023\/09\/WhatsApp-Image-2023-09-09-at-10.48.24-480x640.jpeg 480w, https:\/\/fundacionmateo25.com.ar\/wp-content\/uploads\/2023\/09\/WhatsApp-Image-2023-09-09-at-10.48.24.jpeg 1200w\" sizes=\"(max-width: 768px) 100vw, 768px\" \/><\/figure>\n\n\n\n<figure class=\"wp-block-image size-large\"><img loading=\"lazy\" decoding=\"async\" width=\"768\" height=\"1024\" data-id=\"62\" src=\"https:\/\/fundacionmateo25.com.ar\/wp-content\/uploads\/2023\/09\/WhatsApp-Image-2023-09-09-at-10.48.23-3-768x1024.jpeg\" alt=\"\" class=\"wp-image-62\" srcset=\"https:\/\/fundacionmateo25.com.ar\/wp-content\/uploads\/2023\/09\/WhatsApp-Image-2023-09-09-at-10.48.23-3-768x1024.jpeg 768w, https:\/\/fundacionmateo25.com.ar\/wp-content\/uploads\/2023\/09\/WhatsApp-Image-2023-09-09-at-10.48.23-3-225x300.jpeg 225w, https:\/\/fundacionmateo25.com.ar\/wp-content\/uploads\/2023\/09\/WhatsApp-Image-2023-09-09-at-10.48.23-3-1152x1536.jpeg 1152w, https:\/\/fundacionmateo25.com.ar\/wp-content\/uploads\/2023\/09\/WhatsApp-Image-2023-09-09-at-10.48.23-3-900x1200.jpeg 900w, https:\/\/fundacionmateo25.com.ar\/wp-content\/uploads\/2023\/09\/WhatsApp-Image-2023-09-09-at-10.48.23-3-480x640.jpeg 480w, https:\/\/fundacionmateo25.com.ar\/wp-content\/uploads\/2023\/09\/WhatsApp-Image-2023-09-09-at-10.48.23-3.jpeg 1200w\" sizes=\"(max-width: 768px) 100vw, 768px\" \/><\/figure>\n\n\n\n<figure class=\"wp-block-image size-large\"><img loading=\"lazy\" decoding=\"async\" width=\"1024\" height=\"768\" data-id=\"61\" src=\"https:\/\/fundacionmateo25.com.ar\/wp-content\/uploads\/2023\/09\/WhatsApp-Image-2023-09-09-at-10.48.23-1024x768.jpeg\" alt=\"\" class=\"wp-image-61\" srcset=\"https:\/\/fundacionmateo25.com.ar\/wp-content\/uploads\/2023\/09\/WhatsApp-Image-2023-09-09-at-10.48.23-1024x768.jpeg 1024w, https:\/\/fundacionmateo25.com.ar\/wp-content\/uploads\/2023\/09\/WhatsApp-Image-2023-09-09-at-10.48.23-300x225.jpeg 300w, https:\/\/fundacionmateo25.com.ar\/wp-content\/uploads\/2023\/09\/WhatsApp-Image-2023-09-09-at-10.48.23-768x576.jpeg 768w, https:\/\/fundacionmateo25.com.ar\/wp-content\/uploads\/2023\/09\/WhatsApp-Image-2023-09-09-at-10.48.23-1536x1152.jpeg 1536w, https:\/\/fundacionmateo25.com.ar\/wp-content\/uploads\/2023\/09\/WhatsApp-Image-2023-09-09-at-10.48.23-640x480.jpeg 640w, https:\/\/fundacionmateo25.com.ar\/wp-content\/uploads\/2023\/09\/WhatsApp-Image-2023-09-09-at-10.48.23.jpeg 1600w\" sizes=\"(max-width: 1024px) 100vw, 1024px\" \/><\/figure>\n\n\n\n<figure class=\"wp-block-image size-large\"><img loading=\"lazy\" decoding=\"async\" width=\"768\" height=\"1024\" data-id=\"65\" src=\"https:\/\/fundacionmateo25.com.ar\/wp-content\/uploads\/2023\/09\/WhatsApp-Image-2023-09-09-at-10.48.24-1-768x1024.jpeg\" alt=\"\" class=\"wp-image-65\" srcset=\"https:\/\/fundacionmateo25.com.ar\/wp-content\/uploads\/2023\/09\/WhatsApp-Image-2023-09-09-at-10.48.24-1-768x1024.jpeg 768w, https:\/\/fundacionmateo25.com.ar\/wp-content\/uploads\/2023\/09\/WhatsApp-Image-2023-09-09-at-10.48.24-1-225x300.jpeg 225w, https:\/\/fundacionmateo25.com.ar\/wp-content\/uploads\/2023\/09\/WhatsApp-Image-2023-09-09-at-10.48.24-1-1152x1536.jpeg 1152w, https:\/\/fundacionmateo25.com.ar\/wp-content\/uploads\/2023\/09\/WhatsApp-Image-2023-09-09-at-10.48.24-1-900x1200.jpeg 900w, https:\/\/fundacionmateo25.com.ar\/wp-content\/uploads\/2023\/09\/WhatsApp-Image-2023-09-09-at-10.48.24-1-480x640.jpeg 480w, https:\/\/fundacionmateo25.com.ar\/wp-content\/uploads\/2023\/09\/WhatsApp-Image-2023-09-09-at-10.48.24-1.jpeg 1200w\" sizes=\"(max-width: 768px) 100vw, 768px\" \/><\/figure>\n\n\n\n<figure class=\"wp-block-image size-large\"><img loading=\"lazy\" decoding=\"async\" width=\"768\" height=\"1024\" data-id=\"64\" src=\"https:\/\/fundacionmateo25.com.ar\/wp-content\/uploads\/2023\/09\/WhatsApp-Image-2023-09-09-at-10.48.24-2-768x1024.jpeg\" alt=\"\" class=\"wp-image-64\" srcset=\"https:\/\/fundacionmateo25.com.ar\/wp-content\/uploads\/2023\/09\/WhatsApp-Image-2023-09-09-at-10.48.24-2-768x1024.jpeg 768w, https:\/\/fundacionmateo25.com.ar\/wp-content\/uploads\/2023\/09\/WhatsApp-Image-2023-09-09-at-10.48.24-2-225x300.jpeg 225w, https:\/\/fundacionmateo25.com.ar\/wp-content\/uploads\/2023\/09\/WhatsApp-Image-2023-09-09-at-10.48.24-2-1152x1536.jpeg 1152w, https:\/\/fundacionmateo25.com.ar\/wp-content\/uploads\/2023\/09\/WhatsApp-Image-2023-09-09-at-10.48.24-2-900x1200.jpeg 900w, https:\/\/fundacionmateo25.com.ar\/wp-content\/uploads\/2023\/09\/WhatsApp-Image-2023-09-09-at-10.48.24-2-480x640.jpeg 480w, https:\/\/fundacionmateo25.com.ar\/wp-content\/uploads\/2023\/09\/WhatsApp-Image-2023-09-09-at-10.48.24-2.jpeg 1200w\" sizes=\"(max-width: 768px) 100vw, 768px\" \/><\/figure>\n\n\n\n<figure class=\"wp-block-image size-large\"><img loading=\"lazy\" decoding=\"async\" width=\"768\" height=\"1024\" data-id=\"60\" src=\"https:\/\/fundacionmateo25.com.ar\/wp-content\/uploads\/2023\/09\/WhatsApp-Image-2023-09-09-at-10.48.24-768x1024.jpeg\" alt=\"\" class=\"wp-image-60\" srcset=\"https:\/\/fundacionmateo25.com.ar\/wp-content\/uploads\/2023\/09\/WhatsApp-Image-2023-09-09-at-10.48.24-768x1024.jpeg 768w, https:\/\/fundacionmateo25.com.ar\/wp-content\/uploads\/2023\/09\/WhatsApp-Image-2023-09-09-at-10.48.24-225x300.jpeg 225w, https:\/\/fundacionmateo25.com.ar\/wp-content\/uploads\/2023\/09\/WhatsApp-Image-2023-09-09-at-10.48.24-1152x1536.jpeg 1152w, https:\/\/fundacionmateo25.com.ar\/wp-content\/uploads\/2023\/09\/WhatsApp-Image-2023-09-09-at-10.48.24-900x1200.jpeg 900w, https:\/\/fundacionmateo25.com.ar\/wp-content\/uploads\/2023\/09\/WhatsApp-Image-2023-09-09-at-10.48.24-480x640.jpeg 480w, https:\/\/fundacionmateo25.com.ar\/wp-content\/uploads\/2023\/09\/WhatsApp-Image-2023-09-09-at-10.48.24.jpeg 1200w\" sizes=\"(max-width: 768px) 100vw, 768px\" \/><\/figure>\n\n\n\n<figure class=\"wp-block-image size-large\"><img loading=\"lazy\" decoding=\"async\" width=\"768\" height=\"1024\" data-id=\"63\" src=\"https:\/\/fundacionmateo25.com.ar\/wp-content\/uploads\/2023\/09\/WhatsApp-Image-2023-09-09-at-10.48.25-768x1024.jpeg\" alt=\"\" class=\"wp-image-63\" srcset=\"https:\/\/fundacionmateo25.com.ar\/wp-content\/uploads\/2023\/09\/WhatsApp-Image-2023-09-09-at-10.48.25-768x1024.jpeg 768w, https:\/\/fundacionmateo25.com.ar\/wp-content\/uploads\/2023\/09\/WhatsApp-Image-2023-09-09-at-10.48.25-225x300.jpeg 225w, https:\/\/fundacionmateo25.com.ar\/wp-content\/uploads\/2023\/09\/WhatsApp-Image-2023-09-09-at-10.48.25-1152x1536.jpeg 1152w, https:\/\/fundacionmateo25.com.ar\/wp-content\/uploads\/2023\/09\/WhatsApp-Image-2023-09-09-at-10.48.25-900x1200.jpeg 900w, https:\/\/fundacionmateo25.com.ar\/wp-content\/uploads\/2023\/09\/WhatsApp-Image-2023-09-09-at-10.48.25-480x640.jpeg 480w, https:\/\/fundacionmateo25.com.ar\/wp-content\/uploads\/2023\/09\/WhatsApp-Image-2023-09-09-at-10.48.25.jpeg 1200w\" sizes=\"(max-width: 768px) 100vw, 768px\" \/><\/figure>\n\n\n\n<figure class=\"wp-block-image size-large\"><img loading=\"lazy\" decoding=\"async\" width=\"395\" height=\"603\" data-id=\"58\" src=\"https:\/\/fundacionmateo25.com.ar\/wp-content\/uploads\/2023\/09\/WhatsApp-Image-2023-09-09-at-10.49.24.jpeg\" alt=\"\" class=\"wp-image-58\" srcset=\"https:\/\/fundacionmateo25.com.ar\/wp-content\/uploads\/2023\/09\/WhatsApp-Image-2023-09-09-at-10.49.24.jpeg 395w, https:\/\/fundacionmateo25.com.ar\/wp-content\/uploads\/2023\/09\/WhatsApp-Image-2023-09-09-at-10.49.24-197x300.jpeg 197w\" sizes=\"(max-width: 395px) 100vw, 395px\" \/><\/figure>\n<\/figure>\n","protected":false},"excerpt":{"rendered":"<p>En Nepes, La Rioja. Desde la Asociaci\u00f3n Martin Cunz quisimos generar un nuevo emprendimiento fortaleciendo lazos solidarios. Desde mayo 2022 comenzamos comprando 2 colmenas. Desde febrero 2023 tenemos 5 colmenas y en octubre de este a\u00f1o queremos tener&#8230; <a class=\"read-more\" href=\"https:\/\/fundacionmateo25.com.ar\/?page_id=54\">Leer m&aacute;s<\/a><\/p>\n","protected":false},"author":1,"featured_media":63,"parent":0,"menu_order":0,"comment_status":"closed","ping_status":"closed","template":"","meta":{"om_disable_all_campaigns":false,"_monsterinsights_skip_tracking":false,"_monsterinsights_sitenote_active":false,"_monsterinsights_sitenote_note":"","_monsterinsights_sitenote_category":0,"footnotes":""},"class_list":["post-54","page","type-page","status-publish","has-post-thumbnail","hentry","no-comments"],"aioseo_notices":[],"_links":{"self":[{"href":"https:\/\/fundacionmateo25.com.ar\/index.php?rest_route=\/wp\/v2\/pages\/54"}],"collection":[{"href":"https:\/\/fundacionmateo25.com.ar\/index.php?rest_route=\/wp\/v2\/pages"}],"about":[{"href":"https:\/\/fundacionmateo25.com.ar\/index.php?rest_route=\/wp\/v2\/types\/page"}],"author":[{"embeddable":true,"href":"https:\/\/fundacionmateo25.com.ar\/index.php?rest_route=\/wp\/v2\/users\/1"}],"replies":[{"embeddable":true,"href":"https:\/\/fundacionmateo25.com.ar\/index.php?rest_route=%2Fwp%2Fv2%2Fcomments&post=54"}],"version-history":[{"count":2,"href":"https:\/\/fundacionmateo25.com.ar\/index.php?rest_route=\/wp\/v2\/pages\/54\/revisions"}],"predecessor-version":[{"id":83,"href":"https:\/\/fundacionmateo25.com.ar\/index.php?rest_route=\/wp\/v2\/pages\/54\/revisions\/83"}],"wp:featuredmedia":[{"embeddable":true,"href":"https:\/\/fundacionmateo25.com.ar\/index.php?rest_route=\/wp\/v2\/media\/63"}],"wp:attachment":[{"href":"https:\/\/fundacionmateo25.com.ar\/index.php?rest_route=%2Fwp%2Fv2%2Fmedia&parent=54"}],"curies":[{"name":"wp","href":"https:\/\/api.w.org\/{rel}","templated":true}]}}