{"id":679,"date":"2026-03-15T20:40:29","date_gmt":"2026-03-15T23:40:29","guid":{"rendered":"https:\/\/fundacionmateo25.com.ar\/?page_id=679"},"modified":"2026-03-15T20:57:18","modified_gmt":"2026-03-15T23:57:18","slug":"emprendimiento-de-apicultura-3-2-2","status":"publish","type":"page","link":"https:\/\/fundacionmateo25.com.ar\/?page_id=679","title":{"rendered":"VALOREMOS LA VIDA"},"content":{"rendered":"\n<figure class=\"wp-block-gallery has-nested-images columns-default is-cropped wp-block-gallery-1 is-layout-flex wp-block-gallery-is-layout-flex\">\n<figure class=\"wp-block-image size-large is-style-default\"><img loading=\"lazy\" decoding=\"async\" width=\"720\" height=\"540\" data-id=\"681\" src=\"https:\/\/fundacionmateo25.com.ar\/wp-content\/uploads\/2026\/03\/ValoremosLaVida-edited.jpeg\" alt=\"\" class=\"wp-image-681\" srcset=\"https:\/\/fundacionmateo25.com.ar\/wp-content\/uploads\/2026\/03\/ValoremosLaVida-edited.jpeg 720w, https:\/\/fundacionmateo25.com.ar\/wp-content\/uploads\/2026\/03\/ValoremosLaVida-edited-300x225.jpeg 300w, https:\/\/fundacionmateo25.com.ar\/wp-content\/uploads\/2026\/03\/ValoremosLaVida-edited-640x480.jpeg 640w\" sizes=\"(max-width: 720px) 100vw, 720px\" \/><\/figure>\n<\/figure>\n\n\n\n<p><strong>Valoremos la Vida<\/strong> es un Taller Protegido situado en el barrio La Sirena, partido de Florencio Varela. La instituci\u00f3n asiste diariamente a 50 j\u00f3venes y adultos con discapacidad intelectual leve o moderada, capacit\u00e1ndolos en el proceso de elaboraci\u00f3n de productos panificados. La jornada se desarrolla de lunes a viernes, de 8:00 a 16:00 horas, per\u00edodo durante el cual se garantiza tambi\u00e9n la cobertura alimentaria (desayuno, almuerzo y merienda).<\/p>\n\n\n\n<p>Nuestro principal objetivo es mejorar la calidad de vida de los concurrentes mediante un espacio de rehabilitaci\u00f3n integral, contenci\u00f3n y cuidado. Promovemos una formaci\u00f3n basada en la adquisici\u00f3n de valores espirituales, humanos y sociales. Todo esto se logra a trav\u00e9s de un s\u00f3lido trabajo en equipo, que extiende el apoyo y la contenci\u00f3n emocional hacia el grupo familiar.<\/p>\n\n\n\n<p> Continuaremos buscando recursos para apoyar tan noble causa.<\/p>\n\n\n\n<figure class=\"wp-block-image size-full\"><img loading=\"lazy\" decoding=\"async\" width=\"381\" height=\"267\" src=\"https:\/\/fundacionmateo25.com.ar\/wp-content\/uploads\/2026\/03\/ValoremosLaVIda2.png\" alt=\"\" class=\"wp-image-697\" srcset=\"https:\/\/fundacionmateo25.com.ar\/wp-content\/uploads\/2026\/03\/ValoremosLaVIda2.png 381w, https:\/\/fundacionmateo25.com.ar\/wp-content\/uploads\/2026\/03\/ValoremosLaVIda2-300x210.png 300w\" sizes=\"(max-width: 381px) 100vw, 381px\" \/><\/figure>\n","protected":false},"excerpt":{"rendered":"<p>Valoremos la Vida es un Taller Protegido situado en el barrio La Sirena, partido de Florencio Varela. La instituci\u00f3n asiste diariamente a 50 j\u00f3venes y adultos con discapacidad intelectual leve o moderada, capacit\u00e1ndolos en el proceso de elaboraci\u00f3n&#8230; <a class=\"read-more\" href=\"https:\/\/fundacionmateo25.com.ar\/?page_id=679\">Leer m&aacute;s<\/a><\/p>\n","protected":false},"author":1,"featured_media":44,"parent":0,"menu_order":0,"comment_status":"closed","ping_status":"closed","template":"","meta":{"om_disable_all_campaigns":false,"_monsterinsights_skip_tracking":false,"_monsterinsights_sitenote_active":false,"_monsterinsights_sitenote_note":"","_monsterinsights_sitenote_category":0,"footnotes":""},"class_list":["post-679","page","type-page","status-publish","has-post-thumbnail","hentry","no-comments"],"aioseo_notices":[],"_links":{"self":[{"href":"https:\/\/fundacionmateo25.com.ar\/index.php?rest_route=\/wp\/v2\/pages\/679"}],"collection":[{"href":"https:\/\/fundacionmateo25.com.ar\/index.php?rest_route=\/wp\/v2\/pages"}],"about":[{"href":"https:\/\/fundacionmateo25.com.ar\/index.php?rest_route=\/wp\/v2\/types\/page"}],"author":[{"embeddable":true,"href":"https:\/\/fundacionmateo25.com.ar\/index.php?rest_route=\/wp\/v2\/users\/1"}],"replies":[{"embeddable":true,"href":"https:\/\/fundacionmateo25.com.ar\/index.php?rest_route=%2Fwp%2Fv2%2Fcomments&post=679"}],"version-history":[{"count":3,"href":"https:\/\/fundacionmateo25.com.ar\/index.php?rest_route=\/wp\/v2\/pages\/679\/revisions"}],"predecessor-version":[{"id":713,"href":"https:\/\/fundacionmateo25.com.ar\/index.php?rest_route=\/wp\/v2\/pages\/679\/revisions\/713"}],"wp:featuredmedia":[{"embeddable":true,"href":"https:\/\/fundacionmateo25.com.ar\/index.php?rest_route=\/wp\/v2\/media\/44"}],"wp:attachment":[{"href":"https:\/\/fundacionmateo25.com.ar\/index.php?rest_route=%2Fwp%2Fv2%2Fmedia&parent=679"}],"curies":[{"name":"wp","href":"https:\/\/api.w.org\/{rel}","templated":true}]}}