{"id":683,"date":"2026-03-15T20:52:12","date_gmt":"2026-03-15T23:52:12","guid":{"rendered":"https:\/\/fundacionmateo25.com.ar\/?page_id=683"},"modified":"2026-03-15T21:03:35","modified_gmt":"2026-03-16T00:03:35","slug":"emprendimiento-de-apicultura-3-2-3","status":"publish","type":"page","link":"https:\/\/fundacionmateo25.com.ar\/?page_id=683","title":{"rendered":"Esperanza de Vida"},"content":{"rendered":"\n<figure class=\"wp-block-image size-large\"><img loading=\"lazy\" decoding=\"async\" width=\"1024\" height=\"683\" src=\"https:\/\/fundacionmateo25.com.ar\/wp-content\/uploads\/2026\/03\/WhatsApp-Image-2026-03-15-at-14.29.22-edited-1.jpeg\" alt=\"\" class=\"wp-image-686\" srcset=\"https:\/\/fundacionmateo25.com.ar\/wp-content\/uploads\/2026\/03\/WhatsApp-Image-2026-03-15-at-14.29.22-edited-1.jpeg 1024w, https:\/\/fundacionmateo25.com.ar\/wp-content\/uploads\/2026\/03\/WhatsApp-Image-2026-03-15-at-14.29.22-edited-1-300x200.jpeg 300w, https:\/\/fundacionmateo25.com.ar\/wp-content\/uploads\/2026\/03\/WhatsApp-Image-2026-03-15-at-14.29.22-edited-1-768x512.jpeg 768w, https:\/\/fundacionmateo25.com.ar\/wp-content\/uploads\/2026\/03\/WhatsApp-Image-2026-03-15-at-14.29.22-edited-1-640x427.jpeg 640w\" sizes=\"(max-width: 1024px) 100vw, 1024px\" \/><\/figure>\n\n\n\n<p>Esperanza de Vida<br>(Calle 1134 N\u00b0 2392. Ingeniero Allan)<\/p>\n\n\n\n<p>Esperanza de Vida es un espacio de perfil comunitario que forma parte de la red de centros para personas con diversidad funcional de la Asociaci\u00f3n Civil PROFACADI. Al mismo concurren 55 personas en situaci\u00f3n de discapacidad, entre ellos usuarios que transitan padecimientos de salud mental y discapacidad intelectual.<br>Este espacio nace de la convicci\u00f3n profunda de que son las barreras sociales, y no las caracter\u00edsticas individuales, las que &#8220;discapacitan&#8221; a las personas. Por lo tanto, nuestro objetivo principal es eliminar esas barreras y ofrecer un dispositivo que brinde igualdad de oportunidades; fortaleciendo las habilidades sociales, emocionales, cognitivas y f\u00edsicas, de los usuarios promoviendo su autonom\u00eda, bienestar general y su participaci\u00f3n activa en la comunidad.<br>Actividades que se desarrollan:<br>Talleres de desarrollo de habilidades: a fin de fomentar la autonom\u00eda a trav\u00e9s de talleres de vida independiente (cocina, limpieza, manejo de dinero).<br>Actividades recreativas y culturales: Organizamos actividades que promueven la integraci\u00f3n y el disfrute en las que se comparte con otras organizaciones y sectores de la comunidad, como salidas culturales, deportes, talleres de percusi\u00f3n y murga, m\u00fasica y teatro.<br>Apoyo terap\u00e9utico: El redondel es un espacio terap\u00e9utico de encuentro grupal, coordinado por una psic\u00f3loga social y coach ontol\u00f3gica, donde se favorece la expresi\u00f3n, la escucha y la reflexi\u00f3n compartida. A trav\u00e9s del di\u00e1logo y la contenci\u00f3n grupal, se abordan emociones, dificultades y conflictos que puedan surgir en la convivencia o en el trabajo cotidiano, promoviendo as\u00ed el bienestar emocional, el fortalecimiento de v\u00ednculos y el desarrollo de recursos personales y grupales, brindando los apoyos necesarios a los usuarios.<br>Orientaci\u00f3n y acompa\u00f1amiento social a las familias: brindamos apoyo y recursos a las familias, ofreciendo informaci\u00f3n respecto de gesti\u00f3n de recursos y a fin de que pueden hacer exigibles el cumplimiento de sus derechos.<br>Espacio de Escuela de adultos: se ofrece un espacio pedag\u00f3gico que se brinda en articulaci\u00f3n con la escuela Primaria de J\u00f3venes y Adulto N\u00b0 706.<br>Prestaci\u00f3n alimentaria: se brinda desayuno y almuerzo a los usuarios. Cuando existe la posibilidad se otorga un refuerzo alimentario para las familias.<br>V\u00ednculos con la comunidad: Promovemos la participaci\u00f3n en actividades comunitarias externas en las que participamos con la murga conformada por los mismos usuarios del espacio.<\/p>\n\n\n\n<p> Continuaremos buscando recursos para apoyar tan noble causa.<\/p>\n\n\n\n<figure class=\"wp-block-gallery has-nested-images columns-default is-cropped wp-block-gallery-1 is-layout-flex wp-block-gallery-is-layout-flex\">\n<figure class=\"wp-block-image size-large\"><img loading=\"lazy\" decoding=\"async\" width=\"768\" height=\"1024\" data-id=\"687\" src=\"https:\/\/fundacionmateo25.com.ar\/wp-content\/uploads\/2026\/03\/WhatsApp-Image-2026-03-15-at-14.29.53-768x1024.jpeg\" alt=\"\" class=\"wp-image-687\" srcset=\"https:\/\/fundacionmateo25.com.ar\/wp-content\/uploads\/2026\/03\/WhatsApp-Image-2026-03-15-at-14.29.53-768x1024.jpeg 768w, https:\/\/fundacionmateo25.com.ar\/wp-content\/uploads\/2026\/03\/WhatsApp-Image-2026-03-15-at-14.29.53-225x300.jpeg 225w, https:\/\/fundacionmateo25.com.ar\/wp-content\/uploads\/2026\/03\/WhatsApp-Image-2026-03-15-at-14.29.53-1152x1536.jpeg 1152w, https:\/\/fundacionmateo25.com.ar\/wp-content\/uploads\/2026\/03\/WhatsApp-Image-2026-03-15-at-14.29.53-900x1200.jpeg 900w, https:\/\/fundacionmateo25.com.ar\/wp-content\/uploads\/2026\/03\/WhatsApp-Image-2026-03-15-at-14.29.53-480x640.jpeg 480w, https:\/\/fundacionmateo25.com.ar\/wp-content\/uploads\/2026\/03\/WhatsApp-Image-2026-03-15-at-14.29.53.jpeg 1200w\" sizes=\"(max-width: 768px) 100vw, 768px\" \/><\/figure>\n\n\n\n<figure class=\"wp-block-image size-large\"><img loading=\"lazy\" decoding=\"async\" width=\"768\" height=\"1024\" data-id=\"688\" src=\"https:\/\/fundacionmateo25.com.ar\/wp-content\/uploads\/2026\/03\/WhatsApp-Image-2026-03-15-at-14.29.531-768x1024.jpeg\" alt=\"\" class=\"wp-image-688\" srcset=\"https:\/\/fundacionmateo25.com.ar\/wp-content\/uploads\/2026\/03\/WhatsApp-Image-2026-03-15-at-14.29.531-768x1024.jpeg 768w, https:\/\/fundacionmateo25.com.ar\/wp-content\/uploads\/2026\/03\/WhatsApp-Image-2026-03-15-at-14.29.531-225x300.jpeg 225w, https:\/\/fundacionmateo25.com.ar\/wp-content\/uploads\/2026\/03\/WhatsApp-Image-2026-03-15-at-14.29.531-1152x1536.jpeg 1152w, https:\/\/fundacionmateo25.com.ar\/wp-content\/uploads\/2026\/03\/WhatsApp-Image-2026-03-15-at-14.29.531-900x1200.jpeg 900w, https:\/\/fundacionmateo25.com.ar\/wp-content\/uploads\/2026\/03\/WhatsApp-Image-2026-03-15-at-14.29.531-480x640.jpeg 480w, https:\/\/fundacionmateo25.com.ar\/wp-content\/uploads\/2026\/03\/WhatsApp-Image-2026-03-15-at-14.29.531.jpeg 1200w\" sizes=\"(max-width: 768px) 100vw, 768px\" \/><\/figure>\n\n\n\n<figure class=\"wp-block-image size-large\"><img loading=\"lazy\" decoding=\"async\" width=\"768\" height=\"1024\" data-id=\"689\" src=\"https:\/\/fundacionmateo25.com.ar\/wp-content\/uploads\/2026\/03\/WhatsApp-Image-2026-03-15-at-14.29.533-768x1024.jpeg\" alt=\"\" class=\"wp-image-689\" srcset=\"https:\/\/fundacionmateo25.com.ar\/wp-content\/uploads\/2026\/03\/WhatsApp-Image-2026-03-15-at-14.29.533-768x1024.jpeg 768w, https:\/\/fundacionmateo25.com.ar\/wp-content\/uploads\/2026\/03\/WhatsApp-Image-2026-03-15-at-14.29.533-225x300.jpeg 225w, https:\/\/fundacionmateo25.com.ar\/wp-content\/uploads\/2026\/03\/WhatsApp-Image-2026-03-15-at-14.29.533-1152x1536.jpeg 1152w, https:\/\/fundacionmateo25.com.ar\/wp-content\/uploads\/2026\/03\/WhatsApp-Image-2026-03-15-at-14.29.533-900x1200.jpeg 900w, https:\/\/fundacionmateo25.com.ar\/wp-content\/uploads\/2026\/03\/WhatsApp-Image-2026-03-15-at-14.29.533-480x640.jpeg 480w, https:\/\/fundacionmateo25.com.ar\/wp-content\/uploads\/2026\/03\/WhatsApp-Image-2026-03-15-at-14.29.533.jpeg 1200w\" sizes=\"(max-width: 768px) 100vw, 768px\" \/><\/figure>\n\n\n\n<figure class=\"wp-block-image size-large\"><img loading=\"lazy\" decoding=\"async\" width=\"1024\" height=\"684\" data-id=\"699\" src=\"https:\/\/fundacionmateo25.com.ar\/wp-content\/uploads\/2026\/03\/WhatsApp-Image-2026-03-15-at-14.29.04-1024x684.jpeg\" alt=\"\" class=\"wp-image-699\" srcset=\"https:\/\/fundacionmateo25.com.ar\/wp-content\/uploads\/2026\/03\/WhatsApp-Image-2026-03-15-at-14.29.04-1024x684.jpeg 1024w, https:\/\/fundacionmateo25.com.ar\/wp-content\/uploads\/2026\/03\/WhatsApp-Image-2026-03-15-at-14.29.04-300x201.jpeg 300w, https:\/\/fundacionmateo25.com.ar\/wp-content\/uploads\/2026\/03\/WhatsApp-Image-2026-03-15-at-14.29.04-768x513.jpeg 768w, https:\/\/fundacionmateo25.com.ar\/wp-content\/uploads\/2026\/03\/WhatsApp-Image-2026-03-15-at-14.29.04-640x428.jpeg 640w, https:\/\/fundacionmateo25.com.ar\/wp-content\/uploads\/2026\/03\/WhatsApp-Image-2026-03-15-at-14.29.04.jpeg 1496w\" sizes=\"(max-width: 1024px) 100vw, 1024px\" \/><\/figure>\n<\/figure>\n\n\n\n<figure class=\"wp-block-gallery has-nested-images columns-default is-cropped wp-block-gallery-2 is-layout-flex wp-block-gallery-is-layout-flex\">\n<figure class=\"wp-block-image size-large\"><img loading=\"lazy\" decoding=\"async\" width=\"768\" height=\"1024\" data-id=\"691\" src=\"https:\/\/fundacionmateo25.com.ar\/wp-content\/uploads\/2026\/03\/WhatsApp-Image-2026-03-15-at-14.29.54-768x1024.jpeg\" alt=\"\" class=\"wp-image-691\" srcset=\"https:\/\/fundacionmateo25.com.ar\/wp-content\/uploads\/2026\/03\/WhatsApp-Image-2026-03-15-at-14.29.54-768x1024.jpeg 768w, https:\/\/fundacionmateo25.com.ar\/wp-content\/uploads\/2026\/03\/WhatsApp-Image-2026-03-15-at-14.29.54-225x300.jpeg 225w, https:\/\/fundacionmateo25.com.ar\/wp-content\/uploads\/2026\/03\/WhatsApp-Image-2026-03-15-at-14.29.54-1152x1536.jpeg 1152w, https:\/\/fundacionmateo25.com.ar\/wp-content\/uploads\/2026\/03\/WhatsApp-Image-2026-03-15-at-14.29.54-900x1200.jpeg 900w, https:\/\/fundacionmateo25.com.ar\/wp-content\/uploads\/2026\/03\/WhatsApp-Image-2026-03-15-at-14.29.54-480x640.jpeg 480w, https:\/\/fundacionmateo25.com.ar\/wp-content\/uploads\/2026\/03\/WhatsApp-Image-2026-03-15-at-14.29.54.jpeg 1200w\" sizes=\"(max-width: 768px) 100vw, 768px\" \/><\/figure>\n\n\n\n<figure class=\"wp-block-image size-large\"><img loading=\"lazy\" decoding=\"async\" width=\"768\" height=\"1024\" data-id=\"692\" src=\"https:\/\/fundacionmateo25.com.ar\/wp-content\/uploads\/2026\/03\/WhatsApp-Image-2026-03-15-at-14.29.541-768x1024.jpeg\" alt=\"\" class=\"wp-image-692\" srcset=\"https:\/\/fundacionmateo25.com.ar\/wp-content\/uploads\/2026\/03\/WhatsApp-Image-2026-03-15-at-14.29.541-768x1024.jpeg 768w, https:\/\/fundacionmateo25.com.ar\/wp-content\/uploads\/2026\/03\/WhatsApp-Image-2026-03-15-at-14.29.541-225x300.jpeg 225w, https:\/\/fundacionmateo25.com.ar\/wp-content\/uploads\/2026\/03\/WhatsApp-Image-2026-03-15-at-14.29.541-1152x1536.jpeg 1152w, https:\/\/fundacionmateo25.com.ar\/wp-content\/uploads\/2026\/03\/WhatsApp-Image-2026-03-15-at-14.29.541-900x1200.jpeg 900w, https:\/\/fundacionmateo25.com.ar\/wp-content\/uploads\/2026\/03\/WhatsApp-Image-2026-03-15-at-14.29.541-480x640.jpeg 480w, https:\/\/fundacionmateo25.com.ar\/wp-content\/uploads\/2026\/03\/WhatsApp-Image-2026-03-15-at-14.29.541.jpeg 1200w\" sizes=\"(max-width: 768px) 100vw, 768px\" \/><\/figure>\n\n\n\n<figure class=\"wp-block-image size-large\"><img loading=\"lazy\" decoding=\"async\" width=\"768\" height=\"1024\" data-id=\"693\" src=\"https:\/\/fundacionmateo25.com.ar\/wp-content\/uploads\/2026\/03\/WhatsApp-Image-2026-03-15-at-14.29.542-768x1024.jpeg\" alt=\"\" class=\"wp-image-693\" srcset=\"https:\/\/fundacionmateo25.com.ar\/wp-content\/uploads\/2026\/03\/WhatsApp-Image-2026-03-15-at-14.29.542-768x1024.jpeg 768w, https:\/\/fundacionmateo25.com.ar\/wp-content\/uploads\/2026\/03\/WhatsApp-Image-2026-03-15-at-14.29.542-225x300.jpeg 225w, https:\/\/fundacionmateo25.com.ar\/wp-content\/uploads\/2026\/03\/WhatsApp-Image-2026-03-15-at-14.29.542-1152x1536.jpeg 1152w, https:\/\/fundacionmateo25.com.ar\/wp-content\/uploads\/2026\/03\/WhatsApp-Image-2026-03-15-at-14.29.542-900x1200.jpeg 900w, https:\/\/fundacionmateo25.com.ar\/wp-content\/uploads\/2026\/03\/WhatsApp-Image-2026-03-15-at-14.29.542-480x640.jpeg 480w, https:\/\/fundacionmateo25.com.ar\/wp-content\/uploads\/2026\/03\/WhatsApp-Image-2026-03-15-at-14.29.542.jpeg 1200w\" sizes=\"(max-width: 768px) 100vw, 768px\" \/><\/figure>\n\n\n\n<figure class=\"wp-block-image size-large\"><img loading=\"lazy\" decoding=\"async\" width=\"768\" height=\"1024\" data-id=\"694\" src=\"https:\/\/fundacionmateo25.com.ar\/wp-content\/uploads\/2026\/03\/WhatsApp-Image-2026-03-15-at-14.29.543-768x1024.jpeg\" alt=\"\" class=\"wp-image-694\" srcset=\"https:\/\/fundacionmateo25.com.ar\/wp-content\/uploads\/2026\/03\/WhatsApp-Image-2026-03-15-at-14.29.543-768x1024.jpeg 768w, https:\/\/fundacionmateo25.com.ar\/wp-content\/uploads\/2026\/03\/WhatsApp-Image-2026-03-15-at-14.29.543-225x300.jpeg 225w, https:\/\/fundacionmateo25.com.ar\/wp-content\/uploads\/2026\/03\/WhatsApp-Image-2026-03-15-at-14.29.543-1152x1536.jpeg 1152w, https:\/\/fundacionmateo25.com.ar\/wp-content\/uploads\/2026\/03\/WhatsApp-Image-2026-03-15-at-14.29.543-900x1200.jpeg 900w, https:\/\/fundacionmateo25.com.ar\/wp-content\/uploads\/2026\/03\/WhatsApp-Image-2026-03-15-at-14.29.543-480x640.jpeg 480w, https:\/\/fundacionmateo25.com.ar\/wp-content\/uploads\/2026\/03\/WhatsApp-Image-2026-03-15-at-14.29.543.jpeg 1200w\" sizes=\"(max-width: 768px) 100vw, 768px\" \/><\/figure>\n\n\n\n<figure class=\"wp-block-image size-large\"><img loading=\"lazy\" decoding=\"async\" width=\"768\" height=\"1024\" data-id=\"695\" src=\"https:\/\/fundacionmateo25.com.ar\/wp-content\/uploads\/2026\/03\/WhatsApp-Image-2026-03-15-at-14.29.55-768x1024.jpeg\" alt=\"\" class=\"wp-image-695\" srcset=\"https:\/\/fundacionmateo25.com.ar\/wp-content\/uploads\/2026\/03\/WhatsApp-Image-2026-03-15-at-14.29.55-768x1024.jpeg 768w, https:\/\/fundacionmateo25.com.ar\/wp-content\/uploads\/2026\/03\/WhatsApp-Image-2026-03-15-at-14.29.55-225x300.jpeg 225w, https:\/\/fundacionmateo25.com.ar\/wp-content\/uploads\/2026\/03\/WhatsApp-Image-2026-03-15-at-14.29.55-1152x1536.jpeg 1152w, https:\/\/fundacionmateo25.com.ar\/wp-content\/uploads\/2026\/03\/WhatsApp-Image-2026-03-15-at-14.29.55-900x1200.jpeg 900w, https:\/\/fundacionmateo25.com.ar\/wp-content\/uploads\/2026\/03\/WhatsApp-Image-2026-03-15-at-14.29.55-480x640.jpeg 480w, https:\/\/fundacionmateo25.com.ar\/wp-content\/uploads\/2026\/03\/WhatsApp-Image-2026-03-15-at-14.29.55.jpeg 1200w\" sizes=\"(max-width: 768px) 100vw, 768px\" \/><\/figure>\n<\/figure>\n","protected":false},"excerpt":{"rendered":"<p>Esperanza de Vida(Calle 1134 N\u00b0 2392. Ingeniero Allan) Esperanza de Vida es un espacio de perfil comunitario que forma parte de la red de centros para personas con diversidad funcional de la Asociaci\u00f3n Civil PROFACADI. Al mismo concurren&#8230; <a class=\"read-more\" href=\"https:\/\/fundacionmateo25.com.ar\/?page_id=683\">Leer m&aacute;s<\/a><\/p>\n","protected":false},"author":1,"featured_media":44,"parent":0,"menu_order":0,"comment_status":"closed","ping_status":"closed","template":"","meta":{"om_disable_all_campaigns":false,"_monsterinsights_skip_tracking":false,"_monsterinsights_sitenote_active":false,"_monsterinsights_sitenote_note":"","_monsterinsights_sitenote_category":0,"footnotes":""},"class_list":["post-683","page","type-page","status-publish","has-post-thumbnail","hentry","no-comments"],"aioseo_notices":[],"_links":{"self":[{"href":"https:\/\/fundacionmateo25.com.ar\/index.php?rest_route=\/wp\/v2\/pages\/683"}],"collection":[{"href":"https:\/\/fundacionmateo25.com.ar\/index.php?rest_route=\/wp\/v2\/pages"}],"about":[{"href":"https:\/\/fundacionmateo25.com.ar\/index.php?rest_route=\/wp\/v2\/types\/page"}],"author":[{"embeddable":true,"href":"https:\/\/fundacionmateo25.com.ar\/index.php?rest_route=\/wp\/v2\/users\/1"}],"replies":[{"embeddable":true,"href":"https:\/\/fundacionmateo25.com.ar\/index.php?rest_route=%2Fwp%2Fv2%2Fcomments&post=683"}],"version-history":[{"count":3,"href":"https:\/\/fundacionmateo25.com.ar\/index.php?rest_route=\/wp\/v2\/pages\/683\/revisions"}],"predecessor-version":[{"id":714,"href":"https:\/\/fundacionmateo25.com.ar\/index.php?rest_route=\/wp\/v2\/pages\/683\/revisions\/714"}],"wp:featuredmedia":[{"embeddable":true,"href":"https:\/\/fundacionmateo25.com.ar\/index.php?rest_route=\/wp\/v2\/media\/44"}],"wp:attachment":[{"href":"https:\/\/fundacionmateo25.com.ar\/index.php?rest_route=%2Fwp%2Fv2%2Fmedia&parent=683"}],"curies":[{"name":"wp","href":"https:\/\/api.w.org\/{rel}","templated":true}]}}