{"id":738,"date":"2026-03-16T15:13:18","date_gmt":"2026-03-16T18:13:18","guid":{"rendered":"https:\/\/fundacionmateo25.com.ar\/?page_id=738"},"modified":"2026-03-16T15:19:01","modified_gmt":"2026-03-16T18:19:01","slug":"emprendimiento-de-apicultura-3-2-3-3","status":"publish","type":"page","link":"https:\/\/fundacionmateo25.com.ar\/?page_id=738","title":{"rendered":"Instituto de Formaci\u00f3n y Trabajo AG"},"content":{"rendered":"<div class=\"wp-block-image\">\n<figure class=\"aligncenter size-full\"><img loading=\"lazy\" decoding=\"async\" width=\"271\" height=\"247\" src=\"https:\/\/fundacionmateo25.com.ar\/wp-content\/uploads\/2026\/03\/AG.png\" alt=\"\" class=\"wp-image-739\"\/><\/figure><\/div>\n\n\n<p>El Instituto de Formaci\u00f3n y Trabajo AG es una Organizaci\u00f3n Civil sin fines de lucro que se ocupa de mejorar las oportunidades de la comunidad, con m\u00e1s de 30 a\u00f1os de trayectoria trabajando por la promoci\u00f3n humana en Florencio Varela, participamos en el desarrollo local a trav\u00e9s de la promoci\u00f3n y el mejoramiento de las capacidades educativas, laborales, productivas y micro empresariales.<\/p>\n\n\n\n<p>Funcionamos en dos sedes una en el Barrio de 9 de Julio y otra (Casa Margherita) en el barrio de Zeballos.<\/p>\n\n\n\n<p><strong><em>Trabajamos con cuatro proyectos concretos.<\/em><\/strong><\/p>\n\n\n\n<p><em>FORMACI\u00d3N PROFESIONAL:<\/em><\/p>\n\n\n\n<p>Desde el a\u00f1o 1995, con programas de formaci\u00f3n profesional civiles nacionales e internacionales y gubernamentales entre las que se destacan:<\/p>\n\n\n\n<p><strong>Municipalidad de Florencio Varela<\/strong>, en articulaci\u00f3n con la Oficina de Empleo (Cocina B\u00e1sica, Limpieza de Hoteler\u00eda Tur\u00edstica, Curso de Introducci\u00f3n al Trabajo, Curso de Confecci\u00f3n de Calzado)<\/p>\n\n\n\n<p><strong>Enaip<\/strong>, proyecto de cooperaci\u00f3n internacional con Italia, con IPSIA se implementaron diversas acciones con espacios juveniles articulando con diferentes organizaciones para capacitar a j\u00f3venes y adultos en oficios.<\/p>\n\n\n\n<p><strong>Ministerio de Desarrollo Social de la Naci\u00f3n<\/strong>. Programa de Atenci\u00f3n a Grupos Vulnerables (PAGV) en dictado de cursos, armado de tres centros para la tercera edad y comedores para ni\u00f1os, talleres de Formaci\u00f3n dentro del programa del Consejo Nacional de la Mujer.<\/p>\n\n\n\n<p><strong>Ministerio de Trabajo, Empleo y Seguridad Social<\/strong>. Programa Formaci\u00f3n Continua con el dictado de 14 cursos (PC b\u00e1sica, Dise\u00f1o gr\u00e1fico, Reparaci\u00f3n de PC, Autocad, Ayudante de Cocina, Ayudante Pastelero, Instalador El\u00e9ctrico Domiciliario, Herrer\u00eda\/Soldador, Instalaci\u00f3n Gasista Domiciliario, Cerrajer\u00eda Domiciliaria\/automotor, Dise\u00f1o de Indumentaria. Manejo de M\u00e1quina de Coser, Dise\u00f1o de Indumentaria. Molderia, Marroquiner\u00eda en Cuero, Gesti\u00f3n de Emprendimientos, TOL: Trayecto de orientaci\u00f3n laboral.)<\/p>\n\n\n\n<p><strong>Institucionales<\/strong>. En \u00e9poca de pandemia se realizaron Cursos de Pasteler\u00eda, decoraci\u00f3n de tortas, talleres de mesa dulce y cursos de Gesti\u00f3n Empresarial de manera virtual, atendiendo a las necesidades de los emprendedores que debieron optaron por el autoempleo en un contexto tan hostil.<\/p>\n\n\n\n<p><strong>Actualmente continuamos dictando curso de oficios, <\/strong>(Decoraci\u00f3n de tortas. taller de mesa dulce, chocolater\u00eda, .tartas dulces, pascuas, pasteler\u00eda navide\u00f1a; pasteler\u00eda b\u00e1sica, panader\u00eda b\u00e1sica).<\/p>\n\n\n\n<p><em>MICROCREDITO:<\/em><\/p>\n\n\n\n<p>En esta \u00e1rea s\u00e9 trabaja en la capacitaci\u00f3n y apoyo financiero a personas detectadas como l\u00edderes emprendedores en la comunidad. Se trabaja desde el a\u00f1o 2002 con convenios de participaci\u00f3n con diferentes entidades civiles y gubernamentales:<\/p>\n\n\n\n<p><strong>Fundaci\u00f3n GRAMEEN ALDEAS ARGENTINA<\/strong>, se estableci\u00f3 el Banco de los pobres en la zona para fortalecer emprendimientos a personas que poseen las condiciones necesarias para cr\u00e9ditos bancarios.<\/p>\n\n\n\n<p><strong>Fuerza Solidaria<\/strong>, proyecto de inter\u00e9s para brindar herramientas no solo financieras con muy baja tasa de inter\u00e9s, sino tambi\u00e9n asistencia t\u00e9cnica para sus peque\u00f1as empresas.<\/p>\n\n\n\n<p><strong>Ministerio de Desarrollo Social de la Naci\u00f3n, CONAMI, <\/strong>se trabaj\u00f3 con varios convenios para el apoyo y seguimiento de unidades productivas pertenecientes a emprendedores locales con tasa cero y acceso a monotributo social gratuito.<\/p>\n\n\n\n<p><strong>Ministerio de Trabajo, Empleo y Seguridad Social<\/strong>, PROGRAMA DE EMPLEO INDEPENDIENTE (PEI) se realiz\u00f3 capacitaci\u00f3n en Gesti\u00f3n de Emprendimiento, formulaci\u00f3n de proyectos productivos y seguimientos de los mismos a emprendedores beneficiarios de diferentes programas sociales (SCyE, JMyMT, SD, PROMOVER, FP) derivados de la Municipalidades de Florencio Varela, Berazategui, Lan\u00fas, Quilmes.<\/p>\n\n\n\n<p><strong>FONCAP, <\/strong>se concret\u00f3 con dicha instituci\u00f3n cr\u00e9ditos a una tasa accesible para poder brindar a emprendedores de la localidad microcr\u00e9ditos con una tasa que nos permita favorecerlos y poder cumplir con las obligaciones crediticias adquiridas.<\/p>\n\n\n\n<p><strong>Institucionalmente <\/strong>con una l\u00ednea propia de microcr\u00e9ditos con el que se realiz\u00f3 asesoramiento y apoyo financiero a micro-emprendedores para producir, vender y\/o prestar un servicio adecu\u00e1ndonos a las distintas necesidades de inversi\u00f3n de los demandantes, adecuado a situaci\u00f3n financiera.<\/p>\n\n\n\n<p><em>CASA MARGHERITA <\/em><\/p>\n\n\n\n<p>La misma, surge en el a\u00f1o 2005 de la propuesta del Instituto AG de cambiar la donaci\u00f3n de alimentos por parte de un donante particular italiano por un proyecto integral socio-psico-educativo y recreativo, para ni\u00f1os, ni\u00f1as y adolescentes All\u00ed se realiza Apoyo escolar Nivel Primario (Todas las \u00e1reas del primer y segundo ciclo), Apoyo escolar Nivel secundario (Matem\u00e1tica e Ingl\u00e9s), taller de arte, dibujo y pintura, escuela de futbol, Educaci\u00f3n f\u00edsica y deportes, Colonias de vacaciones, con paseos Culturales, campamentos y jornadas con talleres de concientizaci\u00f3n y educaci\u00f3n para los adolescentes.<\/p>\n\n\n\n<p><em>CASA DE LA MUJER <\/em><\/p>\n\n\n\n<p>Funciona con distintos cursos, talleres y charlas de inter\u00e9s general apuntando al bienestar personal de la mujer y su familia. D\u00e1ndole la oportunidad de tener un espacio en el que pueda expresarse, compartir vivencias y capacitarse para una inmediata salida laboral; decoraci\u00f3n de tortas, mu\u00f1ecos country, tejido, cuero, manualidades en goma eva, peluquer\u00eda, manicura, maquillaje, masajes, depilaci\u00f3n, pintura sobre tela y\/o madera, porcelana en fr\u00edo y talleres libres: de diferentes tem\u00e1ticas como: salud, adicciones, familia, violencia, nutrici\u00f3n y micro emprendimientos que se coordinan con el apoyo de profesionales. Casa Margherita y de la Casa de la Mujer son autogestivas, con valores adecuados a la realidad de los participantes. Esta es nuestra forma de sostener las actividades que realizamos de manera institucional para poder seguir con nuestro servicio a la comunidad y poder mejorar e incrementar el alcance de las acciones que realizamos desde el Instituto<\/p>\n\n\n\n<p>Necesidades Actuales sede Zeballos<\/p>\n\n\n\n<ul class=\"wp-block-list\">\n<li>Cerramiento perimetral aprox. 35 mts cuad.<\/li>\n\n\n\n<li>Piso patio techado 36 mts cuad.<\/li>\n\n\n\n<li>Alambrado contenci\u00f3n canchita de futbol.<\/li>\n\n\n\n<li>Piso de goma eva para actividades deportivas y recreativas.<\/li>\n<\/ul>\n\n\n\n<p>Necesidades Actuales sede 9 de Julio.<\/p>\n\n\n\n<ul class=\"wp-block-list\">\n<li>Arreglo techo sala de tecnolog\u00eda.<\/li>\n\n\n\n<li>Ampliaci\u00f3n Aula de gastronom\u00eda.<\/li>\n\n\n\n<li>Reacondicionamiento de ba\u00f1os.<\/li>\n\n\n\n<li>Horno y cocina industrial para cursos.<\/li>\n<\/ul>\n\n\n\n<p>Necesidades Ambas sedes.<\/p>\n\n\n\n<ul class=\"wp-block-list\">\n<li>Financiamiento para cumplir con la contraprestaci\u00f3n de personal voluntario, que actualmente llevan adelante las actividades de ambos espacios de trabajo.<\/li>\n<\/ul>\n\n\n\n<p> Continuaremos buscando recursos para apoyar tan noble causa.<\/p>\n\n\n\n<figure class=\"wp-block-gallery has-nested-images columns-default is-cropped wp-block-gallery-1 is-layout-flex wp-block-gallery-is-layout-flex\">\n<figure class=\"wp-block-image size-large\"><img loading=\"lazy\" decoding=\"async\" width=\"543\" height=\"833\" data-id=\"740\" src=\"https:\/\/fundacionmateo25.com.ar\/wp-content\/uploads\/2026\/03\/1.png\" alt=\"\" class=\"wp-image-740\" srcset=\"https:\/\/fundacionmateo25.com.ar\/wp-content\/uploads\/2026\/03\/1.png 543w, https:\/\/fundacionmateo25.com.ar\/wp-content\/uploads\/2026\/03\/1-196x300.png 196w, https:\/\/fundacionmateo25.com.ar\/wp-content\/uploads\/2026\/03\/1-417x640.png 417w\" sizes=\"(max-width: 543px) 100vw, 543px\" \/><\/figure>\n\n\n\n<figure class=\"wp-block-image size-large\"><img loading=\"lazy\" decoding=\"async\" width=\"784\" height=\"586\" data-id=\"741\" src=\"https:\/\/fundacionmateo25.com.ar\/wp-content\/uploads\/2026\/03\/2.png\" alt=\"\" class=\"wp-image-741\" srcset=\"https:\/\/fundacionmateo25.com.ar\/wp-content\/uploads\/2026\/03\/2.png 784w, https:\/\/fundacionmateo25.com.ar\/wp-content\/uploads\/2026\/03\/2-300x224.png 300w, https:\/\/fundacionmateo25.com.ar\/wp-content\/uploads\/2026\/03\/2-768x574.png 768w, https:\/\/fundacionmateo25.com.ar\/wp-content\/uploads\/2026\/03\/2-640x478.png 640w\" sizes=\"(max-width: 784px) 100vw, 784px\" \/><\/figure>\n\n\n\n<figure class=\"wp-block-image size-large\"><img loading=\"lazy\" decoding=\"async\" width=\"973\" height=\"729\" data-id=\"742\" src=\"https:\/\/fundacionmateo25.com.ar\/wp-content\/uploads\/2026\/03\/3.png\" alt=\"\" class=\"wp-image-742\" srcset=\"https:\/\/fundacionmateo25.com.ar\/wp-content\/uploads\/2026\/03\/3.png 973w, https:\/\/fundacionmateo25.com.ar\/wp-content\/uploads\/2026\/03\/3-300x225.png 300w, https:\/\/fundacionmateo25.com.ar\/wp-content\/uploads\/2026\/03\/3-768x575.png 768w, https:\/\/fundacionmateo25.com.ar\/wp-content\/uploads\/2026\/03\/3-640x480.png 640w\" sizes=\"(max-width: 973px) 100vw, 973px\" \/><\/figure>\n\n\n\n<figure class=\"wp-block-image size-large\"><img loading=\"lazy\" decoding=\"async\" width=\"965\" height=\"723\" data-id=\"743\" src=\"https:\/\/fundacionmateo25.com.ar\/wp-content\/uploads\/2026\/03\/4.png\" alt=\"\" class=\"wp-image-743\" srcset=\"https:\/\/fundacionmateo25.com.ar\/wp-content\/uploads\/2026\/03\/4.png 965w, https:\/\/fundacionmateo25.com.ar\/wp-content\/uploads\/2026\/03\/4-300x225.png 300w, https:\/\/fundacionmateo25.com.ar\/wp-content\/uploads\/2026\/03\/4-768x575.png 768w, https:\/\/fundacionmateo25.com.ar\/wp-content\/uploads\/2026\/03\/4-640x480.png 640w\" sizes=\"(max-width: 965px) 100vw, 965px\" \/><\/figure>\n\n\n\n<figure class=\"wp-block-image size-large\"><img loading=\"lazy\" decoding=\"async\" width=\"676\" height=\"858\" data-id=\"744\" src=\"https:\/\/fundacionmateo25.com.ar\/wp-content\/uploads\/2026\/03\/5.png\" alt=\"\" class=\"wp-image-744\" srcset=\"https:\/\/fundacionmateo25.com.ar\/wp-content\/uploads\/2026\/03\/5.png 676w, https:\/\/fundacionmateo25.com.ar\/wp-content\/uploads\/2026\/03\/5-236x300.png 236w, https:\/\/fundacionmateo25.com.ar\/wp-content\/uploads\/2026\/03\/5-504x640.png 504w\" sizes=\"(max-width: 676px) 100vw, 676px\" \/><\/figure>\n\n\n\n<figure class=\"wp-block-image size-large\"><img loading=\"lazy\" decoding=\"async\" width=\"873\" height=\"532\" data-id=\"745\" src=\"https:\/\/fundacionmateo25.com.ar\/wp-content\/uploads\/2026\/03\/6.png\" alt=\"\" class=\"wp-image-745\" srcset=\"https:\/\/fundacionmateo25.com.ar\/wp-content\/uploads\/2026\/03\/6.png 873w, https:\/\/fundacionmateo25.com.ar\/wp-content\/uploads\/2026\/03\/6-300x183.png 300w, https:\/\/fundacionmateo25.com.ar\/wp-content\/uploads\/2026\/03\/6-768x468.png 768w, https:\/\/fundacionmateo25.com.ar\/wp-content\/uploads\/2026\/03\/6-640x390.png 640w\" sizes=\"(max-width: 873px) 100vw, 873px\" \/><\/figure>\n\n\n\n<figure class=\"wp-block-image size-large\"><img loading=\"lazy\" decoding=\"async\" width=\"699\" height=\"636\" data-id=\"746\" src=\"https:\/\/fundacionmateo25.com.ar\/wp-content\/uploads\/2026\/03\/7.png\" alt=\"\" class=\"wp-image-746\" srcset=\"https:\/\/fundacionmateo25.com.ar\/wp-content\/uploads\/2026\/03\/7.png 699w, https:\/\/fundacionmateo25.com.ar\/wp-content\/uploads\/2026\/03\/7-300x273.png 300w, https:\/\/fundacionmateo25.com.ar\/wp-content\/uploads\/2026\/03\/7-640x582.png 640w\" sizes=\"(max-width: 699px) 100vw, 699px\" \/><\/figure>\n\n\n\n<figure class=\"wp-block-image size-large\"><img loading=\"lazy\" decoding=\"async\" width=\"967\" height=\"592\" data-id=\"747\" src=\"https:\/\/fundacionmateo25.com.ar\/wp-content\/uploads\/2026\/03\/8.png\" alt=\"\" class=\"wp-image-747\" srcset=\"https:\/\/fundacionmateo25.com.ar\/wp-content\/uploads\/2026\/03\/8.png 967w, https:\/\/fundacionmateo25.com.ar\/wp-content\/uploads\/2026\/03\/8-300x184.png 300w, https:\/\/fundacionmateo25.com.ar\/wp-content\/uploads\/2026\/03\/8-768x470.png 768w, https:\/\/fundacionmateo25.com.ar\/wp-content\/uploads\/2026\/03\/8-640x392.png 640w\" sizes=\"(max-width: 967px) 100vw, 967px\" \/><\/figure>\n\n\n\n<figure class=\"wp-block-image size-large\"><img loading=\"lazy\" decoding=\"async\" width=\"707\" height=\"809\" data-id=\"748\" src=\"https:\/\/fundacionmateo25.com.ar\/wp-content\/uploads\/2026\/03\/9.png\" alt=\"\" class=\"wp-image-748\" srcset=\"https:\/\/fundacionmateo25.com.ar\/wp-content\/uploads\/2026\/03\/9.png 707w, https:\/\/fundacionmateo25.com.ar\/wp-content\/uploads\/2026\/03\/9-262x300.png 262w, https:\/\/fundacionmateo25.com.ar\/wp-content\/uploads\/2026\/03\/9-559x640.png 559w\" sizes=\"(max-width: 707px) 100vw, 707px\" \/><\/figure>\n\n\n\n<figure class=\"wp-block-image size-large\"><img loading=\"lazy\" decoding=\"async\" width=\"797\" height=\"786\" data-id=\"749\" src=\"https:\/\/fundacionmateo25.com.ar\/wp-content\/uploads\/2026\/03\/10.png\" alt=\"\" class=\"wp-image-749\" srcset=\"https:\/\/fundacionmateo25.com.ar\/wp-content\/uploads\/2026\/03\/10.png 797w, https:\/\/fundacionmateo25.com.ar\/wp-content\/uploads\/2026\/03\/10-300x296.png 300w, https:\/\/fundacionmateo25.com.ar\/wp-content\/uploads\/2026\/03\/10-768x757.png 768w, https:\/\/fundacionmateo25.com.ar\/wp-content\/uploads\/2026\/03\/10-640x631.png 640w\" sizes=\"(max-width: 797px) 100vw, 797px\" \/><\/figure>\n\n\n\n<figure class=\"wp-block-image size-large\"><img loading=\"lazy\" decoding=\"async\" width=\"1003\" height=\"637\" data-id=\"750\" src=\"https:\/\/fundacionmateo25.com.ar\/wp-content\/uploads\/2026\/03\/11.png\" alt=\"\" class=\"wp-image-750\" srcset=\"https:\/\/fundacionmateo25.com.ar\/wp-content\/uploads\/2026\/03\/11.png 1003w, https:\/\/fundacionmateo25.com.ar\/wp-content\/uploads\/2026\/03\/11-300x191.png 300w, https:\/\/fundacionmateo25.com.ar\/wp-content\/uploads\/2026\/03\/11-768x488.png 768w, https:\/\/fundacionmateo25.com.ar\/wp-content\/uploads\/2026\/03\/11-640x406.png 640w\" sizes=\"(max-width: 1003px) 100vw, 1003px\" \/><\/figure>\n\n\n\n<figure class=\"wp-block-image size-large\"><img loading=\"lazy\" decoding=\"async\" width=\"959\" height=\"698\" data-id=\"751\" src=\"https:\/\/fundacionmateo25.com.ar\/wp-content\/uploads\/2026\/03\/12.png\" alt=\"\" class=\"wp-image-751\" srcset=\"https:\/\/fundacionmateo25.com.ar\/wp-content\/uploads\/2026\/03\/12.png 959w, https:\/\/fundacionmateo25.com.ar\/wp-content\/uploads\/2026\/03\/12-300x218.png 300w, https:\/\/fundacionmateo25.com.ar\/wp-content\/uploads\/2026\/03\/12-768x559.png 768w, https:\/\/fundacionmateo25.com.ar\/wp-content\/uploads\/2026\/03\/12-640x466.png 640w\" sizes=\"(max-width: 959px) 100vw, 959px\" \/><\/figure>\n\n\n\n<figure class=\"wp-block-image size-large\"><img loading=\"lazy\" decoding=\"async\" width=\"843\" height=\"793\" data-id=\"752\" src=\"https:\/\/fundacionmateo25.com.ar\/wp-content\/uploads\/2026\/03\/13.png\" alt=\"\" class=\"wp-image-752\" srcset=\"https:\/\/fundacionmateo25.com.ar\/wp-content\/uploads\/2026\/03\/13.png 843w, https:\/\/fundacionmateo25.com.ar\/wp-content\/uploads\/2026\/03\/13-300x282.png 300w, https:\/\/fundacionmateo25.com.ar\/wp-content\/uploads\/2026\/03\/13-768x722.png 768w, https:\/\/fundacionmateo25.com.ar\/wp-content\/uploads\/2026\/03\/13-640x602.png 640w\" sizes=\"(max-width: 843px) 100vw, 843px\" \/><\/figure>\n<\/figure>\n","protected":false},"excerpt":{"rendered":"<p>El Instituto de Formaci\u00f3n y Trabajo AG es una Organizaci\u00f3n Civil sin fines de lucro que se ocupa de mejorar las oportunidades de la comunidad, con m\u00e1s de 30 a\u00f1os de trayectoria trabajando por la promoci\u00f3n humana en&#8230; <a class=\"read-more\" href=\"https:\/\/fundacionmateo25.com.ar\/?page_id=738\">Leer m&aacute;s<\/a><\/p>\n","protected":false},"author":1,"featured_media":44,"parent":0,"menu_order":0,"comment_status":"closed","ping_status":"closed","template":"","meta":{"om_disable_all_campaigns":false,"_monsterinsights_skip_tracking":false,"_monsterinsights_sitenote_active":false,"_monsterinsights_sitenote_note":"","_monsterinsights_sitenote_category":0,"footnotes":""},"class_list":["post-738","page","type-page","status-publish","has-post-thumbnail","hentry","no-comments"],"aioseo_notices":[],"_links":{"self":[{"href":"https:\/\/fundacionmateo25.com.ar\/index.php?rest_route=\/wp\/v2\/pages\/738"}],"collection":[{"href":"https:\/\/fundacionmateo25.com.ar\/index.php?rest_route=\/wp\/v2\/pages"}],"about":[{"href":"https:\/\/fundacionmateo25.com.ar\/index.php?rest_route=\/wp\/v2\/types\/page"}],"author":[{"embeddable":true,"href":"https:\/\/fundacionmateo25.com.ar\/index.php?rest_route=\/wp\/v2\/users\/1"}],"replies":[{"embeddable":true,"href":"https:\/\/fundacionmateo25.com.ar\/index.php?rest_route=%2Fwp%2Fv2%2Fcomments&post=738"}],"version-history":[{"count":1,"href":"https:\/\/fundacionmateo25.com.ar\/index.php?rest_route=\/wp\/v2\/pages\/738\/revisions"}],"predecessor-version":[{"id":753,"href":"https:\/\/fundacionmateo25.com.ar\/index.php?rest_route=\/wp\/v2\/pages\/738\/revisions\/753"}],"wp:featuredmedia":[{"embeddable":true,"href":"https:\/\/fundacionmateo25.com.ar\/index.php?rest_route=\/wp\/v2\/media\/44"}],"wp:attachment":[{"href":"https:\/\/fundacionmateo25.com.ar\/index.php?rest_route=%2Fwp%2Fv2%2Fmedia&parent=738"}],"curies":[{"name":"wp","href":"https:\/\/api.w.org\/{rel}","templated":true}]}}