{"id":88,"date":"2023-11-24T21:14:41","date_gmt":"2023-11-25T00:14:41","guid":{"rendered":"https:\/\/fundacionmateo25.com.ar\/?page_id=88"},"modified":"2024-04-03T09:45:31","modified_gmt":"2024-04-03T12:45:31","slug":"emprendimiento-de-apicultura-2","status":"publish","type":"page","link":"https:\/\/fundacionmateo25.com.ar\/?page_id=88","title":{"rendered":"PRESENTAMOS EL MICROCINE \u201cCHETO CHETO\u201d"},"content":{"rendered":"\n<div class=\"wp-block-columns is-layout-flex wp-container-core-columns-is-layout-1 wp-block-columns-is-layout-flex\">\n<div class=\"wp-block-column is-layout-flow wp-block-column-is-layout-flow\">\n<figure class=\"wp-block-gallery has-nested-images columns-default is-cropped wp-block-gallery-1 is-layout-flex wp-block-gallery-is-layout-flex\">\n<figure class=\"wp-block-image size-large\"><img loading=\"lazy\" decoding=\"async\" width=\"788\" height=\"1024\" src=\"https:\/\/fundacionmateo25.com.ar\/wp-content\/uploads\/2023\/11\/WhatsApp-Image-2023-11-16-at-18.19.43-1-788x1024.jpeg\" alt=\"\" class=\"wp-image-91\" srcset=\"https:\/\/fundacionmateo25.com.ar\/wp-content\/uploads\/2023\/11\/WhatsApp-Image-2023-11-16-at-18.19.43-1-788x1024.jpeg 788w, https:\/\/fundacionmateo25.com.ar\/wp-content\/uploads\/2023\/11\/WhatsApp-Image-2023-11-16-at-18.19.43-1-231x300.jpeg 231w, https:\/\/fundacionmateo25.com.ar\/wp-content\/uploads\/2023\/11\/WhatsApp-Image-2023-11-16-at-18.19.43-1-768x998.jpeg 768w, https:\/\/fundacionmateo25.com.ar\/wp-content\/uploads\/2023\/11\/WhatsApp-Image-2023-11-16-at-18.19.43-1-923x1200.jpeg 923w, https:\/\/fundacionmateo25.com.ar\/wp-content\/uploads\/2023\/11\/WhatsApp-Image-2023-11-16-at-18.19.43-1-493x640.jpeg 493w, https:\/\/fundacionmateo25.com.ar\/wp-content\/uploads\/2023\/11\/WhatsApp-Image-2023-11-16-at-18.19.43-1.jpeg 985w\" sizes=\"(max-width: 788px) 100vw, 788px\" \/><\/figure>\n\n\n\n<figure class=\"wp-block-image size-large\"><img loading=\"lazy\" decoding=\"async\" width=\"1024\" height=\"719\" src=\"https:\/\/fundacionmateo25.com.ar\/wp-content\/uploads\/2023\/11\/WhatsApp-Image-2023-11-16-at-18.24.16-1024x719.jpeg\" alt=\"\" class=\"wp-image-92\" srcset=\"https:\/\/fundacionmateo25.com.ar\/wp-content\/uploads\/2023\/11\/WhatsApp-Image-2023-11-16-at-18.24.16-1024x719.jpeg 1024w, https:\/\/fundacionmateo25.com.ar\/wp-content\/uploads\/2023\/11\/WhatsApp-Image-2023-11-16-at-18.24.16-300x211.jpeg 300w, https:\/\/fundacionmateo25.com.ar\/wp-content\/uploads\/2023\/11\/WhatsApp-Image-2023-11-16-at-18.24.16-768x540.jpeg 768w, https:\/\/fundacionmateo25.com.ar\/wp-content\/uploads\/2023\/11\/WhatsApp-Image-2023-11-16-at-18.24.16-1536x1079.jpeg 1536w, https:\/\/fundacionmateo25.com.ar\/wp-content\/uploads\/2023\/11\/WhatsApp-Image-2023-11-16-at-18.24.16-640x450.jpeg 640w, https:\/\/fundacionmateo25.com.ar\/wp-content\/uploads\/2023\/11\/WhatsApp-Image-2023-11-16-at-18.24.16.jpeg 1600w\" sizes=\"(max-width: 1024px) 100vw, 1024px\" \/><\/figure>\n\n\n\n<figure class=\"wp-block-image size-large\"><img loading=\"lazy\" decoding=\"async\" width=\"1024\" height=\"576\" src=\"https:\/\/fundacionmateo25.com.ar\/wp-content\/uploads\/2023\/11\/WhatsApp-Image-2023-11-17-at-08.53.55-1024x576.jpeg\" alt=\"\" class=\"wp-image-93\" srcset=\"https:\/\/fundacionmateo25.com.ar\/wp-content\/uploads\/2023\/11\/WhatsApp-Image-2023-11-17-at-08.53.55-1024x576.jpeg 1024w, https:\/\/fundacionmateo25.com.ar\/wp-content\/uploads\/2023\/11\/WhatsApp-Image-2023-11-17-at-08.53.55-300x169.jpeg 300w, https:\/\/fundacionmateo25.com.ar\/wp-content\/uploads\/2023\/11\/WhatsApp-Image-2023-11-17-at-08.53.55-768x432.jpeg 768w, https:\/\/fundacionmateo25.com.ar\/wp-content\/uploads\/2023\/11\/WhatsApp-Image-2023-11-17-at-08.53.55-1536x864.jpeg 1536w, https:\/\/fundacionmateo25.com.ar\/wp-content\/uploads\/2023\/11\/WhatsApp-Image-2023-11-17-at-08.53.55-640x360.jpeg 640w, https:\/\/fundacionmateo25.com.ar\/wp-content\/uploads\/2023\/11\/WhatsApp-Image-2023-11-17-at-08.53.55.jpeg 1600w\" sizes=\"(max-width: 1024px) 100vw, 1024px\" \/><\/figure>\n<\/figure>\n<\/div>\n<\/div>\n\n\n\n<p>En el Instituto Cerrado &#8220;Ar\u00e1oz Alfaro&#8221; de La Plata<\/p>\n\n\n\n<p>Con el respaldo de la Fundaci\u00f3n Mateo 25, el Instituto Nacional de Cine y Artes Audiovisuales (INCAA) y la colaboraci\u00f3n entusiasta de los trabajadores y directivos del Instituto, este espacio audiovisual toma vida<\/p>\n\n\n\n<p>Nombrado en honor al documental &#8220;Cheto Cheto&#8221;, creado y estrenado en este mismo lugar, el cine es un faro para la creatividad de los j\u00f3venes adolescentes. Desde hace a\u00f1os, el instituto ha albergado un taller de cine experimental, donde los estudiantes exploran el s\u00e9ptimo arte y dan rienda suelta a su creatividad a trav\u00e9s de cortometrajes.<\/p>\n\n\n\n<p>La creaci\u00f3n de esta sala de cine no solo busca ofrecer a los j\u00f3venes privado de su libertad la oportunidad de disfrutar de diversas propuestas audiovisuales, incluyendo las producciones del taller, sino tambi\u00e9n fomentar el di\u00e1logo y la discusi\u00f3n en torno a cada propuesta presentada.<\/p>\n\n\n\n<p>Este espacio busca establecer conexiones con otros institutos, propiciando intercambios de propuestas y experiencias entre j\u00f3venes de distintos lugares.<\/p>\n\n\n\n<p>Adem\u00e1s, el Microcine se erige como un escenario para el cine nacional. Invitaremos a actores, productores y directores a compartir sus obras de manera independiente y a participar en charlas donde se pueda escuchar, opinar, preguntar y aprender.<\/p>\n\n\n\n<p>Este espacio cinematogr\u00e1fico no solo proyecta pel\u00edculas, sino que tambi\u00e9n refleja la realidad de j\u00f3venes en situaciones complejas y da luz a realidades, a menudo, eclipsadas. El taller de cine no solo es un escape creativo, sino un reflejo aut\u00e9ntico de sus voces y experiencias. Es importante destacar que los mismos j\u00f3venes son los que escriben los guiones, y ellos mismos son los actores.<\/p>\n\n\n\n<figure class=\"wp-block-gallery has-nested-images columns-default is-cropped wp-block-gallery-2 is-layout-flex wp-block-gallery-is-layout-flex\">\n<figure class=\"wp-block-image size-large\"><img loading=\"lazy\" decoding=\"async\" width=\"788\" height=\"1024\" data-id=\"95\" src=\"https:\/\/fundacionmateo25.com.ar\/wp-content\/uploads\/2023\/11\/WhatsApp-Image-2023-11-16-at-18.19.43-2-788x1024.jpeg\" alt=\"\" class=\"wp-image-95\" srcset=\"https:\/\/fundacionmateo25.com.ar\/wp-content\/uploads\/2023\/11\/WhatsApp-Image-2023-11-16-at-18.19.43-2-788x1024.jpeg 788w, https:\/\/fundacionmateo25.com.ar\/wp-content\/uploads\/2023\/11\/WhatsApp-Image-2023-11-16-at-18.19.43-2-231x300.jpeg 231w, https:\/\/fundacionmateo25.com.ar\/wp-content\/uploads\/2023\/11\/WhatsApp-Image-2023-11-16-at-18.19.43-2-768x998.jpeg 768w, https:\/\/fundacionmateo25.com.ar\/wp-content\/uploads\/2023\/11\/WhatsApp-Image-2023-11-16-at-18.19.43-2-923x1200.jpeg 923w, https:\/\/fundacionmateo25.com.ar\/wp-content\/uploads\/2023\/11\/WhatsApp-Image-2023-11-16-at-18.19.43-2-493x640.jpeg 493w, https:\/\/fundacionmateo25.com.ar\/wp-content\/uploads\/2023\/11\/WhatsApp-Image-2023-11-16-at-18.19.43-2.jpeg 985w\" sizes=\"(max-width: 788px) 100vw, 788px\" \/><\/figure>\n\n\n\n<figure class=\"wp-block-image size-large\"><img loading=\"lazy\" decoding=\"async\" width=\"576\" height=\"1024\" data-id=\"98\" src=\"http:\/\/fundacionmateo25.com.ar\/wp-content\/uploads\/2023\/11\/WhatsApp-Image-2023-11-17-at-08.54.14-576x1024.jpeg\" alt=\"\" class=\"wp-image-98\" srcset=\"https:\/\/fundacionmateo25.com.ar\/wp-content\/uploads\/2023\/11\/WhatsApp-Image-2023-11-17-at-08.54.14-576x1024.jpeg 576w, https:\/\/fundacionmateo25.com.ar\/wp-content\/uploads\/2023\/11\/WhatsApp-Image-2023-11-17-at-08.54.14-169x300.jpeg 169w, https:\/\/fundacionmateo25.com.ar\/wp-content\/uploads\/2023\/11\/WhatsApp-Image-2023-11-17-at-08.54.14-768x1365.jpeg 768w, https:\/\/fundacionmateo25.com.ar\/wp-content\/uploads\/2023\/11\/WhatsApp-Image-2023-11-17-at-08.54.14-864x1536.jpeg 864w, https:\/\/fundacionmateo25.com.ar\/wp-content\/uploads\/2023\/11\/WhatsApp-Image-2023-11-17-at-08.54.14-675x1200.jpeg 675w, https:\/\/fundacionmateo25.com.ar\/wp-content\/uploads\/2023\/11\/WhatsApp-Image-2023-11-17-at-08.54.14-360x640.jpeg 360w, https:\/\/fundacionmateo25.com.ar\/wp-content\/uploads\/2023\/11\/WhatsApp-Image-2023-11-17-at-08.54.14.jpeg 900w\" sizes=\"(max-width: 576px) 100vw, 576px\" \/><\/figure>\n\n\n\n<figure class=\"wp-block-image size-large\"><img loading=\"lazy\" decoding=\"async\" width=\"1024\" height=\"576\" data-id=\"97\" src=\"https:\/\/fundacionmateo25.com.ar\/wp-content\/uploads\/2023\/11\/WhatsApp-Image-2023-11-17-at-08.53.55-1-1024x576.jpeg\" alt=\"\" class=\"wp-image-97\" srcset=\"https:\/\/fundacionmateo25.com.ar\/wp-content\/uploads\/2023\/11\/WhatsApp-Image-2023-11-17-at-08.53.55-1-1024x576.jpeg 1024w, https:\/\/fundacionmateo25.com.ar\/wp-content\/uploads\/2023\/11\/WhatsApp-Image-2023-11-17-at-08.53.55-1-300x169.jpeg 300w, https:\/\/fundacionmateo25.com.ar\/wp-content\/uploads\/2023\/11\/WhatsApp-Image-2023-11-17-at-08.53.55-1-768x432.jpeg 768w, https:\/\/fundacionmateo25.com.ar\/wp-content\/uploads\/2023\/11\/WhatsApp-Image-2023-11-17-at-08.53.55-1-1536x864.jpeg 1536w, https:\/\/fundacionmateo25.com.ar\/wp-content\/uploads\/2023\/11\/WhatsApp-Image-2023-11-17-at-08.53.55-1-640x360.jpeg 640w, https:\/\/fundacionmateo25.com.ar\/wp-content\/uploads\/2023\/11\/WhatsApp-Image-2023-11-17-at-08.53.55-1.jpeg 1600w\" sizes=\"(max-width: 1024px) 100vw, 1024px\" \/><\/figure>\n<\/figure>\n\n\n\n<p><strong>A CARGO DEL PROGRAMA<\/strong><\/p>\n\n\n\n<figure class=\"wp-block-image size-full is-resized is-style-default\"><img loading=\"lazy\" decoding=\"async\" width=\"459\" height=\"459\" src=\"https:\/\/fundacionmateo25.com.ar\/wp-content\/uploads\/2024\/04\/Fabio.jpg\" alt=\"\" class=\"wp-image-397\" style=\"width:211px;height:auto\" srcset=\"https:\/\/fundacionmateo25.com.ar\/wp-content\/uploads\/2024\/04\/Fabio.jpg 459w, https:\/\/fundacionmateo25.com.ar\/wp-content\/uploads\/2024\/04\/Fabio-300x300.jpg 300w, https:\/\/fundacionmateo25.com.ar\/wp-content\/uploads\/2024\/04\/Fabio-150x150.jpg 150w\" sizes=\"(max-width: 459px) 100vw, 459px\" \/><\/figure>\n\n\n\n<p><strong>FABIO MARCELO ZURITA<\/strong><br><a href=\"mailto:colombiaba@hotmail.com\">colombiaba@hotmail.com<\/a><br>cel 1165269043<\/p>\n\n\n\n<p>Cursos: Fotograf\u00eda b&amp;n, Teatro, Escenograf\u00eda, Clown, Buf\u00f3n, Realizaci\u00f3n Audiovisual<\/p>\n\n\n\n<p>Cinco libros publicados: Colombia; El Pollo; \u00bfD\u00f3nde est\u00e1 el polaco?; Gallito mi buen amigo; El Loco Komare y otras historias.<\/p>\n\n\n\n<p>2000\/2011 Creador del festival inter. de cine de tem\u00e1tica sexual (once a\u00f1os consecutivos) Articulando con la salud y educaci\u00f3n sexual: CABA, Provincia de Bs As, La Rioja, Neuqu\u00e9n, C\u00f3rdoba y Salta. Invitado a festivales inter. y al congreso sobre sexualidad en ni\u00f1ez y adolescencia en La Habana, Cuba.<\/p>\n\n\n\n<p>2010 -Presidente del 32 festival UNCIPAR de cine y video independiente Villa Gesell \u2013<\/p>\n\n\n\n<p>2012 Jurado del primer Festival de cine de cortos realizado por personas con capacidades diferentes<\/p>\n\n\n\n<p>2015 Tutor de Unitarios en Fomento de Contenidos Audiovisuales Digitales: El INCAA y el Ministerio de Planificaci\u00f3n Federal en La Pampa y Tierra del Fuego. \u2013<\/p>\n\n\n\n<p>2017 Organizador del 1\u00b0 primera muestra de cine iran\u00ed independiente, junto con el festival AMMARFILM de Teher\u00e1n, en el cine Gaumont y UNLaR (universidad nacional de La Rioja)<\/p>\n\n\n\n<p><strong>CINE Cortometrajes:<\/strong> \u00a0<\/p>\n\n\n\n<p>1988- En s\u00faper 8, \u201cLos marcianos tienen hambre\u201d (ficci\u00f3n)<\/p>\n\n\n\n<p>1992 -En VHS 1992 \u201cBicho rato\u201d Documentales: (ficci\u00f3n)<\/p>\n\n\n\n<p>1990 -Open Door (en el hospital psiqui\u00e1trico Dr. Cabred) (DOC)<\/p>\n\n\n\n<p>1992 \u2013 \u201cPato criollo\u201d documental violencia en el f\u00fatbol; entre la represi\u00f3n y los barras. Seleccionado en festivales nacionales e internacionales de cine (DOC)<\/p>\n\n\n\n<p>1999 -Los Zapatitos de Romina (Trilog\u00eda sobre sexualidad)<\/p>\n\n\n\n<p>2023- cortometraje Paso a Paso, las peregrinaciones a Luj\u00e1n Argentina y Karbala en Irak<\/p>\n\n\n\n<p><strong>CINE Largometrajes:<\/strong><\/p>\n\n\n\n<p>2010 Asistente de direcci\u00f3n del largometraje 96 minutos, 35 mm \u201cOrillas\u201d de Pablo Cesar \u2013<\/p>\n\n\n\n<p>2013 \u2013 Director de Casting largometraje \u201cLos Dioses del agua\u201d Pablo Cesar, 35 mm. Cop. con Angola. \u2013<\/p>\n\n\n\n<p>2015 \u2013 Guionista, director y Productor \u201c<strong>El Piru, un franciscano-capuchino a contrapelo<\/strong>\u201d sobre la vida de Fray Antonio Puigjan\u00e9.<\/p>\n\n\n\n<p>2016 &#8211; Guionista, Director y Productor Serie documental federal de 8 ocho cap\u00edtulos \u201c<strong>La lucha contin\u00faa<\/strong>\u201d<\/p>\n\n\n\n<p>2016 \u2013 Jefe de producci\u00f3n \u201cPensando en \u00e9l\u201d 35 mm coproducci\u00f3n R. de la India, director: Pablo Cesar. <\/p>\n\n\n\n<p>2017- Jefe de locaciones \u201cEl llamado del desierto\u201d 35 mm coproducci\u00f3n Marrueco. Dir: Pablo Cesar \u2013<\/p>\n\n\n\n<p>2019 &#8211; Guionista, Director y productor Doc digital \u201c<strong>CHETO, CHETO<\/strong>\u201d estreno en TV p\u00fablica, cine.ar tv, selecci\u00f3n oficial festival Construir Cine y SUMA PAZ en Colombia \u2013<\/p>\n\n\n\n<p>2021 &#8211; Guionista y productor \u201cLos que no quieren ver\u201d Dir. Graciela De Luca \u201cPREMIO al mejor gui\u00f3n ARGENTORES, festival de cine del fin del mundo\u201d<\/p>\n\n\n\n<p>2023 &#8211; Productor Ejecutivo, \u201cDespu\u00e9s del final\u201d 16 mm Dir Pablo Cesar<\/p>\n\n\n\n<p>2023 &#8211; Director, Guionista y productor \u201c<strong>Yo film\u00e9 a Osvaldo Bayer<\/strong>\u201d Selecci\u00f3n oficial a la muestra festival Bafici 2024<\/p>\n","protected":false},"excerpt":{"rendered":"<p>En el Instituto Cerrado &#8220;Ar\u00e1oz Alfaro&#8221; de La Plata Con el respaldo de la Fundaci\u00f3n Mateo 25, el Instituto Nacional de Cine y Artes Audiovisuales (INCAA) y la colaboraci\u00f3n entusiasta de los trabajadores y directivos del Instituto, este&#8230; <a class=\"read-more\" href=\"https:\/\/fundacionmateo25.com.ar\/?page_id=88\">Leer m&aacute;s<\/a><\/p>\n","protected":false},"author":1,"featured_media":95,"parent":0,"menu_order":0,"comment_status":"closed","ping_status":"closed","template":"","meta":{"om_disable_all_campaigns":false,"_monsterinsights_skip_tracking":false,"_monsterinsights_sitenote_active":false,"_monsterinsights_sitenote_note":"","_monsterinsights_sitenote_category":0,"footnotes":""},"class_list":["post-88","page","type-page","status-publish","has-post-thumbnail","hentry","no-comments"],"aioseo_notices":[],"_links":{"self":[{"href":"https:\/\/fundacionmateo25.com.ar\/index.php?rest_route=\/wp\/v2\/pages\/88"}],"collection":[{"href":"https:\/\/fundacionmateo25.com.ar\/index.php?rest_route=\/wp\/v2\/pages"}],"about":[{"href":"https:\/\/fundacionmateo25.com.ar\/index.php?rest_route=\/wp\/v2\/types\/page"}],"author":[{"embeddable":true,"href":"https:\/\/fundacionmateo25.com.ar\/index.php?rest_route=\/wp\/v2\/users\/1"}],"replies":[{"embeddable":true,"href":"https:\/\/fundacionmateo25.com.ar\/index.php?rest_route=%2Fwp%2Fv2%2Fcomments&post=88"}],"version-history":[{"count":8,"href":"https:\/\/fundacionmateo25.com.ar\/index.php?rest_route=\/wp\/v2\/pages\/88\/revisions"}],"predecessor-version":[{"id":406,"href":"https:\/\/fundacionmateo25.com.ar\/index.php?rest_route=\/wp\/v2\/pages\/88\/revisions\/406"}],"wp:featuredmedia":[{"embeddable":true,"href":"https:\/\/fundacionmateo25.com.ar\/index.php?rest_route=\/wp\/v2\/media\/95"}],"wp:attachment":[{"href":"https:\/\/fundacionmateo25.com.ar\/index.php?rest_route=%2Fwp%2Fv2%2Fmedia&parent=88"}],"curies":[{"name":"wp","href":"https:\/\/api.w.org\/{rel}","templated":true}]}}